{"id":103,"date":"2016-03-19T23:16:26","date_gmt":"2016-03-19T22:16:26","guid":{"rendered":"http:\/\/www.vyrhelle.com\/over-a-single-tango\/?page_id=103"},"modified":"2025-11-10T18:18:39","modified_gmt":"2025-11-10T17:18:39","slug":"objets","status":"publish","type":"page","link":"https:\/\/www.vyrhelle.com\/arcea\/bonus\/objets\/","title":{"rendered":"LES OBJETS-CL\u00c9S"},"content":{"rendered":"<h4 style=\"text-align: center;\"><strong>Les Trois Artefacts<\/strong> :<\/h4>\n\n\n<div class=\"wp-block-columns is-layout-flex wp-container-core-columns-is-layout-9d6595d7 wp-block-columns-is-layout-flex\">\n<div class=\"wp-block-column is-layout-flow wp-block-column-is-layout-flow\"><\/div>\n\n\n\n<div class=\"wp-block-column is-layout-flow wp-block-column-is-layout-flow\">\n<h4 style=\"text-align: center;\"><a href=\"#athame\"><strong>\u2022 L&rsquo;Atham\u00e9<\/strong><\/a><\/h4>\n<\/div>\n\n\n\n<div class=\"wp-block-column is-layout-flow wp-block-column-is-layout-flow\">\n<h4 style=\"text-align: center;\"><a href=\"#bouclier\"><strong>\u2022 Le Bouclier<\/strong><\/a><\/h4>\n<\/div>\n\n\n\n<div class=\"wp-block-column is-layout-flow wp-block-column-is-layout-flow\">\n<h4 style=\"text-align: center;\"><a href=\"#coupe\"><strong>\u2022 La Coupe<\/strong><\/a><\/h4>\n<\/div>\n\n\n\n<div class=\"wp-block-column is-layout-flow wp-block-column-is-layout-flow\"><\/div>\n<\/div>\n\n\n<h4 style=\"text-align: center;\"><strong>Autres objets importants<\/strong>\u00a0:<\/h4>\n<h4 style=\"text-align: left; padding-left: 240px;\"><a href=\"#anneaux\"><strong>\u2022 Les Anneaux de J\u00f6llwin<\/strong><\/a><br \/><a href=\"#diademe\"><strong>\u2022 Le Diad\u00e8me des Zora<\/strong><\/a><br \/><a href=\"#chroniques\"><strong>\u2022 Les Chroniques de la Grande Guerre<\/strong><\/a><\/h4>\n\n<div class=\"wp-block-image\">\n<figure class=\"aligncenter size-large is-resized\"><img data-recalc-dims=\"1\" loading=\"lazy\" decoding=\"async\" width=\"50\" height=\"52\" src=\"https:\/\/i0.wp.com\/www.vyrhelle.com\/arcea\/wp-content\/uploads\/2020\/03\/celtic_knot_titre.png?resize=50%2C52&#038;ssl=1\" alt=\"\" class=\"wp-image-310\" style=\"width:50px;height:auto\"\/><\/figure>\n<\/div>\n\n\n<div style=\"height:24px\" aria-hidden=\"true\" class=\"wp-block-spacer\"><\/div>\n\n\n<div class=\"wp-block-image\">\n<figure class=\"aligncenter size-large is-resized\"><img data-recalc-dims=\"1\" loading=\"lazy\" decoding=\"async\" width=\"200\" height=\"250\" src=\"https:\/\/i0.wp.com\/www.vyrhelle.com\/arcea\/wp-content\/uploads\/2020\/03\/Embl%C3%A8me-dAusros.png?resize=200%2C250&#038;ssl=1\" alt=\"\" class=\"wp-image-1344\" style=\"width:111px;height:139px\"\/><\/figure>\n<\/div>\n\n\n<h3 class=\"wp-block-heading has-text-align-center\" id=\"artefacts\">Les Artefacts de la Tour d&rsquo;Ausros<\/h3>\n\n\n<div class=\"wp-block-image\">\n<figure class=\"alignleft size-large is-resized\"><img data-recalc-dims=\"1\" loading=\"lazy\" decoding=\"async\" width=\"400\" height=\"600\" src=\"https:\/\/i0.wp.com\/www.vyrhelle.com\/arcea\/wp-content\/uploads\/2020\/03\/avatar-athame.jpg?resize=400%2C600&#038;ssl=1\" alt=\"\" class=\"wp-image-1340\" style=\"width:200px;height:300px\" srcset=\"https:\/\/i0.wp.com\/www.vyrhelle.com\/arcea\/wp-content\/uploads\/2020\/03\/avatar-athame.jpg?w=400&amp;ssl=1 400w, https:\/\/i0.wp.com\/www.vyrhelle.com\/arcea\/wp-content\/uploads\/2020\/03\/avatar-athame.jpg?resize=200%2C300&amp;ssl=1 200w\" sizes=\"auto, (max-width: 400px) 100vw, 400px\" \/><\/figure>\n<\/div>\n\n<h4 style=\"text-align: justify;\" align=\"justify\"><strong>L&rsquo;Atham\u00e9<\/strong><\/h4>\n<p style=\"text-align: justify;\" align=\"justify\"><strong>Taille :<\/strong>\u00a030 cm<br \/><strong>Mat\u00e9riaux :<\/strong> acier, bois d&rsquo;amarante et lani\u00e8res de cuir brun.<br \/><strong>Origine :<\/strong>\u00a0inconnue<br \/><strong>Propri\u00e9taire :<\/strong>\u00a0<a href=\"https:\/\/www.vyrhelle.com\/arcea\/bonus\/personnages\/allart\/\">Allart<\/a><br \/><strong>Signes particuliers :\u00a0<\/strong>une pierre polie semi-pr\u00e9cieuse rouge sang qui rappelle un rubis, mais en moins translucide.<\/p>\n<p style=\"text-align: justify;\" align=\"justify\">Premier objet phare de l&rsquo;histoire des P\u00e8lerins, il r\u00e9v\u00e9lera son importance tout au long des diff\u00e9rents tomes de la BD.<br \/>Confi\u00e9 par Allart au forgeron <a href=\"https:\/\/www.vyrhelle.com\/arcea\/bonus\/personnages\/toran\/\">Toran<\/a> pour une raison inconnue, mais qui a demand\u00e9 un mois de travail intensif au nain, il appara\u00eetra r\u00e9ellement dans l&rsquo;histoire quand Elwen viendra le r\u00e9cup\u00e9rer pour l&rsquo;archimage. Mais sous l&rsquo;apparence presque banale d&rsquo;une dague un peu grossi\u00e8re et ayant d\u00e9j\u00e0 bien v\u00e9cu, Elwen sentira, d\u00e8s qu&rsquo;elle l&rsquo;aura en main, qu&rsquo;elle n&rsquo;a en r\u00e9alit\u00e9 rien d&rsquo;ordinaire.<br \/>Il est d&rsquo;ailleurs int\u00e9ressant de remarquer qu&rsquo;<a href=\"https:\/\/www.vyrhelle.com\/arcea\/bonus\/personnages\/elwen\/\">Elwen<\/a> sera la seule personne bless\u00e9e par cette dague qui reste en vie \u00e0 la fin du tome 1 &#8230;<\/p>\n<p align=\"justify\"><div class=\"wp-block-image\"><\/p>\n<figure class=\"aligncenter size-large\"><img data-recalc-dims=\"1\" loading=\"lazy\" decoding=\"async\" width=\"50\" height=\"52\" class=\"wp-image-310\" src=\"https:\/\/i0.wp.com\/www.vyrhelle.com\/arcea\/wp-content\/uploads\/2020\/03\/celtic_knot_titre.png?resize=50%2C52&#038;ssl=1\" alt=\"\" \/><\/figure>\n<p align=\"justify\"><\/div><\/p>\n\n<div class=\"wp-block-image\">\n<figure class=\"alignleft size-large is-resized\"><img data-recalc-dims=\"1\" loading=\"lazy\" decoding=\"async\" width=\"400\" height=\"600\" src=\"https:\/\/i0.wp.com\/www.vyrhelle.com\/arcea\/wp-content\/uploads\/2020\/03\/avatar-bouclier.jpg?resize=400%2C600&#038;ssl=1\" alt=\"\" class=\"wp-image-1341\" style=\"width:200px;height:300px\" srcset=\"https:\/\/i0.wp.com\/www.vyrhelle.com\/arcea\/wp-content\/uploads\/2020\/03\/avatar-bouclier.jpg?w=400&amp;ssl=1 400w, https:\/\/i0.wp.com\/www.vyrhelle.com\/arcea\/wp-content\/uploads\/2020\/03\/avatar-bouclier.jpg?resize=200%2C300&amp;ssl=1 200w\" sizes=\"auto, (max-width: 400px) 100vw, 400px\" \/><\/figure>\n<\/div>\n\n<h4 align=\"justify\"><strong>Le Bouclier<\/strong><\/h4>\n<p><strong>Taille :<\/strong> 60 \u00d7 75 cm<br \/><strong>Mat\u00e9riaux :<\/strong> bois de charme, rivets et cerclage en alliage inconnu. Hanse en cuir de dragon, imputrescible.<br \/><strong>Origine :<\/strong>\u00a0inconnue<br \/><strong>Propri\u00e9taire :<\/strong> le premier qui le retrouvera sur l&rsquo;\u00cele des Dragons.<br \/><strong>Signes particuliers : <\/strong>Il ne parait pas aussi ancien qu&rsquo;il l&rsquo;est r\u00e9ellement, gr\u00e2ce, en grande partie, aux mat\u00e9riaux utilis\u00e9s pour sa r\u00e9alisation.<\/p>\n<p style=\"text-align: justify;\">Le bouclier n&rsquo;a rien d&rsquo;un bouclier ordinaire. Il n&rsquo;a pas \u00e9t\u00e9 con\u00e7u dans un but guerrier. Tout, de sa conception \u00e0 sa forme, en passant par son bon \u00e9tat et sa peinture intacte, prouve qu&rsquo;il n&rsquo;a m\u00eame jamais servi en combat. En r\u00e9alit\u00e9, c&rsquo;est bel et bien un objet magique dont la forme est symbolique.<br \/>Produit d&rsquo;un savoir magique oubli\u00e9, son r\u00f4le est un myst\u00e8re. Le fait qu&rsquo;il soit cach\u00e9 quelque part sur l&rsquo;\u00eele des dragons \u00e9galement. Allart sait juste qu&rsquo;il est l&rsquo;un des trois artefacts de la tour des mages, artefacts qui doivent rendre sa puissance et sa grandeur pass\u00e9e \u00e0 ce haut lieu de magie.\u00a0<\/p>\n<p><div class=\"wp-block-image\"><\/p>\n<figure class=\"aligncenter size-large\"><img data-recalc-dims=\"1\" loading=\"lazy\" decoding=\"async\" width=\"50\" height=\"52\" class=\"wp-image-310\" src=\"https:\/\/i0.wp.com\/www.vyrhelle.com\/arcea\/wp-content\/uploads\/2020\/03\/celtic_knot_titre.png?resize=50%2C52&#038;ssl=1\" alt=\"\" \/><\/figure>\n<p><\/div><\/p>\n\n<div class=\"wp-block-image\">\n<figure class=\"alignleft size-large is-resized\"><img data-recalc-dims=\"1\" loading=\"lazy\" decoding=\"async\" width=\"400\" height=\"600\" src=\"https:\/\/i0.wp.com\/www.vyrhelle.com\/arcea\/wp-content\/uploads\/2020\/03\/avatar-coupe.jpg?resize=400%2C600&#038;ssl=1\" alt=\"\" class=\"wp-image-1342\" style=\"width:200px;height:300px\" srcset=\"https:\/\/i0.wp.com\/www.vyrhelle.com\/arcea\/wp-content\/uploads\/2020\/03\/avatar-coupe.jpg?w=400&amp;ssl=1 400w, https:\/\/i0.wp.com\/www.vyrhelle.com\/arcea\/wp-content\/uploads\/2020\/03\/avatar-coupe.jpg?resize=200%2C300&amp;ssl=1 200w\" sizes=\"auto, (max-width: 400px) 100vw, 400px\" \/><\/figure>\n<\/div>\n\n<h4><strong>La Coupe<\/strong><\/h4>\n<p><strong>Taille :<\/strong> inconnue<br \/><strong>Mat\u00e9riaux :<\/strong> inconnu<br \/><strong>Origine :<\/strong>\u00a0inconnue<br \/><strong>Propri\u00e9taire :<\/strong> le premier qui la retrouvera sur Varen&rsquo;ka<br \/><strong>Signes particuliers : \/<\/strong><\/p>\n<p style=\"text-align: justify;\">La coupe est le troisi\u00e8me des trois artefacts de la tour, mais c&rsquo;est celui qui soul\u00e8ve le plus de questions, car on ne sait absolument rien de cet objet. Ni sa taille, ni sa nature, ni sa forme\u2026 rien.\u00a0<br \/>Pourtant, c&rsquo;est cette coupe que le groupe des P\u00e8lerins doit retrouver au c\u0153ur d&rsquo;un continent entier ! Il va sans dire qu&rsquo;il faudra plus que de la chance pour la retrouver, surtout que les enjeux semblent devenir de plus en plus cruciaux \u00e0 chaque jour pass\u00e9 dans cette qu\u00eate.<\/p>\n\n<div class=\"wp-block-image\">\n<figure class=\"aligncenter size-large\"><img data-recalc-dims=\"1\" loading=\"lazy\" decoding=\"async\" width=\"50\" height=\"52\" src=\"https:\/\/i0.wp.com\/www.vyrhelle.com\/arcea\/wp-content\/uploads\/2020\/03\/celtic_knot_titre.png?resize=50%2C52&#038;ssl=1\" alt=\"\" class=\"wp-image-310\"\/><\/figure>\n<\/div>\n\n<div class=\"wp-block-image\">\n<figure class=\"alignleft size-large is-resized\"><img data-recalc-dims=\"1\" loading=\"lazy\" decoding=\"async\" width=\"400\" height=\"600\" src=\"https:\/\/i0.wp.com\/www.vyrhelle.com\/arcea\/wp-content\/uploads\/2020\/03\/avatar-anneaux.jpg?resize=400%2C600&#038;ssl=1\" alt=\"\" class=\"wp-image-1347\" style=\"width:200px;height:300px\" srcset=\"https:\/\/i0.wp.com\/www.vyrhelle.com\/arcea\/wp-content\/uploads\/2020\/03\/avatar-anneaux.jpg?w=400&amp;ssl=1 400w, https:\/\/i0.wp.com\/www.vyrhelle.com\/arcea\/wp-content\/uploads\/2020\/03\/avatar-anneaux.jpg?resize=200%2C300&amp;ssl=1 200w\" sizes=\"auto, (max-width: 400px) 100vw, 400px\" \/><\/figure>\n<\/div>\n\n<h4><strong>Les Anneaux de J\u00f6llwin<\/strong><\/h4>\n<p style=\"text-align: justify;\"><strong>Taille<\/strong> : environ 2 cm de diam\u00e8tre pour un 1\/2 centim\u00e8tre de largeur.<br \/><strong style=\"font-size: inherit;\">Mat\u00e9riaux<\/strong><span style=\"font-size: inherit;\"> : anneaux d&rsquo;argent surmont\u00e9s d&rsquo;une pierre, bleue pour l&rsquo;un et rouge pour l&rsquo;autre, mais qui ne sont ni un saphir ni un rubis.<br \/><\/span><strong>Origine<\/strong> : Inconnue au d\u00e9but de l&rsquo;histoire<br \/><strong>Propri\u00e9taire<\/strong> : <a href=\"https:\/\/www.vyrhelle.com\/arcea\/bonus\/personnages\/jollwin\/\">J\u00f6llwin Lonegreen<\/a><br \/><strong>Signes particuliers<\/strong> : Les pierres des anneaux s&rsquo;illuminent lorsque J\u00f6llwin est soumis \u00e0 des \u00e9motions plus fortes qu&rsquo;\u00e0 l&rsquo;accoutum\u00e9e. Elles le font souvent simultan\u00e9ment, mais parfois ind\u00e9pendamment.<\/p>\n<p style=\"text-align: justify;\">J\u00f6llwin a beau les porter depuis presque trois cents ans, ses deux anneaux restent un myst\u00e8re assez opaque. Ce sont des objets magiques visiblement peu anodins qui influent sur les r\u00e9actions du demi-elfe sylvain. Mais on ne sait rien de leur r\u00f4le exact. Apr\u00e8s,<a href=\"https:\/\/www.vyrhelle.com\/arcea\/bonus\/personnages\/reveuse\/\"> la R\u00eaveuse<\/a> elle-m\u00eame annonce clairement que J\u00f6llwin va \u00ab\u00a0troubler la destin\u00e9e\u00a0\u00bb. Si c&rsquo;est le cas, ses deux anneaux y seront certainement pour quelque chose. Mais sans origine connue, impossible de savoir si ce sera en bien ou en mal\u2026<\/p>\n\n<div class=\"wp-block-image\">\n<figure class=\"aligncenter size-large\"><img data-recalc-dims=\"1\" loading=\"lazy\" decoding=\"async\" width=\"50\" height=\"52\" src=\"https:\/\/i0.wp.com\/www.vyrhelle.com\/arcea\/wp-content\/uploads\/2020\/03\/celtic_knot_titre.png?resize=50%2C52&#038;ssl=1\" alt=\"\" class=\"wp-image-310\"\/><\/figure>\n<\/div>\n\n<div class=\"wp-block-image\">\n<figure class=\"alignleft size-large is-resized\"><img data-recalc-dims=\"1\" loading=\"lazy\" decoding=\"async\" width=\"400\" height=\"600\" src=\"https:\/\/i0.wp.com\/www.vyrhelle.com\/arcea\/wp-content\/uploads\/2020\/03\/avatar-diademe.jpg?resize=400%2C600&#038;ssl=1\" alt=\"\" class=\"wp-image-1349\" style=\"width:200px;height:300px\" srcset=\"https:\/\/i0.wp.com\/www.vyrhelle.com\/arcea\/wp-content\/uploads\/2020\/03\/avatar-diademe.jpg?w=400&amp;ssl=1 400w, https:\/\/i0.wp.com\/www.vyrhelle.com\/arcea\/wp-content\/uploads\/2020\/03\/avatar-diademe.jpg?resize=200%2C300&amp;ssl=1 200w\" sizes=\"auto, (max-width: 400px) 100vw, 400px\" \/><\/figure>\n<\/div>\n\n<h4><strong>Le diad\u00e8me des Zora<\/strong><\/h4>\n<p style=\"text-align: justify;\"><strong>Taille<\/strong> : 2 cm pour la pierre et environs 50 cm de tour de t\u00eate.<br \/><strong>Mat\u00e9riaux<\/strong> : acier, \u00e9caille de dragon blanc polie.<br \/><strong>Origine<\/strong> : R\u00e9alis\u00e9e \u00e0 partir d&rsquo;une \u00e9caille d&rsquo;<a href=\"https:\/\/www.vyrhelle.com\/arcea\/bonus\/personnages\/ikyse\/\">Ikyse<\/a>.<br \/><strong style=\"font-size: inherit;\">Propri\u00e9taire<\/strong><span style=\"font-size: inherit;\"> : <a href=\"https:\/\/www.vyrhelle.com\/arcea\/bonus\/personnages\/aekina\/\">Aekina Zora<\/a><br \/><\/span><strong>Signes particuliers<\/strong> : La nacre draconique sertie, \u00e0 l&rsquo;aspect de pierre de lune, est surmont\u00e9e d&rsquo;un croissant noir, rappelant les origines lunaires de sa porteuse. Son aspect simple en fait un bijou dont on ne soup\u00e7onne pas le potentiel.<\/p>\n<p style=\"text-align: justify;\">Le diad\u00e8me que porte continuellement Aekina est un objet magique. Il est sur son front pour neutraliser le pouvoir de vision de la jeune femme, pouvoir qui, sans cet artefact, serait r\u00e9ellement invivable. Du coup, il est facile d&rsquo;imaginer qu&rsquo;elle a ce bijou depuis tr\u00e8s longtemps, peut-\u00eatre m\u00eame depuis son plus jeune \u00e2ge. Mais la mani\u00e8re dont elle l&rsquo;a eu, et surtout de qui, sont des informations plus myst\u00e9rieuses. Du dragon divin lui-m\u00eame ? C&rsquo;est peu probable, car elle dit elle-m\u00eame qu&rsquo;elle a pass\u00e9 son enfance dans sa ville natale, Elad\u00e4m, et on apprend de <a href=\"https:\/\/www.vyrhelle.com\/arcea\/bonus\/personnages\/reveuse\/\">la R\u00eaveuse<\/a> qu&rsquo;Ikyse n\u2019appara\u00eet qu&rsquo;occasionnellement, et uniquement dans le but de prot\u00e9ger <a href=\"https:\/\/www.vyrhelle.com\/arcea\/bonus\/lieux\/#Ausros\">Ausros<\/a>.<\/p>\n<p style=\"text-align: justify;\">Quelqu&rsquo;un aurait donc rencontr\u00e9 le dragon divin pour lui demander une de ses \u00e9cailles afin de soulager Aekina de son encombrant don d&rsquo;ubiquit\u00e9 ? Quelqu&rsquo;un de suffisamment influent pour que la cr\u00e9ature divine accepte ? Mais qui dans ce cas ? L&rsquo;histoire des P\u00e8lerins nous apprendra que la m\u00e8re d&rsquo;Aekina y est s\u00fbrement pour quelque chose.<\/p>\n\n<div class=\"wp-block-image\">\n<figure class=\"aligncenter size-large\"><img data-recalc-dims=\"1\" loading=\"lazy\" decoding=\"async\" width=\"50\" height=\"52\" src=\"https:\/\/i0.wp.com\/www.vyrhelle.com\/arcea\/wp-content\/uploads\/2020\/03\/celtic_knot_titre.png?resize=50%2C52&#038;ssl=1\" alt=\"\" class=\"wp-image-310\"\/><\/figure>\n<\/div>\n\n<div class=\"wp-block-image\">\n<figure class=\"alignleft size-large is-resized\"><img data-recalc-dims=\"1\" loading=\"lazy\" decoding=\"async\" width=\"400\" height=\"600\" src=\"https:\/\/i0.wp.com\/www.vyrhelle.com\/arcea\/wp-content\/uploads\/2020\/03\/avatar-chroniques.jpg?resize=400%2C600&#038;ssl=1\" alt=\"\" class=\"wp-image-1348\" style=\"width:200px;height:300px\" srcset=\"https:\/\/i0.wp.com\/www.vyrhelle.com\/arcea\/wp-content\/uploads\/2020\/03\/avatar-chroniques.jpg?w=400&amp;ssl=1 400w, https:\/\/i0.wp.com\/www.vyrhelle.com\/arcea\/wp-content\/uploads\/2020\/03\/avatar-chroniques.jpg?resize=200%2C300&amp;ssl=1 200w\" sizes=\"auto, (max-width: 400px) 100vw, 400px\" \/><\/figure>\n<\/div>\n\n<h4><strong>Les Chroniques de la Grande Guerre<\/strong><\/h4>\n<p style=\"text-align: justify;\"><strong>Taille<\/strong> : 20 \u00d7 30 cm sur une \u00e9paisseur d&rsquo;environ 1 cm<br \/><strong>Mat\u00e9riaux<\/strong> : les pages int\u00e9rieures sont en v\u00e9lin de grande qualit\u00e9. Carnet reli\u00e9 \u00e0 la main et enserr\u00e9es dans une couverture de cuir d&rsquo;agneau teint\u00e9 en vert et filigran\u00e9 du large motif de l&rsquo;Oracle de la Tour Blanche, une triquetra \u00e0 l&rsquo;esth\u00e9tique tr\u00e8s elfique. Il se ferme par trois paires de cordons de soie rouge.<br \/><strong>Origine<\/strong> : Ausros ?<br \/><strong>Auteur<\/strong> : toute la question est l\u00e0\u2026<\/p>\n<p style=\"text-align: justify;\">Cause d&rsquo;une vive r\u00e9action dans les hautes sph\u00e8res des royaumes arc\u00e9ens, les Chroniques de la Grande Guerre sont en r\u00e9alit\u00e9 un simple recueil d&rsquo;une trentaine de pages. Il en existe moins d&rsquo;une vingtaine d&rsquo;exemplaires, qui ont \u00e9t\u00e9 envoy\u00e9s sp\u00e9cifiquement \u00e0 bon nombre des plus grands notables d&rsquo;Arcea, et d&rsquo;Aekkylinie plus particuli\u00e8rement. Bien s\u00fbr, ce n&rsquo;est pas le contenant, mais bien le contenu qui d\u00e9range tout ce petit monde. En effet, annonc\u00e9 comme r\u00e9dig\u00e9 de la main m\u00eame de l&rsquo;Oracle d&rsquo;Ausros, ce livret retrace le parcours de cette femme durant la p\u00e9riode troubl\u00e9e de la Grande Guerre, un si\u00e8cle plus t\u00f4t. Un r\u00e9cit qui explique comment la femme la plus populaire et la plus droite d&rsquo;Aekkylinie, une v\u00e9ritable ic\u00f4ne, aurait \u00e9t\u00e9 la <a href=\"https:\/\/www.vyrhelle.com\/arcea\/bonus\/personnages\/demone\/\">D\u00e9mone-aux-cheveux-blancs<\/a>. Une des criminelles les plus sanguinaires du conflit, \u00e0 la solde du <a href=\"https:\/\/www.vyrhelle.com\/arcea\/bonus\/personnages\/baron\/\">Baron Noir<\/a>.<\/p>\n<p style=\"text-align: justify;\">Les Chroniques de la Grande Guerre sont donc \u00e0 l&rsquo;origine de l&rsquo;assembl\u00e9e de douze \u00ab\u00a0<a href=\"https:\/\/www.vyrhelle.com\/arcea\/bonus\/personnages\/jures\/\">Jur\u00e9s<\/a>\u00a0\u00bb \u00e0 la Cit\u00e9-Forteresse d&rsquo;Ost\u00e9ryld. Car avant de lancer un proc\u00e8s contre l&rsquo;Oracle et faire venir cette Dame jusque-l\u00e0 irr\u00e9prochable \u00e0 Ost\u00e9ryld, il est crucial de savoir si ce texte est v\u00e9ridique. Et non, un tissu de mensonges distribu\u00e9 pour faire de l&rsquo;ombre \u00e0 la r\u00e9putation d&rsquo;Oracle et de la Tour Blanche. Le tout sans que les populations n&rsquo;en sachent rien, car les r\u00e9actions pourraient alors \u00eatre tr\u00e8s vives\u2026 Qui aurait int\u00e9r\u00eat \u00e0 salir l&rsquo;Oracle ? \u00c0 qui profiterait cette disgr\u00e2ce ?<\/p>\n<p style=\"text-align: justify;\">En outre, ce r\u00e9cit laisse d&rsquo;autres questions en suspens : si l&rsquo;Oracle a finalement bien r\u00e9dig\u00e9 ce texte, chose plut\u00f4t inattendue d&rsquo;une femme que tout le monde sait aveugle\u2026 pourquoi a-t-elle fait cela ? Pourquoi apr\u00e8s un si\u00e8cle de silence ?<\/p>\n<p style=\"text-align: justify;\">Beaucoup de tumultes en perspective autour de seulement quelques malheureuses pages soigneusement calligraphi\u00e9es\u2026<\/p>\n\n<div class=\"wp-block-image\">\n<figure class=\"aligncenter size-large\"><img data-recalc-dims=\"1\" loading=\"lazy\" decoding=\"async\" width=\"50\" height=\"52\" src=\"https:\/\/i0.wp.com\/www.vyrhelle.com\/arcea\/wp-content\/uploads\/2020\/03\/celtic_knot_titre.png?resize=50%2C52&#038;ssl=1\" alt=\"\" class=\"wp-image-310\"\/><\/figure>\n<\/div>","protected":false},"excerpt":{"rendered":"<p>Les Trois Artefacts : \u2022 L&rsquo;Atham\u00e9 \u2022 Le Bouclier \u2022 La Coupe Autres objets importants\u00a0: \u2022 Les Anneaux de J\u00f6llwin\u2022 Le Diad\u00e8me des Zora\u2022 Les Chroniques de la Grande Guerre Les Artefacts de la Tour d&rsquo;Ausros L&rsquo;Atham\u00e9 Taille :\u00a030 cmMat\u00e9riaux : acier, bois d&rsquo;amarante et lani\u00e8res de cuir brun.Origine :\u00a0inconnuePropri\u00e9taire :\u00a0AllartSignes particuliers :\u00a0une pierre polie [&hellip;]<\/p>\n","protected":false},"author":2,"featured_media":0,"parent":17,"menu_order":5,"comment_status":"closed","ping_status":"closed","template":"template-fullwidth.php","meta":{"jetpack_post_was_ever_published":false,"footnotes":""},"class_list":["post-103","page","type-page","status-publish","hentry","post-preview"],"jetpack_sharing_enabled":true,"jetpack_likes_enabled":false,"_links":{"self":[{"href":"https:\/\/www.vyrhelle.com\/arcea\/wp-json\/wp\/v2\/pages\/103","targetHints":{"allow":["GET"]}}],"collection":[{"href":"https:\/\/www.vyrhelle.com\/arcea\/wp-json\/wp\/v2\/pages"}],"about":[{"href":"https:\/\/www.vyrhelle.com\/arcea\/wp-json\/wp\/v2\/types\/page"}],"author":[{"embeddable":true,"href":"https:\/\/www.vyrhelle.com\/arcea\/wp-json\/wp\/v2\/users\/2"}],"replies":[{"embeddable":true,"href":"https:\/\/www.vyrhelle.com\/arcea\/wp-json\/wp\/v2\/comments?post=103"}],"version-history":[{"count":54,"href":"https:\/\/www.vyrhelle.com\/arcea\/wp-json\/wp\/v2\/pages\/103\/revisions"}],"predecessor-version":[{"id":3273,"href":"https:\/\/www.vyrhelle.com\/arcea\/wp-json\/wp\/v2\/pages\/103\/revisions\/3273"}],"up":[{"embeddable":true,"href":"https:\/\/www.vyrhelle.com\/arcea\/wp-json\/wp\/v2\/pages\/17"}],"wp:attachment":[{"href":"https:\/\/www.vyrhelle.com\/arcea\/wp-json\/wp\/v2\/media?parent=103"}],"curies":[{"name":"wp","href":"https:\/\/api.w.org\/{rel}","templated":true}]}}