{"id":1113,"date":"2020-03-28T18:51:11","date_gmt":"2020-03-28T17:51:11","guid":{"rendered":"http:\/\/www.vyrhelle.com\/blog\/?page_id=1113"},"modified":"2025-11-10T18:18:39","modified_gmt":"2025-11-10T17:18:39","slug":"humains","status":"publish","type":"page","link":"https:\/\/www.vyrhelle.com\/arcea\/bonus\/peuples\/humains\/","title":{"rendered":"Les Peuples Humains"},"content":{"rendered":"<p style=\"text-align: justify;\">Les humains du monde d&rsquo;Arcea ressemblent aux humains classiques d&rsquo;un univers m\u00e9di\u00e9val fantastique.<\/p>\n<p style=\"text-align: justify;\">Avec une esp\u00e9rance de vie comprise entre 40 et 70 ans selon le niveau de vie, les humains ne sont pourtant pas d\u00e9nigr\u00e9s par les peuples vivant plus vieux. Pour la simple et bonne raison qu&rsquo;ils s&rsquo;adaptent beaucoup mieux aux changements du monde qui les entoure. En effet, bien qu&rsquo;ils soient consid\u00e9r\u00e9s comme un peuple \u00ab\u00a0jeune\u00a0\u00bb, ils poss\u00e8dent de grands royaumes et occupent toutes les couches sociales des soci\u00e9t\u00e9s plus cosmopolites. Avant m\u00eame tous les peuples elfiques, les humains repr\u00e9sentent la plus grande part de la population arc\u00e9enne.<\/p>\n<p style=\"text-align: justify;\">\u00a0Apr\u00e8s, chaque r\u00e9gion voit sa population humaine pr\u00e9senter des diff\u00e9rences physiques, culturelles et sociales tr\u00e8s marqu\u00e9es : le climat, le passif de chaque r\u00e9gion influencent leur \u00e9volution et ont cr\u00e9\u00e9 des cultures tr\u00e8s vari\u00e9es. Cependant, quelques soient leurs origines, une large majorit\u00e9 des humains est \u00e0 peine lettr\u00e9e et s&rsquo;applique dans des t\u00e2ches agricoles, de commerce ou d&rsquo;artisanat.<\/p>\n<p style=\"text-align: justify;\">Seules certaines grandes familles sortent du lot et des dynasties \u00e0 la t\u00eate de certains royaumes sont tr\u00e8s connues, comme les Barad-Valtar \u00e0 Ausros ou les De Freglan \u00e0 Orlu\u00e4n (cf <a href=\"https:\/\/www.vyrhelle.com\/arcea\/bonus\/cartes\/\">Les cartes<\/a> ).<\/p>\n\n<div class=\"wp-block-image\">\n<figure class=\"aligncenter size-full\"><img data-recalc-dims=\"1\" loading=\"lazy\" decoding=\"async\" width=\"50\" height=\"52\" src=\"https:\/\/i0.wp.com\/www.vyrhelle.com\/arcea\/wp-content\/uploads\/2020\/03\/celtic_knot_titre.png?resize=50%2C52&#038;ssl=1\" alt=\"\" class=\"wp-image-310\"\/><\/figure>\n<\/div>","protected":false},"excerpt":{"rendered":"<p>Les humains du monde d&rsquo;Arcea ressemblent aux humains classiques d&rsquo;un univers m\u00e9di\u00e9val fantastique. Avec une esp\u00e9rance de vie comprise entre 40 et 70 ans selon le niveau de vie, les humains ne sont pourtant pas d\u00e9nigr\u00e9s par les peuples vivant plus vieux. Pour la simple et bonne raison qu&rsquo;ils s&rsquo;adaptent beaucoup mieux aux changements du [&hellip;]<\/p>\n","protected":false},"author":1,"featured_media":0,"parent":37,"menu_order":1,"comment_status":"closed","ping_status":"closed","template":"template-fullwidth.php","meta":{"jetpack_post_was_ever_published":false,"footnotes":""},"class_list":["post-1113","page","type-page","status-publish","hentry","post-preview"],"jetpack_sharing_enabled":true,"jetpack_likes_enabled":false,"_links":{"self":[{"href":"https:\/\/www.vyrhelle.com\/arcea\/wp-json\/wp\/v2\/pages\/1113","targetHints":{"allow":["GET"]}}],"collection":[{"href":"https:\/\/www.vyrhelle.com\/arcea\/wp-json\/wp\/v2\/pages"}],"about":[{"href":"https:\/\/www.vyrhelle.com\/arcea\/wp-json\/wp\/v2\/types\/page"}],"author":[{"embeddable":true,"href":"https:\/\/www.vyrhelle.com\/arcea\/wp-json\/wp\/v2\/users\/1"}],"replies":[{"embeddable":true,"href":"https:\/\/www.vyrhelle.com\/arcea\/wp-json\/wp\/v2\/comments?post=1113"}],"version-history":[{"count":7,"href":"https:\/\/www.vyrhelle.com\/arcea\/wp-json\/wp\/v2\/pages\/1113\/revisions"}],"predecessor-version":[{"id":3252,"href":"https:\/\/www.vyrhelle.com\/arcea\/wp-json\/wp\/v2\/pages\/1113\/revisions\/3252"}],"up":[{"embeddable":true,"href":"https:\/\/www.vyrhelle.com\/arcea\/wp-json\/wp\/v2\/pages\/37"}],"wp:attachment":[{"href":"https:\/\/www.vyrhelle.com\/arcea\/wp-json\/wp\/v2\/media?parent=1113"}],"curies":[{"name":"wp","href":"https:\/\/api.w.org\/{rel}","templated":true}]}}