{"id":1129,"date":"2020-03-28T19:01:03","date_gmt":"2020-03-28T18:01:03","guid":{"rendered":"http:\/\/www.vyrhelle.com\/blog\/?page_id=1129"},"modified":"2025-11-10T18:18:39","modified_gmt":"2025-11-10T17:18:39","slug":"ombre","status":"publish","type":"page","link":"https:\/\/www.vyrhelle.com\/arcea\/bonus\/peuples\/ombre\/","title":{"rendered":"Les Elfes d&rsquo;Ombre"},"content":{"rendered":"<p><strong>Terres d&rsquo;origine<\/strong> : La Cha\u00eene des Brumeuses et la for\u00eat de Talinn en Aekkylinie, la Cha\u00eene du Ahunan \u00e0 Varen&rsquo;ka.<br \/><strong>Taille moyenne<\/strong> : homme : 1,70 m &#8211; femme : 1,50 m<br \/><strong>Langue<\/strong> : l&rsquo;argon des ombres<br \/><strong>Cheveux<\/strong> : blancs \u00e0 gris<br \/><strong>Peau<\/strong> : gris sombre<br \/><strong>Yeux<\/strong> : rouges<\/p>\n<p style=\"text-align: justify;\">Le peuple des elfes d&rsquo;ombre n\u2019est ni aim\u00e9 ni respect\u00e9, mais tr\u00e8s craint. Vivant essentiellement sous terre, ils ne sortent que rarement. Exclusivement de nuit, ils le font que contraints et forc\u00e9s, pouss\u00e9s par la n\u00e9cessit\u00e9 ou la faim. Ils agissent alors souvent avec violence, comme de v\u00e9ritables b\u00eates sauvages, tr\u00e8s dou\u00e9s pour tuer, blesser et faire mal en g\u00e9n\u00e9ral. S\u2019il n\u2019est pas recommand\u00e9 de croiser un elfe d\u2019ombre en plein jour, quand la lumi\u00e8re lui est douloureuse et qu\u2019il agit comme un fauve bless\u00e9 et accul\u00e9, il vaut mieux les \u00e9viter totalement quand il fait nuit et qu\u2019ils sont parfaitement ma\u00eetres d\u2019eux-m\u00eames.<\/p>\n<p style=\"text-align: justify;\">La soci\u00e9t\u00e9 des elfes d&rsquo;ombre est\u00a0 matriarcale et divis\u00e9e en de nombreux clans. Il n&rsquo;y a ni pouvoir ni organisation centralis\u00e9s chez ce peuple. Chaque clan est ind\u00e9pendant et les conflits sont, du coup, monnaie courante. Dans chacun de ces clans, bien que tr\u00e8s peu nombreuses, ce sont les femmes qui d\u00e9tiennent le pouvoir et les hommes ne sont que de la main d&rsquo;\u0153uvre, des reproducteurs pour les plus forts, voire de la chair fra\u00eeche pour leurs animaux de compagnie. Les femmes sont toutes de petite taille pour une race elfique, menues et sans r\u00e9elle force physique, mais ce sont elles seules qui savent manipuler la magie et se faire respecter des cr\u00e9atures qui se terrent au creux des m\u00e9andres des territoires souterrains. Il est cependant quasiment impossible de voir une elfe d&rsquo;ombre \u00e0 la surface : non seulement elles sont encore plus sensibles que les hommes aux lumi\u00e8res vives, mais surtout, quitter leur tani\u00e8re serait laisser trop de champ libre \u00e0 une rivale.<\/p>\n<p style=\"text-align: justify;\">Les elfes d&rsquo;ombre vivent en autarcie compl\u00e8te, les \u00e9changes avec les autres peuples sont inexistants et les rares incursions de ce peuple \u00e0 la surface sont toujours pour des pillages. D&rsquo;o\u00f9 la tr\u00e8s mauvaise r\u00e9putation de ce peuple.<\/p>\n<p style=\"text-align: justify;\">Il existe cependant quelques elfes d&rsquo;ombre vivant \u00e0 la surface. Ce sont tous des hommes ayant fui leur condition pour tenter de trouver une autre vie. Mais comme ils sont rejet\u00e9s par les autres peuples et avec leur force physique \u00e9galant leur agilit\u00e9, ils finissent g\u00e9n\u00e9ralement comme bandits de grand chemin ou pirates. Quelques-uns deviennent aussi mercenaires, mais cela reste anecdotique.<\/p>\n\n<div class=\"wp-block-image\">\n<figure class=\"aligncenter size-full\"><img data-recalc-dims=\"1\" loading=\"lazy\" decoding=\"async\" width=\"50\" height=\"52\" src=\"https:\/\/i0.wp.com\/www.vyrhelle.com\/arcea\/wp-content\/uploads\/2020\/03\/celtic_knot_titre.png?resize=50%2C52&#038;ssl=1\" alt=\"\" class=\"wp-image-310\"\/><\/figure>\n<\/div>","protected":false},"excerpt":{"rendered":"<p>Terres d&rsquo;origine : La Cha\u00eene des Brumeuses et la for\u00eat de Talinn en Aekkylinie, la Cha\u00eene du Ahunan \u00e0 Varen&rsquo;ka.Taille moyenne : homme : 1,70 m &#8211; femme : 1,50 mLangue : l&rsquo;argon des ombresCheveux : blancs \u00e0 grisPeau : gris sombreYeux : rouges Le peuple des elfes d&rsquo;ombre n\u2019est ni aim\u00e9 ni respect\u00e9, mais [&hellip;]<\/p>\n","protected":false},"author":1,"featured_media":0,"parent":37,"menu_order":4,"comment_status":"closed","ping_status":"closed","template":"template-fullwidth.php","meta":{"jetpack_post_was_ever_published":false,"footnotes":""},"class_list":["post-1129","page","type-page","status-publish","hentry","post-preview"],"jetpack_sharing_enabled":true,"jetpack_likes_enabled":false,"_links":{"self":[{"href":"https:\/\/www.vyrhelle.com\/arcea\/wp-json\/wp\/v2\/pages\/1129","targetHints":{"allow":["GET"]}}],"collection":[{"href":"https:\/\/www.vyrhelle.com\/arcea\/wp-json\/wp\/v2\/pages"}],"about":[{"href":"https:\/\/www.vyrhelle.com\/arcea\/wp-json\/wp\/v2\/types\/page"}],"author":[{"embeddable":true,"href":"https:\/\/www.vyrhelle.com\/arcea\/wp-json\/wp\/v2\/users\/1"}],"replies":[{"embeddable":true,"href":"https:\/\/www.vyrhelle.com\/arcea\/wp-json\/wp\/v2\/comments?post=1129"}],"version-history":[{"count":6,"href":"https:\/\/www.vyrhelle.com\/arcea\/wp-json\/wp\/v2\/pages\/1129\/revisions"}],"predecessor-version":[{"id":3261,"href":"https:\/\/www.vyrhelle.com\/arcea\/wp-json\/wp\/v2\/pages\/1129\/revisions\/3261"}],"up":[{"embeddable":true,"href":"https:\/\/www.vyrhelle.com\/arcea\/wp-json\/wp\/v2\/pages\/37"}],"wp:attachment":[{"href":"https:\/\/www.vyrhelle.com\/arcea\/wp-json\/wp\/v2\/media?parent=1129"}],"curies":[{"name":"wp","href":"https:\/\/api.w.org\/{rel}","templated":true}]}}