{"id":1142,"date":"2020-03-28T19:06:30","date_gmt":"2020-03-28T18:06:30","guid":{"rendered":"http:\/\/www.vyrhelle.com\/blog\/?page_id=1142"},"modified":"2025-11-10T18:18:39","modified_gmt":"2025-11-10T17:18:39","slug":"nains","status":"publish","type":"page","link":"https:\/\/www.vyrhelle.com\/arcea\/bonus\/peuples\/nains\/","title":{"rendered":"Les Nains"},"content":{"rendered":"<p style=\"text-align: justify;\"><strong>Terres d&rsquo;origine<\/strong>\u00a0: La Cha\u00eene des Brumeuses en Aekkylinie<br \/><strong>Taille moyenne<\/strong>\u00a0: homme : 1,30 m &#8211; femme : 1,10 m<br \/><strong>Langue<\/strong> : l&rsquo;argon nain et la langue commune<br \/><strong style=\"font-size: inherit;\">Cheveux<\/strong><span style=\"font-size: inherit;\">\u00a0: de blanc \u00e0 noir en passant par le blond et le roux<br \/><\/span><strong>Peau<\/strong>\u00a0: claire \u00e0 basan\u00e9e<br \/><strong>Yeux<\/strong>\u00a0: toutes les teintes<\/p>\n<p style=\"text-align: justify;\">Les nains sont un peuple mal connu. En grande majorit\u00e9 reclus dans leur grande cit\u00e9 troglodyte de Drammen ou dans les m\u00e9andres de souterrains naturels de la cha\u00eene des Brumeuses. On ne les connait que par les rares nains que l&rsquo;on peut croiser sur le reste du territoire arc\u00e9en. Mais ceux-ci sont tr\u00e8s majoritairement des criminels bannis qui donnent la fausse impression d&rsquo;un peuple belliqueux, quand les nains sont surtout des artisans et des chasseurs.<\/p>\n<p style=\"text-align: justify;\">De petite taille, trapus et d&rsquo;une solide constitution, les nains se montrent d&rsquo;un abord bourru qui cache souvent un caract\u00e8re doux et une fid\u00e9lit\u00e9 sans faille, une fois qu&rsquo;on a su briser leur carapace. Travailleurs et volontaires, ils pr\u00e9f\u00e8rent l&rsquo;action \u00e0 la parole m\u00eame s&rsquo;ils peuvent se montrer d&rsquo;une patience impressionnante. Un artisan n&rsquo;h\u00e9sitera pas \u00e0 passer des ann\u00e9es sur une oeuvre s&rsquo;il ne se consid\u00e8re pas satisfait du r\u00e9sultat.<\/p>\n<p style=\"text-align: justify;\">Les nains sont de bons guerriers, mais plus par leur caract\u00e8re que par leurs capacit\u00e9s au combat. Rien n&rsquo;arr\u00eate un nain qui charge, \u00e0 part peut-\u00eatre la mort. Et encore, certains \u00e9mettent des doutes sur ce dernier point. Pourtant, il ne faut pas s&rsquo;y tromper, les nains n&rsquo;aiment pas le d\u00e9sordre et le chaos. Bien au contraire, ils cultivent un v\u00e9ritable art de vivre et une culture ax\u00e9s sur l&rsquo;ordre, la mesure, la g\u00e9om\u00e9trie et les math\u00e9matiques. Ils sont d&rsquo;ailleurs des architectes hors pairs et l&rsquo;on dit que la cit\u00e9 de Drammen est un v\u00e9ritable joyaux en la mati\u00e8re. Peu sont les \u00e9lus qui ont pu l&rsquo;admirer, h\u00e9las, m\u00eame si l&rsquo;on dit souvent que leur art est aussi fin que leur physique est grossier.<\/p>\n<p style=\"text-align: justify;\">C\u00f4t\u00e9 politique, les nains ont un royaume particuli\u00e8rement stable et sous le commandement d&rsquo;une m\u00eame dynastie de rois depuis au moins un demi-mill\u00e9naire, la famille Marn\u2019loth. Pas de rivalit\u00e9 ni complots chez les nains. La politique naine est quelque chose qu&rsquo;on ne remet pas en question tant qu&rsquo;il n&rsquo;y a pas de probl\u00e8me, et quand il en appara\u00eet un, on pr\u00e9f\u00e8re le r\u00e9soudre que chercher un coupable.<\/p>\n<p style=\"text-align: justify;\">Autre id\u00e9e fauss\u00e9e chez les autres peuples, ce sont les naines. Beaucoup d&rsquo;arc\u00e9ens doutent de leur existence alors qu&rsquo;il serait impossible \u00e0 un peuple de survivre sans elles. De taille proche de celles des nains, elles sont plus menues, au visage harmonieux et rond. D&rsquo;un caract\u00e8re doux et calme, elles ne quittent jamais Drammen. Aimant une vie simple et rang\u00e9e, elles ne sont ni guerri\u00e8res ni aventuri\u00e8res. Et les rares exceptions qui se battent ou quittent Drammen se d\u00e9guisent souvent en homme pour ne pas trop attirer l&rsquo;attention sur elles et balayer leur diff\u00e9rence avec les nains.<\/p>\n\n<div class=\"wp-block-image\">\n<figure class=\"aligncenter size-full\"><img data-recalc-dims=\"1\" loading=\"lazy\" decoding=\"async\" width=\"50\" height=\"52\" src=\"https:\/\/i0.wp.com\/www.vyrhelle.com\/arcea\/wp-content\/uploads\/2020\/03\/celtic_knot_titre.png?resize=50%2C52&#038;ssl=1\" alt=\"\" class=\"wp-image-310\"\/><\/figure>\n<\/div>","protected":false},"excerpt":{"rendered":"<p>Terres d&rsquo;origine\u00a0: La Cha\u00eene des Brumeuses en AekkylinieTaille moyenne\u00a0: homme : 1,30 m &#8211; femme : 1,10 mLangue : l&rsquo;argon nain et la langue communeCheveux\u00a0: de blanc \u00e0 noir en passant par le blond et le rouxPeau\u00a0: claire \u00e0 basan\u00e9eYeux\u00a0: toutes les teintes Les nains sont un peuple mal connu. En grande majorit\u00e9 reclus dans [&hellip;]<\/p>\n","protected":false},"author":1,"featured_media":0,"parent":37,"menu_order":8,"comment_status":"closed","ping_status":"closed","template":"template-fullwidth.php","meta":{"jetpack_post_was_ever_published":false,"footnotes":""},"class_list":["post-1142","page","type-page","status-publish","hentry","post-preview"],"jetpack_sharing_enabled":true,"jetpack_likes_enabled":false,"_links":{"self":[{"href":"https:\/\/www.vyrhelle.com\/arcea\/wp-json\/wp\/v2\/pages\/1142","targetHints":{"allow":["GET"]}}],"collection":[{"href":"https:\/\/www.vyrhelle.com\/arcea\/wp-json\/wp\/v2\/pages"}],"about":[{"href":"https:\/\/www.vyrhelle.com\/arcea\/wp-json\/wp\/v2\/types\/page"}],"author":[{"embeddable":true,"href":"https:\/\/www.vyrhelle.com\/arcea\/wp-json\/wp\/v2\/users\/1"}],"replies":[{"embeddable":true,"href":"https:\/\/www.vyrhelle.com\/arcea\/wp-json\/wp\/v2\/comments?post=1142"}],"version-history":[{"count":5,"href":"https:\/\/www.vyrhelle.com\/arcea\/wp-json\/wp\/v2\/pages\/1142\/revisions"}],"predecessor-version":[{"id":3210,"href":"https:\/\/www.vyrhelle.com\/arcea\/wp-json\/wp\/v2\/pages\/1142\/revisions\/3210"}],"up":[{"embeddable":true,"href":"https:\/\/www.vyrhelle.com\/arcea\/wp-json\/wp\/v2\/pages\/37"}],"wp:attachment":[{"href":"https:\/\/www.vyrhelle.com\/arcea\/wp-json\/wp\/v2\/media?parent=1142"}],"curies":[{"name":"wp","href":"https:\/\/api.w.org\/{rel}","templated":true}]}}