{"id":1146,"date":"2020-03-28T19:08:23","date_gmt":"2020-03-28T18:08:23","guid":{"rendered":"http:\/\/www.vyrhelle.com\/blog\/?page_id=1146"},"modified":"2025-11-10T18:18:39","modified_gmt":"2025-11-10T17:18:39","slug":"fees","status":"publish","type":"page","link":"https:\/\/www.vyrhelle.com\/arcea\/bonus\/peuples\/fees\/","title":{"rendered":"Les F\u00e9es"},"content":{"rendered":"<p style=\"text-align: justify;\">Les f\u00e9es sont en r\u00e9alit\u00e9 divis\u00e9es en trois peuples distincts : les f\u00e9es, les nymphes et les na\u00efades. Mais comme ils vivent tous reclus et en autarcie dans la grande For\u00eat de Lotus, en plein coeur de Varen&rsquo;ka, les autres peuples ont fini par les amalgamer. Et pour cause, ces trois peuples ont de nombreuses similitudes, m\u00eame s&rsquo;ils gardent leurs sp\u00e9cificit\u00e9s propres.<\/p>\n<p><div class=\"wp-block-image\"><\/p>\n<figure class=\"aligncenter size-full\"><img data-recalc-dims=\"1\" loading=\"lazy\" decoding=\"async\" width=\"50\" height=\"52\" class=\"wp-image-310\" src=\"https:\/\/i0.wp.com\/www.vyrhelle.com\/arcea\/wp-content\/uploads\/2020\/03\/celtic_knot_titre.png?resize=50%2C52&#038;ssl=1\" alt=\"\" \/><\/figure>\n<p><\/div><\/p>\n\n<p style=\"text-align: justify;\"><strong>Les F\u00e9es :<\/strong><\/p>\n<p style=\"text-align: justify;\">Ils repr\u00e9sentent la plus grande part de la population f\u00e9\u00e9rique et contrairement \u00e0 certains ou\u00ef-dire, ce peuple n&rsquo;est absolument pas constitu\u00e9 uniquement de femmes. Divis\u00e9s en plusieurs petits royaumes gu\u00e8re plus grands que des villages, les f\u00e9es ne sont pas un peuple guerrier et vivent dans une harmonie rythm\u00e9e par les saisons. C&rsquo;est la for\u00eat elle-m\u00eame qui les prot\u00e8ge efficacement des intrus et qui leur offre tout ce dont ils ont besoin.<\/p>\n<p style=\"text-align: justify;\">Les f\u00e9es affichent tous des pilosit\u00e9s tr\u00e8s color\u00e9es et il n&rsquo;est pas impossible de croiser une chevelure rose, bleue ou verte. Pouvant faire appara\u00eetre et d\u00e9ployer des ailes d&rsquo;insectes ( papillon, libellule, gu\u00eapes, etc.), les f\u00e9es vivent dans la canop\u00e9e de la for\u00eat et ont la particularit\u00e9 de changer radicalement de taille. D&rsquo;une stature similaire \u00e0 celle des elfes, ils peuvent rapetisser jusqu&rsquo;\u00e0 ne plus mesurer qu&rsquo;une vingtaine de centim\u00e8tres, selon leur bon vouloir, ce qui leur permet de \u00ab\u00a0dispara\u00eetre\u00a0\u00bb avec une aisance qu&rsquo;aucun autre peuple ne peut \u00e9galer. Certains f\u00e9es ont aussi des marques color\u00e9es sur les mains et les pieds, qui remontent plus ou moins sur leurs membres. Ce sont g\u00e9n\u00e9ralement des f\u00e9es plus sauvages.<\/p>\n<p style=\"text-align: justify;\">Ce qui est v\u00e9ritablement d\u00e9routant dans ce peuple, c&rsquo;est leur caract\u00e8re totalement volage et libertin. Les f\u00e9es adorent s\u00e9duire et plaire, usant et abusant du charme particulier que leur offre un regard d\u00e9pourvu de pupille. Mais la plupart du temps, c&rsquo;est pour mieux arriver \u00e0 leurs fins, qui sont rarement innocentes. Les f\u00e9es ne sont absolument pas candides ou na\u00efves, surtout les rares que l&rsquo;on peut rencontrer en dehors de la For\u00eat de Lotus. Les f\u00e9es sont \u00e0 l&rsquo;image de leurs d\u00e9esses de pr\u00e9dilection, Allana et Elenzel, et sont plus dangereuses que ne le laisse penser le premier abord.<\/p>\n<p style=\"text-align: justify;\">Il n&rsquo;est pas rare d&rsquo;entendre dire que des voyageurs \u00e9gar\u00e9s dans la for\u00eat des f\u00e9es ne sont jamais r\u00e9apparus. Mais ce sont des rumeurs difficiles \u00e0 v\u00e9rifier.<\/p>\n<p style=\"text-align: justify;\">Leur soci\u00e9t\u00e9 n&rsquo;est ni patriarcale ni matriarcale, laissant dubitatifs les royaumes limitrophes, souvent humains, qui ne comprennent pas leur philosophie. Et les dirigeants de ces royaumes sont souvent d\u00e9stabilis\u00e9s en faisant face \u00e0 la plus haute autorit\u00e9 des peuples f\u00e9\u00e9riques : l&rsquo;Imp\u00e9ratrice Saki Nei qui ne voit aucun inconv\u00e9nient \u00e0 se d\u00e9placer dans des tenues qui ne cachent rien de son corps enchanteur\u2026<\/p>\n<p><div class=\"wp-block-image\"><\/p>\n<figure class=\"aligncenter size-full\"><img data-recalc-dims=\"1\" loading=\"lazy\" decoding=\"async\" width=\"50\" height=\"52\" class=\"wp-image-310\" src=\"https:\/\/i0.wp.com\/www.vyrhelle.com\/arcea\/wp-content\/uploads\/2020\/03\/celtic_knot_titre.png?resize=50%2C52&#038;ssl=1\" alt=\"\" \/><\/figure>\n<p><\/div><\/p>\n\n<p style=\"text-align: justify;\"><strong>Les Nymphes et les Na\u00efades :<\/strong><\/p>\n<p style=\"text-align: justify;\">Les grandes diff\u00e9rences entre ces deux autres peuples et les f\u00e9es r\u00e9sident principalement dans leur apparence et leur lieu de vie. Les nymphes vivent \u00e0 m\u00eame le sol, se m\u00ealant \u00e0 la v\u00e9g\u00e9tation, et affichent des pigmentations plus proches des teintes naturelles, comme le vert sombre, le brun et l&rsquo;ocre. Elles poss\u00e8dent des ailes, souvent petites, leur permettant de faire de larges bonds, mais pas de r\u00e9ellement voler.<\/p>\n<p style=\"text-align: justify;\">Quant aux na\u00efades, leur domaine, c&rsquo;est l&rsquo;eau. Et comme les nymphes, leur pigmentation s&rsquo;est adapt\u00e9e \u00e0 ce milieu en des nuances de gris, de bleus et de toute une gamme de tons pastels. Aucune aile pour elles : ce sont des nageoires diaphanes qu&rsquo;elles peuvent utiliser et escamoter \u00e0 volont\u00e9.<\/p>\n<p style=\"text-align: justify;\">Tout ce petit monde est soumis \u00e0 la m\u00eame autorit\u00e9 imp\u00e9riale, chacun s&rsquo;y retrouvant, car chacun s&rsquo;occupant d&rsquo;un territoire diff\u00e9rent. Une harmonie et une qui\u00e9tude que personne n&rsquo;a envie de voir troubler par la venue d&rsquo;\u00e9trangers&#8230;<\/p>\n\n<div class=\"wp-block-image\">\n<figure class=\"aligncenter size-full\"><img data-recalc-dims=\"1\" loading=\"lazy\" decoding=\"async\" width=\"50\" height=\"52\" src=\"https:\/\/i0.wp.com\/www.vyrhelle.com\/arcea\/wp-content\/uploads\/2020\/03\/celtic_knot_titre.png?resize=50%2C52&#038;ssl=1\" alt=\"\" class=\"wp-image-310\"\/><\/figure>\n<\/div>","protected":false},"excerpt":{"rendered":"<p>Les f\u00e9es sont en r\u00e9alit\u00e9 divis\u00e9es en trois peuples distincts : les f\u00e9es, les nymphes et les na\u00efades. Mais comme ils vivent tous reclus et en autarcie dans la grande For\u00eat de Lotus, en plein coeur de Varen&rsquo;ka, les autres peuples ont fini par les amalgamer. Et pour cause, ces trois peuples ont de nombreuses [&hellip;]<\/p>\n","protected":false},"author":1,"featured_media":0,"parent":37,"menu_order":9,"comment_status":"closed","ping_status":"closed","template":"template-fullwidth.php","meta":{"jetpack_post_was_ever_published":false,"footnotes":""},"class_list":["post-1146","page","type-page","status-publish","hentry","post-preview"],"jetpack_sharing_enabled":true,"jetpack_likes_enabled":false,"_links":{"self":[{"href":"https:\/\/www.vyrhelle.com\/arcea\/wp-json\/wp\/v2\/pages\/1146","targetHints":{"allow":["GET"]}}],"collection":[{"href":"https:\/\/www.vyrhelle.com\/arcea\/wp-json\/wp\/v2\/pages"}],"about":[{"href":"https:\/\/www.vyrhelle.com\/arcea\/wp-json\/wp\/v2\/types\/page"}],"author":[{"embeddable":true,"href":"https:\/\/www.vyrhelle.com\/arcea\/wp-json\/wp\/v2\/users\/1"}],"replies":[{"embeddable":true,"href":"https:\/\/www.vyrhelle.com\/arcea\/wp-json\/wp\/v2\/comments?post=1146"}],"version-history":[{"count":8,"href":"https:\/\/www.vyrhelle.com\/arcea\/wp-json\/wp\/v2\/pages\/1146\/revisions"}],"predecessor-version":[{"id":3262,"href":"https:\/\/www.vyrhelle.com\/arcea\/wp-json\/wp\/v2\/pages\/1146\/revisions\/3262"}],"up":[{"embeddable":true,"href":"https:\/\/www.vyrhelle.com\/arcea\/wp-json\/wp\/v2\/pages\/37"}],"wp:attachment":[{"href":"https:\/\/www.vyrhelle.com\/arcea\/wp-json\/wp\/v2\/media?parent=1146"}],"curies":[{"name":"wp","href":"https:\/\/api.w.org\/{rel}","templated":true}]}}