{"id":1153,"date":"2020-03-28T19:12:14","date_gmt":"2020-03-28T18:12:14","guid":{"rendered":"http:\/\/www.vyrhelle.com\/blog\/?page_id=1153"},"modified":"2025-11-10T18:18:39","modified_gmt":"2025-11-10T17:18:39","slug":"ohenis","status":"publish","type":"page","link":"https:\/\/www.vyrhelle.com\/arcea\/bonus\/peuples\/ohenis\/","title":{"rendered":"Les O&rsquo;henis"},"content":{"rendered":"<p align=\"justify\">Aux yeux du monde entier, le peuple des O&rsquo;h\u00e9nis n&rsquo;est qu&rsquo;une l\u00e9gende tr\u00e8s ancienne, celle de cr\u00e9atures d&rsquo;autrefois qui auraient pr\u00e9f\u00e9r\u00e9 vivre \u00e0 C\u00e9lestia, le plan des Dieux, plut\u00f4t que dans le plan des mortels. Certains fous pr\u00e9tendent avoir vu une cr\u00e9ature humano\u00efde \u00e0 la fois splendide et terrible, aux grandes ailes immat\u00e9rielles semblant repr\u00e9senter leur \u00e2me. Mais qui irait croire des fadaises pareilles ?<\/p>\n\n<div class=\"wp-block-image\">\n<figure class=\"aligncenter size-full\"><img data-recalc-dims=\"1\" loading=\"lazy\" decoding=\"async\" width=\"50\" height=\"52\" src=\"https:\/\/i0.wp.com\/www.vyrhelle.com\/arcea\/wp-content\/uploads\/2020\/03\/celtic_knot_titre.png?resize=50%2C52&#038;ssl=1\" alt=\"\" class=\"wp-image-310\"\/><\/figure>\n<\/div>","protected":false},"excerpt":{"rendered":"<p>Aux yeux du monde entier, le peuple des O&rsquo;h\u00e9nis n&rsquo;est qu&rsquo;une l\u00e9gende tr\u00e8s ancienne, celle de cr\u00e9atures d&rsquo;autrefois qui auraient pr\u00e9f\u00e9r\u00e9 vivre \u00e0 C\u00e9lestia, le plan des Dieux, plut\u00f4t que dans le plan des mortels. Certains fous pr\u00e9tendent avoir vu une cr\u00e9ature humano\u00efde \u00e0 la fois splendide et terrible, aux grandes ailes immat\u00e9rielles semblant repr\u00e9senter [&hellip;]<\/p>\n","protected":false},"author":1,"featured_media":0,"parent":37,"menu_order":12,"comment_status":"closed","ping_status":"closed","template":"template-fullwidth.php","meta":{"jetpack_post_was_ever_published":false,"footnotes":""},"class_list":["post-1153","page","type-page","status-publish","hentry","post-preview"],"jetpack_sharing_enabled":true,"jetpack_likes_enabled":false,"_links":{"self":[{"href":"https:\/\/www.vyrhelle.com\/arcea\/wp-json\/wp\/v2\/pages\/1153","targetHints":{"allow":["GET"]}}],"collection":[{"href":"https:\/\/www.vyrhelle.com\/arcea\/wp-json\/wp\/v2\/pages"}],"about":[{"href":"https:\/\/www.vyrhelle.com\/arcea\/wp-json\/wp\/v2\/types\/page"}],"author":[{"embeddable":true,"href":"https:\/\/www.vyrhelle.com\/arcea\/wp-json\/wp\/v2\/users\/1"}],"replies":[{"embeddable":true,"href":"https:\/\/www.vyrhelle.com\/arcea\/wp-json\/wp\/v2\/comments?post=1153"}],"version-history":[{"count":5,"href":"https:\/\/www.vyrhelle.com\/arcea\/wp-json\/wp\/v2\/pages\/1153\/revisions"}],"predecessor-version":[{"id":3268,"href":"https:\/\/www.vyrhelle.com\/arcea\/wp-json\/wp\/v2\/pages\/1153\/revisions\/3268"}],"up":[{"embeddable":true,"href":"https:\/\/www.vyrhelle.com\/arcea\/wp-json\/wp\/v2\/pages\/37"}],"wp:attachment":[{"href":"https:\/\/www.vyrhelle.com\/arcea\/wp-json\/wp\/v2\/media?parent=1153"}],"curies":[{"name":"wp","href":"https:\/\/api.w.org\/{rel}","templated":true}]}}