{"id":17,"date":"2016-03-05T19:38:44","date_gmt":"2016-03-05T18:38:44","guid":{"rendered":"http:\/\/www.vyrhelle.com\/over-a-single-tango\/?page_id=17"},"modified":"2025-11-11T18:27:57","modified_gmt":"2025-11-11T17:27:57","slug":"bonus","status":"publish","type":"page","link":"https:\/\/www.vyrhelle.com\/arcea\/bonus\/","title":{"rendered":"Arcea, les bonus"},"content":{"rendered":"\n<p><\/p>\n\n\n<p style=\"text-align: justify;\">Plut\u00f4t que d\u2019offrir de succincts bonus \u00ab papier \u00bb en fin d\u2019album de BD, j\u2019ai d\u00e9cid\u00e9 de compiler tout ce qui touchait \u00e0 l\u2019univers d\u2019Arcea dans cette section sp\u00e9ciale de mon site internet. Pourquoi ce choix ? Pour la simple et bonne raison qu\u2019internet est plus mall\u00e9able et offre plus d\u2019outils que des pages imprim\u00e9es. Des outils que j\u2019ai s\u00e9par\u00e9s en plusieurs sections rassembl\u00e9es dans le menu ci-dessous.<\/p>\n<p style=\"text-align: center;\"><a href=\"https:\/\/www.vyrhelle.com\/arcea\/bonus\/cartes\/\"><img data-recalc-dims=\"1\" loading=\"lazy\" decoding=\"async\" class=\"aligncenter size-full wp-image-389\" src=\"https:\/\/i0.wp.com\/www.vyrhelle.com\/arcea\/wp-content\/uploads\/2020\/03\/bouton_carte.jpg?resize=150%2C300&#038;ssl=1\" alt=\"\" width=\"150\" height=\"300\" \/><\/a> <a href=\"https:\/\/www.vyrhelle.com\/arcea\/bonus\/personnages\/\"><img data-recalc-dims=\"1\" loading=\"lazy\" decoding=\"async\" class=\"aligncenter size-full wp-image-387\" src=\"https:\/\/i0.wp.com\/www.vyrhelle.com\/arcea\/wp-content\/uploads\/2020\/03\/bouton_perso.jpg?resize=150%2C300&#038;ssl=1\" alt=\"\" width=\"150\" height=\"300\" \/><\/a> <a href=\"https:\/\/www.vyrhelle.com\/arcea\/bonus\/peuples\/\"><img data-recalc-dims=\"1\" loading=\"lazy\" decoding=\"async\" class=\"aligncenter size-full wp-image-391\" src=\"https:\/\/i0.wp.com\/www.vyrhelle.com\/arcea\/wp-content\/uploads\/2020\/03\/bouton_peuples.jpg?resize=150%2C300&#038;ssl=1\" alt=\"\" width=\"150\" height=\"300\" \/><\/a> <a href=\"https:\/\/www.vyrhelle.com\/arcea\/bonus\/dieux\/\"><img data-recalc-dims=\"1\" loading=\"lazy\" decoding=\"async\" class=\"aligncenter size-full wp-image-395\" src=\"https:\/\/i0.wp.com\/www.vyrhelle.com\/arcea\/wp-content\/uploads\/2020\/03\/bouton_dieux.jpg?resize=150%2C300&#038;ssl=1\" alt=\"\" width=\"150\" height=\"300\" \/><\/a> <a href=\"https:\/\/www.vyrhelle.com\/arcea\/bonus\/objets\/\"><img data-recalc-dims=\"1\" loading=\"lazy\" decoding=\"async\" class=\"aligncenter size-full wp-image-398\" src=\"https:\/\/i0.wp.com\/www.vyrhelle.com\/arcea\/wp-content\/uploads\/2020\/03\/bouton_objets.jpg?resize=150%2C300&#038;ssl=1\" alt=\"\" width=\"150\" height=\"300\" \/><\/a> <a href=\"https:\/\/www.vyrhelle.com\/arcea\/bonus\/lieux\/\"><img data-recalc-dims=\"1\" loading=\"lazy\" decoding=\"async\" class=\"aligncenter size-full wp-image-400\" src=\"https:\/\/i0.wp.com\/www.vyrhelle.com\/arcea\/wp-content\/uploads\/2020\/03\/bouton_lieux.jpg?resize=150%2C300&#038;ssl=1\" alt=\"\" width=\"150\" height=\"300\" \/><\/a><\/p>","protected":false},"excerpt":{"rendered":"<p>Plut\u00f4t que d\u2019offrir de succincts bonus \u00ab papier \u00bb en fin d\u2019album de BD, j\u2019ai d\u00e9cid\u00e9 de compiler tout ce qui touchait \u00e0 l\u2019univers d\u2019Arcea dans cette section sp\u00e9ciale de mon site internet. Pourquoi ce choix ? Pour la simple et bonne raison qu\u2019internet est plus mall\u00e9able et offre plus d\u2019outils que des pages imprim\u00e9es. [&hellip;]<\/p>\n","protected":false},"author":1,"featured_media":0,"parent":0,"menu_order":3,"comment_status":"closed","ping_status":"closed","template":"template-fullwidth.php","meta":{"jetpack_post_was_ever_published":false,"footnotes":""},"class_list":["post-17","page","type-page","status-publish","hentry","post-preview"],"jetpack_sharing_enabled":true,"jetpack_likes_enabled":false,"_links":{"self":[{"href":"https:\/\/www.vyrhelle.com\/arcea\/wp-json\/wp\/v2\/pages\/17","targetHints":{"allow":["GET"]}}],"collection":[{"href":"https:\/\/www.vyrhelle.com\/arcea\/wp-json\/wp\/v2\/pages"}],"about":[{"href":"https:\/\/www.vyrhelle.com\/arcea\/wp-json\/wp\/v2\/types\/page"}],"author":[{"embeddable":true,"href":"https:\/\/www.vyrhelle.com\/arcea\/wp-json\/wp\/v2\/users\/1"}],"replies":[{"embeddable":true,"href":"https:\/\/www.vyrhelle.com\/arcea\/wp-json\/wp\/v2\/comments?post=17"}],"version-history":[{"count":30,"href":"https:\/\/www.vyrhelle.com\/arcea\/wp-json\/wp\/v2\/pages\/17\/revisions"}],"predecessor-version":[{"id":3836,"href":"https:\/\/www.vyrhelle.com\/arcea\/wp-json\/wp\/v2\/pages\/17\/revisions\/3836"}],"wp:attachment":[{"href":"https:\/\/www.vyrhelle.com\/arcea\/wp-json\/wp\/v2\/media?parent=17"}],"curies":[{"name":"wp","href":"https:\/\/api.w.org\/{rel}","templated":true}]}}