{"id":2014,"date":"2020-05-14T02:46:19","date_gmt":"2020-05-14T00:46:19","guid":{"rendered":"https:\/\/www.vyrhelle.com\/arcea\/?page_id=2014"},"modified":"2025-11-10T18:44:05","modified_gmt":"2025-11-10T17:44:05","slug":"politique-de-confidentialite","status":"publish","type":"page","link":"https:\/\/www.vyrhelle.com\/arcea\/politique-de-confidentialite\/","title":{"rendered":"Politique de confidentialit\u00e9"},"content":{"rendered":"\n<h3 class=\"wp-block-heading\">Qui sommes-nous&nbsp;?<\/h3>\n\n\n<p style=\"text-align: justify;\">L\u2019adresse de notre site Web est : <a href=\"https:\/\/www.vyrhelle.com\">https:\/\/www.vyrhelle.com<\/a><br>L&rsquo;adresse https:\/\/vyrhelle.com\/livre_tango\/ est cependant soumise \u00e0 des r\u00e8gles de confidentialit\u00e9 un peu diff\u00e9rentes d\u00e9crites \u00e0 cette adresse : <a href=\"https:\/\/www.vyrhelle.com\/livre_tango\/politique-de-confidentialite\/\">https:\/\/www.vyrhelle.com\/livre_tango\/politique-de-confidentialite\/<\/a><\/p>\n\n\n<h3 class=\"wp-block-heading\">Utilisation des donn\u00e9es personnelles collect\u00e9es<\/h3>\n\n\n\n<h4 class=\"wp-block-heading\"><strong>Commentaires<\/strong><\/h4>\n\n\n<p style=\"text-align: justify;\">Quand vous laissez un commentaire sur notre site web, les donn\u00e9es inscrites dans le formulaire de commentaire, mais aussi votre adresse IP et l\u2019agent utilisateur de votre navigateur sont collect\u00e9s pour nous aider \u00e0 la d\u00e9tection des commentaires ind\u00e9sirables.<\/p>\n<p style=\"text-align: justify;\">Une cha\u00eene anonymis\u00e9e cr\u00e9\u00e9e \u00e0 partir de votre adresse de messagerie (\u00e9galement appel\u00e9e hash) peut \u00eatre envoy\u00e9e au service Gravatar pour v\u00e9rifier si vous utilisez ce dernier. Les clauses de confidentialit\u00e9 du service Gravatar sont disponibles ici&nbsp;: https:\/\/automattic.com\/privacy\/. Apr\u00e8s validation de votre commentaire, votre photo de profil sera visible publiquement \u00e0 cot\u00e9 de votre commentaire.<\/p>\n<p style=\"text-align: justify;\">En cas de demande de notification par mail de r\u00e9ponse(s) \u00e0 vos commentaires, votre adresse e-mail sera enregistr\u00e9e dans une liste sp\u00e9cifique consultable par l&rsquo;administratrice du site. L&rsquo;envoi de mail de notification est cependant automatique et sans intervention ext\u00e9rieure. Il vous est possible de vous d\u00e9sabonner d&rsquo;un fil de commentaire directement sur celui-ci ou sur demande \u00e0 l&rsquo;administratrice.<\/p>\n\n\n<h4 class=\"wp-block-heading\"><strong>M\u00e9dias<\/strong><\/h4>\n\n\n<p style=\"text-align: justify;\">Si vous \u00eates un utilisateur ou une utilisatrice enregistr\u00e9\u00b7e et que vous t\u00e9l\u00e9versez des images sur le site web, nous vous conseillons d\u2019\u00e9viter de t\u00e9l\u00e9verser des images contenant des donn\u00e9es EXIF de coordonn\u00e9es GPS. Les visiteurs de votre site web peuvent t\u00e9l\u00e9charger et extraire des donn\u00e9es de localisation depuis ces images.<\/p>\n\n\n<h4 class=\"wp-block-heading\"><strong>Formulaires de contact<\/strong><\/h4>\n\n\n<p style=\"text-align: justify;\">Les formulaires de contact sont l\u00e0 pour communiquer avec l&rsquo;administratrice du site, et ainsi faciliter les \u00e9changes, demandes et questions directs. Vos nom et adresses mails seront demand\u00e9s pour \u00e9viter les messages ind\u00e9sirables ( robots, messages d&rsquo;hame\u00e7onnage, etc. ). Ces informations serviront \u00e9galement \u00e0 vous transmettre une r\u00e9ponse directe par mail.<br>Ces informations sont uniquement consultables par l&rsquo;administratrice du site.<\/p>\n\n\n<h3 class=\"wp-block-heading\">Abonnements par e-mail au site et \u00e0 la boutique<\/h3>\n\n\n<p style=\"text-align: justify;\">Si vous choisissez de vous abonner au blog et\/ou \u00e0 la boutique en ligne, votre adresse mail sera enregistr\u00e9e dans des listes sp\u00e9cifiques pr\u00e9vues \u00e0 cet effet. Les adresses mail renseign\u00e9es serviront uniquement et automatiquement \u00e0 l&rsquo;envoi de notification de la publication de nouveaux articles\/produits. Ces listes sont consultables par l&rsquo;administratrice uniquement. Il vous est possible de vous d\u00e9sabonner \u00e0 tout moment ou sur simple demande.<\/p>\n\n\n<h3 class=\"wp-block-heading\">Cookies<\/h3>\n\n\n<p style=\"text-align: justify;\">Si vous d\u00e9posez un commentaire sur notre site, il vous sera propos\u00e9 d\u2019enregistrer votre nom, adresse de messagerie et site web dans des cookies. C\u2019est uniquement pour votre confort afin de ne pas avoir \u00e0 saisir ces informations si vous d\u00e9posez un autre commentaire plus tard. Ces cookies expirent au bout d\u2019un an.<\/p>\n<p style=\"text-align: justify;\">Si vous vous rendez sur la page de connexion, un cookie temporaire sera cr\u00e9\u00e9 afin de d\u00e9terminer si votre navigateur accepte les cookies. Il ne contient pas de donn\u00e9es personnelles et sera supprim\u00e9 automatiquement \u00e0 la fermeture de votre navigateur.<\/p>\n<p style=\"text-align: justify;\">Lorsque vous vous connecterez, nous mettrons en place un certain nombre de cookies pour enregistrer vos informations de connexion et vos pr\u00e9f\u00e9rences d\u2019\u00e9cran. La dur\u00e9e de vie d\u2019un cookie de connexion est de deux jours, celle d\u2019un cookie d\u2019option d\u2019\u00e9cran est d\u2019un an. Si vous cochez \u00ab Se souvenir de moi \u00bb, votre cookie de connexion sera conserv\u00e9 pendant deux semaines. Si vous vous d\u00e9connectez de votre compte, le cookie de connexion sera effac\u00e9.<\/p>\n<p style=\"text-align: justify;\">En modifiant ou en publiant une publication, un cookie suppl\u00e9mentaire sera enregistr\u00e9 dans votre navigateur. Ce cookie ne comprend aucune donn\u00e9e personnelle. Il indique simplement l\u2019ID de la publication que vous venez de modifier. Il expire au bout d\u2019un jour.<\/p>\n\n\n<h3 class=\"wp-block-heading\">Contenu embarqu\u00e9 depuis d\u2019autres sites<\/h3>\n\n\n<p style=\"text-align: justify;\">Les articles de ce site peuvent inclure des contenus int\u00e9gr\u00e9s (par exemple des vid\u00e9os, images, articles\u2026). Le contenu int\u00e9gr\u00e9 depuis d\u2019autres sites se comporte de la m\u00eame mani\u00e8re que si le visiteur se rendait sur cet autre site.<\/p>\n<p style=\"text-align: justify;\">Ces sites web pourraient collecter des donn\u00e9es sur vous, utiliser des cookies, embarquer des outils de suivis tiers, suivre vos interactions avec ces contenus embarqu\u00e9s si vous disposez d\u2019un compte connect\u00e9 sur leur site web.<\/p>\n\n\n<h3 class=\"wp-block-heading\">Statistiques et mesures d\u2019audience<\/h3>\n\n\n<p style=\"text-align: justify;\">Notre site utilise deux extensions wordpress g\u00e9rant les statistiques et mesures d&rsquo;audience, Jetpack et WPstatistics. Toutes deux aux normes RGDP, elles recueillent plusieurs informations et donn\u00e9es sur les visiteurs du site :<\/p>\n<ul style=\"text-align: justify;\">\n<li>adresse IP, pays et ville.<\/li>\n<li>navigateur utilis\u00e9<\/li>\n<li>OS<\/li>\n<li>sites r\u00e9f\u00e9rents ( sites par lesquels vous \u00eates arriv\u00e9 sur vyrhelle.com<\/li>\n<li>le top des pages les plus vues<\/li>\n<li>le nombre d&rsquo;abonn\u00e9s au blog et\/ou aux commentaires<\/li>\n<\/ul>\n<p style=\"text-align: justify;\">Ces informations ne sont consultables que par l&rsquo;administratice du site pour s&rsquo;adapter au mieux aux habitudes des visiteurs.<\/p>\n\n\n<h3 class=\"wp-block-heading\">Utilisation et transmission de vos donn\u00e9es personnelles<\/h3>\n\n\n\n<h4 class=\"wp-block-heading\"><strong>Dur\u00e9es de stockage de vos donn\u00e9es<\/strong><\/h4>\n\n\n<p><strong>Sur le site et le blog :<\/strong><\/p>\n<p style=\"text-align: justify;\">Si vous laissez un commentaire, le commentaire et ses m\u00e9tadonn\u00e9es sont conserv\u00e9s ind\u00e9finiment. Cela permet de reconna\u00eetre et approuver automatiquement les commentaires suivants au lieu de les laisser dans la file de mod\u00e9ration.<\/p>\n<p style=\"text-align: justify;\">Pour les utilisateurs et utilisatrices qui s\u2019enregistrent sur notre site ( enregistrement possible en pied de page, dans la section \u00a0\u00bb Mon compte \u00ab\u00a0, nous stockons \u00e9galement les donn\u00e9es personnelles indiqu\u00e9es dans leur profil. Tous les utilisateurs et utilisatrices peuvent voir, modifier ou supprimer leurs informations personnelles \u00e0 tout moment (\u00e0 l\u2019exception de leur nom d\u2019utilisateur\u00b7ice). Les gestionnaires du site peuvent aussi voir et modifier ces informations.<\/p>\n<p><strong>Sur la boutique en ligne :<\/strong><\/p>\n<p style=\"text-align: justify;\">Les comptes pouvant \u00eatre cr\u00e9\u00e9s sur le site et sur la boutique sont deux comptes diff\u00e9rents dont les donn\u00e9es sont g\u00e9r\u00e9es s\u00e9par\u00e9ment. Pour le site, se r\u00e9f\u00e9rer ci-dessus. Pour la boutique, des informations plus compl\u00e8tes sont demand\u00e9es pour permettre la bonne gestion des commandes et l&rsquo;envoi de celles-ci. Ainsi vos nom, pr\u00e9nom, adresse postale compl\u00e8te, adresse mail valide seront obligatoirement demand\u00e9s pour une adresse de livraison mais aussi pour une adresse de facturation si celle-ci est diff\u00e9rente de l&rsquo;adresse de livraison. Un num\u00e9ro de t\u00e9l\u00e9phone pourra \u00eatre ajout\u00e9 de mani\u00e8re optionnelle.<\/p>\n<p style=\"text-align: justify;\">Toutes ces informations ne seront visibles que par le\/la client\/e, ainsi que par l&rsquo;administratrice de la boutique, Vyrhelle. Ces informations serviront \u00e0 l&rsquo;exp\u00e9dition des colis correspondant \u00e0 chaque commande valid\u00e9e. Ainsi, nom, pr\u00e9nom et adresse postale compl\u00e8tes d\u00e9sign\u00e9es pour la livraison figureront sur le colis correspondant \u00e0 la commande valid\u00e9e.<\/p>\n<p style=\"text-align: justify;\">L&rsquo;utilisation de la boutique n&rsquo;impose pas la cr\u00e9ation d&rsquo;un compte client. La cr\u00e9ation de ce compte facilite simplement les commandes ult\u00e9rieures, en n&rsquo;obligeant pas \u00e0 remplir le formulaire de commande \u00e0 chaque commande effectu\u00e9e. Mais les m\u00eames donn\u00e9es seront demand\u00e9es au client sans compte, client dit \u00ab\u00a0visiteur\u00a0\u00bb.<br>Dans tous les cas, voici le d\u00e9tails des d\u00e9lais de conservation des donn\u00e9es :<\/p>\n<ul>\n<li>Conservation des comptes inactifs : 2 ans<\/li>\n<li>Conservation des commandes en attente : 1 mois<\/li>\n<li>Conservation des commandes \u00e9chou\u00e9es : 5 jours<\/li>\n<li>Conservation des commandes annul\u00e9es : 5 jours<\/li>\n<li>Conservation des commandes effectu\u00e9es : 6 ans<\/li>\n<\/ul>\n<p style=\"text-align: justify;\">Une option \u00e0 l&rsquo;\u00e9cran des commandes permet de supprimer les donn\u00e9es personnelles en bloc. Notez que la suppression de donn\u00e9es personnelles est d\u00e9finitive et demandera une validation par mail \u00e0 l&rsquo;utilisateur. Cette op\u00e9ration pourra \u00eatre aussi effectu\u00e9e par l&rsquo;administratrice du site sur simple demande.<br>Le cas \u00e9ch\u00e9ant, les commentaires et commandes effectu\u00e9s seront anonymis\u00e9s, puis supprim\u00e9s une fois le d\u00e9lai de conservation expir\u00e9.<\/p>\n\n\n<h4 class=\"wp-block-heading\"><strong>Les droits que vous avez sur vos donn\u00e9es<\/strong><\/h4>\n\n\n<p style=\"text-align: justify;\">Si vous avez un compte ou si vous avez laiss\u00e9 des commentaires sur le site, vous pouvez demander \u00e0 recevoir un fichier contenant toutes les donn\u00e9es personnelles que nous poss\u00e9dons \u00e0 votre sujet, incluant celles que vous nous avez fournies. Vous pouvez \u00e9galement demander la suppression des donn\u00e9es personnelles vous concernant. Cela ne prend pas en compte les donn\u00e9es stock\u00e9es \u00e0 des fins administratives, l\u00e9gales ou pour des raisons de s\u00e9curit\u00e9.<\/p>\n\n\n<h4 class=\"wp-block-heading\"><strong>Transmission de vos donn\u00e9es personnelles<\/strong><\/h4>\n\n\n<p style=\"text-align: justify;\">Les commentaires des visiteurs sont v\u00e9rifi\u00e9s \u00e0 l\u2019aide d\u2019un service automatis\u00e9 de d\u00e9tection des commentaires ind\u00e9sirables ( Akimset )<\/p>\n\n\n<h3 class=\"wp-block-heading\">Informations de contact<\/h3>\n\n\n<p>Le site est g\u00e9r\u00e9 par Gomez L\u00e9onard Virginie alias Vyrhelle. R\u00e9sidant \u00e0 St Priest, Rh\u00f4ne, France.<br data-rich-text-line-break=\"true\">L&rsquo;h\u00e9bergeur est <a href=\"https:\/\/www.likuid.com\/eu\/\">Likuid.com<\/a><\/p>\n\n\n<h3 class=\"wp-block-heading\">Informations suppl\u00e9mentaires<\/h3>\n\n\n\n<h4 class=\"wp-block-heading\"><strong>Comment nous prot\u00e9geons vos donn\u00e9es<\/strong><\/h4>\n\n\n<p style=\"text-align: justify;\">Pour une meilleure s\u00e9curit\u00e9, tout notre site est sous certificat SSL\/TLS. Cela signifie que l&rsquo;ensemble des \u00e9changes sur notre site est crypt\u00e9.<\/p>\n\n\n<h4 class=\"wp-block-heading\"><strong>Proc\u00e9dures mises en \u0153uvre en cas de fuite de donn\u00e9es<\/strong><\/h4>\n\n\n<p style=\"text-align: justify;\">Les proc\u00e9dures mises en \u0153uvres en cas de fuite seront celles pr\u00e9conis\u00e9es par le CNIL<\/p>\n<ul>\n<li style=\"text-align: justify;\">\u00a0 D\u00e9claration, sous 72 heures apr\u00e8s constat de la fuite, aupr\u00e8s du CNIL<\/li>\n<li style=\"text-align: justify;\">Notification \u00e0 toutes les personnes concern\u00e9es par la fuite, en pr\u00e9cisant, si possible, la nature des donn\u00e9es qui ont fuit\u00e9es<\/li>\n<li style=\"text-align: justify;\">Mise en place aussi rapide de possible de moyens pour stopper la fuite ( contact aupr\u00e8s de l&rsquo;h\u00e9bergeur du serveur, isolement de la zone affect\u00e9e, etc. )<\/li>\n<\/ul>\n\n\n<h4 class=\"wp-block-heading\"><strong>Les services tiers qui nous transmettent des donn\u00e9es<\/strong><\/h4>\n\n\n<p style=\"text-align: justify;\">La boutique en ligne utilise une extension sp\u00e9cifique pour calculer les frais de ports automatiquement en fonction d&rsquo;une g\u00e9olocalisation de l&rsquo;utilisateur.rice.&nbsp; C&rsquo;est un calcul indicatif, personnalisable au moment de la commande, mais qui permet d&rsquo;avoir une id\u00e9e assez pr\u00e9cise des frais de port \u00e0 pr\u00e9voir pour tout type de commande et tout lieu d&rsquo;envoi.<br>Cette g\u00e9olocalisation, limit\u00e9e \u00e0 la d\u00e9tection du pays li\u00e9 \u00e0 l&rsquo;IP utilis\u00e9e par l&rsquo;utilisateur, est r\u00e9alis\u00e9e par le site Maxmind ( plus d&rsquo;infortmation sur&nbsp; : https:\/\/www.maxmind.com\/en\/home . Attention, site en anglais )<\/p>\n\n\n<h4 class=\"wp-block-heading\"><strong>Op\u00e9rations de marketing automatis\u00e9 et\/ou de profilage r\u00e9alis\u00e9es \u00e0 l\u2019aide des donn\u00e9es personnelles<\/strong><\/h4>\n\n\n<p style=\"text-align: justify;\">Aucune op\u00e9ration de marketing automatis\u00e9 et\/ou de profilage ne sont r\u00e9alis\u00e9es sur notre site.<\/p>","protected":false},"excerpt":{"rendered":"<p>Qui sommes-nous&nbsp;? L\u2019adresse de notre site Web est : https:\/\/www.vyrhelle.comL&rsquo;adresse https:\/\/vyrhelle.com\/livre_tango\/ est cependant soumise \u00e0 des r\u00e8gles de confidentialit\u00e9 un peu diff\u00e9rentes d\u00e9crites \u00e0 cette adresse : https:\/\/www.vyrhelle.com\/livre_tango\/politique-de-confidentialite\/ Utilisation des donn\u00e9es personnelles collect\u00e9es Commentaires Quand vous laissez un commentaire sur notre site web, les donn\u00e9es inscrites dans le formulaire de commentaire, mais aussi votre adresse [&hellip;]<\/p>\n","protected":false},"author":1,"featured_media":0,"parent":0,"menu_order":0,"comment_status":"closed","ping_status":"closed","template":"template-fullwidth.php","meta":{"jetpack_post_was_ever_published":false,"footnotes":""},"class_list":["post-2014","page","type-page","status-publish","hentry","post-preview"],"jetpack_sharing_enabled":true,"jetpack_likes_enabled":false,"_links":{"self":[{"href":"https:\/\/www.vyrhelle.com\/arcea\/wp-json\/wp\/v2\/pages\/2014","targetHints":{"allow":["GET"]}}],"collection":[{"href":"https:\/\/www.vyrhelle.com\/arcea\/wp-json\/wp\/v2\/pages"}],"about":[{"href":"https:\/\/www.vyrhelle.com\/arcea\/wp-json\/wp\/v2\/types\/page"}],"author":[{"embeddable":true,"href":"https:\/\/www.vyrhelle.com\/arcea\/wp-json\/wp\/v2\/users\/1"}],"replies":[{"embeddable":true,"href":"https:\/\/www.vyrhelle.com\/arcea\/wp-json\/wp\/v2\/comments?post=2014"}],"version-history":[{"count":15,"href":"https:\/\/www.vyrhelle.com\/arcea\/wp-json\/wp\/v2\/pages\/2014\/revisions"}],"predecessor-version":[{"id":2037,"href":"https:\/\/www.vyrhelle.com\/arcea\/wp-json\/wp\/v2\/pages\/2014\/revisions\/2037"}],"wp:attachment":[{"href":"https:\/\/www.vyrhelle.com\/arcea\/wp-json\/wp\/v2\/media?parent=2014"}],"curies":[{"name":"wp","href":"https:\/\/api.w.org\/{rel}","templated":true}]}}