{"id":21,"date":"2016-03-05T19:41:09","date_gmt":"2016-03-05T18:41:09","guid":{"rendered":"http:\/\/www.vyrhelle.com\/over-a-single-tango\/?page_id=21"},"modified":"2025-11-11T19:44:02","modified_gmt":"2025-11-11T18:44:02","slug":"about-writers","status":"publish","type":"page","link":"https:\/\/www.vyrhelle.com\/arcea\/about-writers\/","title":{"rendered":"\u00c0 propos de l&rsquo;autrice"},"content":{"rendered":"<p style=\"text-align: justify;\"><strong>Enfin\u2026 les autrices ! Parce que si Vyrhelle est seule fautive pour la BD, sur les romans, nous sommes deux acolytes \u00e0 s\u00e9vir !<\/strong><\/p>\n\n\n<div class=\"wp-block-columns is-layout-flex wp-container-core-columns-is-layout-9d6595d7 wp-block-columns-is-layout-flex\">\n<div class=\"wp-block-column is-layout-flow wp-block-column-is-layout-flow\"><div class=\"wp-block-image\">\n<figure class=\"aligncenter size-large\"><img data-recalc-dims=\"1\" loading=\"lazy\" decoding=\"async\" width=\"50\" height=\"52\" src=\"https:\/\/i0.wp.com\/www.vyrhelle.com\/arcea\/wp-content\/uploads\/2020\/03\/celtic_knot_titre.png?resize=50%2C52&#038;ssl=1\" alt=\"\" class=\"wp-image-310\"\/><\/figure>\n<\/div>\n\n\n<h2 style=\"text-align: center;\"><span style=\"color: #808000;\">KAE<\/span><\/h2>\n<p style=\"text-align: justify;\"><span style=\"color: #808000;\"><strong>Nom<\/strong> : <\/span>commun<br \/><span style=\"color: #808000;\"><strong>Pr\u00e9nom<\/strong> : <\/span>tr\u00e8s joli<br \/><span style=\"color: #808000;\"><strong>Surnom<\/strong> :<\/span> le Piou, Kae, Tutu, la Tute<br \/><span style=\"color: #808000;\"><strong>Age<\/strong> :<\/span> toujours jeune ! (dans ma t\u00eate, du moins)<br \/><span style=\"color: #808000;\"><strong>Race<\/strong> : <\/span>humaine ? Je crois ? Globalement, en tout cas. C\u2019est presque s\u00fbr. Quasiment. Des t\u00e9moins pourront confirmer.<\/p>\n<\/div>\n\n\n\n<div class=\"wp-block-column is-layout-flow wp-block-column-is-layout-flow\"><div class=\"wp-block-image\">\n<figure class=\"aligncenter size-large\"><img data-recalc-dims=\"1\" loading=\"lazy\" decoding=\"async\" width=\"50\" height=\"52\" src=\"https:\/\/i0.wp.com\/www.vyrhelle.com\/arcea\/wp-content\/uploads\/2020\/03\/celtic_knot_titre.png?resize=50%2C52&#038;ssl=1\" alt=\"\" class=\"wp-image-310\"\/><\/figure>\n<\/div>\n\n\n<h2 style=\"text-align: center;\"><span style=\"color: #666699;\">VYRHELLE<\/span><\/h2>\n<p style=\"text-align: justify;\"><span style=\"color: #666699;\"><strong>Nom<\/strong> :<\/span> \u00c7a d\u00e9pend des \u00e9poques<br \/><span style=\"color: #666699;\"><strong>Pr\u00e9nom<\/strong> :<\/span> Commence comme mon pseudo<br \/><span style=\"color: #666699;\"><strong>Surnom<\/strong> :<\/span> Vivi, Nini, Souris, Charlotte aux fraises, la Pyromane, la marmotte, la folle et j\u2019en passe\u2026<br \/><span style=\"color: #666699;\"><strong>Age<\/strong> :<\/span> j&rsquo;sais plus \u00e0 force, \u00e7a change tous les ans !<br \/><span style=\"color: #666699;\"><strong>Race<\/strong> :<\/span>\u00a0extraterrestre<\/p>\n<\/div>\n<\/div>\n\n\n<div class=\"wp-block-image\">\n<figure class=\"aligncenter size-full\"><img data-recalc-dims=\"1\" loading=\"lazy\" decoding=\"async\" width=\"50\" height=\"52\" src=\"https:\/\/i0.wp.com\/www.vyrhelle.com\/arcea\/wp-content\/uploads\/2020\/03\/celtic_knot_titre.png?resize=50%2C52&#038;ssl=1\" alt=\"\" class=\"wp-image-310\"\/><\/figure>\n<\/div>\n\n<h3 style=\"text-align: center;\"><strong>Informations physiques et psychologiques<\/strong><\/h3>\n<h5 style=\"text-align: center;\"><strong>\u00a0Caract\u00e9ristiques physiques<\/strong><\/h5>\n\n\n<div class=\"wp-block-columns is-layout-flex wp-container-core-columns-is-layout-9d6595d7 wp-block-columns-is-layout-flex\">\n<div class=\"wp-block-column is-layout-flow wp-block-column-is-layout-flow\">\n<p style=\"text-align: justify;\"><span style=\"color: #808000;\"><strong>Taille<\/strong> :<\/span> manque 20 cm pour que ce soit pratique avec les placards<br \/><span style=\"color: #808000;\"><strong>Poids<\/strong> :<\/span> JVOUS EN POSE DES QUESTIONS\u00a0???<br \/><span style=\"color: #808000;\"><strong>Cheveux<\/strong> :<\/span> plein<br \/><span style=\"color: #808000;\"><strong>Yeux<\/strong> :<\/span> deux.<br \/><span style=\"color: #808000;\"><strong>Corpulence<\/strong> :<\/span> plein aussi.<br \/><span style=\"color: #808000;\"><strong>Couleur de peau<\/strong> :<\/span> varie de rouge homard, au soleil, \u00e0 blanc p\u00e2le en temps normal.<br \/><span style=\"color: #808000;\"><strong>Signes physiques particuliers : <\/strong><\/span><span style=\"font-size: inherit;\">Parait que j\u2019ai d\u2019b\u00f4 z\u2019yeux, ma poule !<br \/><\/span><span style=\"color: #808000;\"><strong>V\u00eatements habituels : <\/strong><\/span><span style=\"font-size: inherit;\">jean, tunique ou pull.\u00a0 Parfois une jupe, mais c\u2019est rare.<\/span><\/p>\n<\/div>\n\n\n\n<div class=\"wp-block-column is-layout-flow wp-block-column-is-layout-flow\">\n<p><span style=\"color: #666699;\"><strong>Taille<\/strong> :<\/span> 1m59 et 1\/2 ( et je tiens au demi!)<br \/><span style=\"color: #666699;\"><strong>Poids<\/strong> :<\/span> m\u00eame r\u00e9ponse que ma coll\u00e8gue \u00e0 gauche !<br \/><span style=\"color: #666699;\"><strong>Cheveux<\/strong> :<\/span> variable. Voire tr\u00e8s variable.<br \/><span style=\"color: #666699;\"><strong>Yeux<\/strong> :<\/span>\u00a0Marrons \u00e0 vert selon la luminosit\u00e9<br \/><span style=\"color: #666699;\"><strong>Corpulence<\/strong> :<\/span>\u00a0cf poids.<br \/><span style=\"color: #666699;\"><strong>Couleur de peau<\/strong> :<\/span> pas tr\u00e8s color\u00e9e<br \/><span style=\"color: #666699;\"><strong>Signes physiques particuliers<\/strong> :<\/span> De jolies cicatrices qui seraient visibles si j&rsquo;\u00e9tais adepte du bikini.<br \/><strong><span style=\"color: #666699;\">V\u00eatements habituels :<\/span> <br \/><\/strong>Chaussures \u00e0 talons<br \/>Pantalons noirs<br \/>Haut noir (veste, d\u00e9bardeur, ou pull, jamais de T-shirt)<\/p>\n<\/div>\n<\/div>\n\n\n<div class=\"wp-block-image\">\n<figure class=\"aligncenter size-full\"><img data-recalc-dims=\"1\" loading=\"lazy\" decoding=\"async\" width=\"50\" height=\"52\" src=\"https:\/\/i0.wp.com\/www.vyrhelle.com\/arcea\/wp-content\/uploads\/2020\/03\/celtic_knot_titre.png?resize=50%2C52&#038;ssl=1\" alt=\"\" class=\"wp-image-310\"\/><\/figure>\n<\/div>\n\n<p style=\"text-align: center;\"><strong>Caract\u00e9ristiques psychologiques<\/strong><\/p>\n\n\n<div class=\"wp-block-columns is-layout-flex wp-container-core-columns-is-layout-9d6595d7 wp-block-columns-is-layout-flex\">\n<div class=\"wp-block-column is-layout-flow wp-block-column-is-layout-flow\">\n<p style=\"text-align: justify;\"><span style=\"color: #808000;\">H<\/span>oula. T\u00eatue \u00e0 tendance t\u00eate de lard, bavarde, a parfois tendance \u00e0 la mauvaise foi, d\u00e9teste l\u2019injustice, les k\u00e9k\u00e9s, l\u2019adolescence avec un grand A, les mobs, le bruit des outils le dimanche, r\u00e2le, pleure devant un Disney, gag\u00e2te devant les animaux (sauf ceux qui ont huit pattes), r\u00e2le, s\u2019\u00e9nerve facilement devant la cr\u00e9tinerie de ce monde, r\u00e2le, croit aux f\u00e9es, aux dragons, \u00e0 Dark Vador et aux Balrogs. Aime les balades en for\u00eat, quand y\u2019a personne, cherche \u00e0 habiter dans des coins paum\u00e9s, retaper des maisons, jardiner, les hurlements de douleur des personnages quand elle MJite, jouer \u00e0 Priax, \u00e9crire et traumatiser ses \u00e9l\u00e8ves, coudre des costumes m\u00e9di\u00e9vaux et des tapis \u00e0 histoires. Ah, et r\u00e2le, aussi. Un peu.<\/p>\n<\/div>\n\n\n\n<div class=\"wp-block-column is-layout-flow wp-block-column-is-layout-flow\">\n<p style=\"text-align: justify;\"><span style=\"color: #666699;\">J<\/span>e suis g\u00e9n\u00e9ralement quelqu\u2019un de calme et pos\u00e9, qui aime \u00eatre avec les gens qu\u2019elle appr\u00e9cie. Mais j&rsquo;aime aussi les temps de solitude o\u00f9 je suis seule avec moi-m\u00eame. Je suis aussi bavarde, r\u00eaveuse.\u00a0 Je suis cocooneuse aussi, parfois paresseuse, \u00e9picurienne et plus intuitive que r\u00e9fl\u00e9chie. J&rsquo;aime cultiver la bienveillance autour de moi, mais il ne faut pas essayer d&rsquo;en abuser, je ne suis pas toujours gentille. Je suis aussi quelqu\u2019un de tr\u00e8s franc dans ses propos. T\u00eatue comme pas deux, je suis difficile \u00e0 raisonner. Quand je n\u2019ai pas envie d\u2019entendre, me faire entendre raison devient alors tout un art\u2026\u00a0<br \/><span style=\"color: #666699;\">E<\/span>n fait, j&rsquo;ai souvent l&rsquo;impression de ne pas toujours me comprendre moi-m\u00eame, c&rsquo;est assez perturbant.<\/p>\n<\/div>\n<\/div>\n\n\n<div class=\"wp-block-image\">\n<figure class=\"aligncenter size-full\"><img data-recalc-dims=\"1\" loading=\"lazy\" decoding=\"async\" width=\"50\" height=\"52\" src=\"https:\/\/i0.wp.com\/www.vyrhelle.com\/arcea\/wp-content\/uploads\/2020\/03\/celtic_knot_titre.png?resize=50%2C52&#038;ssl=1\" alt=\"\" class=\"wp-image-310\"\/><\/figure>\n<\/div>\n\n<h3 style=\"text-align: center;\">Informations sociales<\/h3>\n<\/p>\n\n\n<div class=\"wp-block-columns is-layout-flex wp-container-core-columns-is-layout-9d6595d7 wp-block-columns-is-layout-flex\">\n<div class=\"wp-block-column is-layout-flow wp-block-column-is-layout-flow\">\n<p style=\"text-align: justify;\"><span style=\"color: #d6ab5a;\"><span style=\"color: #808000;\"><strong>Royaume natal<\/strong><\/span> :<\/span> Clamart (pas fait expr\u00e8s).<br \/><strong><span style=\"color: #808000;\">Relation\/Famille\/Statut :<\/span><br \/><\/strong><span style=\"font-size: inherit;\">C\u00e9libataire et tr\u00e8s heureuse de l\u2019\u00eatre, un papa qui observe maintenant le monde sur un nuage, une bi\u00e8re \u00e0 la main, une maman formidable, trois fr\u00e8res et des belles-soeurs, ni\u00e8ces, neveux, deux cochons d\u2019inde enterr\u00e9s dans le jardin, un toutou aussi enterr\u00e9 dans le jardin depuis pas tr\u00e8s longtemps, quelques chats aussi dans le jardin, mais pas enterr\u00e9s, eux, et une pl\u00e9thore de poissons rouges nomm\u00e9s Bubulle qui ont tous fini dans le Grand Toboggan de Porcelaine.<\/span><\/p>\n<\/div>\n\n\n\n<div class=\"wp-block-column is-layout-flow wp-block-column-is-layout-flow\">\n<p><span style=\"color: #666699;\"><strong>Royaume natal<\/strong> :\u00a0<\/span>Oyonnax, Ain, France<br \/><span style=\"color: #666699;\"><strong>Relation\/Famille\/Statut<\/strong> :<\/span><br \/>C\u00e9libataire avec :<br \/>Trois enfants<br \/>Trois fr\u00e8res<br \/>Trois cousins<br \/>Trois grand-m\u00e8res<br \/>Mais seulement deux parents.<\/p>\n<\/div>\n<\/div>\n\n\n<div class=\"wp-block-image\">\n<figure class=\"aligncenter size-full\"><img data-recalc-dims=\"1\" loading=\"lazy\" decoding=\"async\" width=\"50\" height=\"52\" src=\"https:\/\/i0.wp.com\/www.vyrhelle.com\/arcea\/wp-content\/uploads\/2020\/03\/celtic_knot_titre.png?resize=50%2C52&#038;ssl=1\" alt=\"\" class=\"wp-image-310\"\/><\/figure>\n<\/div>\n\n<h3 style=\"text-align: center;\">Informations historiques<\/h3>\n<\/p>\n\n\n<div class=\"wp-block-columns is-layout-flex wp-container-core-columns-is-layout-9d6595d7 wp-block-columns-is-layout-flex\">\n<div class=\"wp-block-column is-layout-flow wp-block-column-is-layout-flow\">\n<p style=\"text-align: justify;\"><span style=\"color: #808000;\">R<\/span>ien de particulier. Fille d\u2019officier militaire, on a pas mal boug\u00e9, mais en se restreignant entre r\u00e9gion parisienne et Lorraine, o\u00f9 j\u2019ai fini par me poser.<br \/><span style=\"color: #808000;\">J<\/span>e suis tomb\u00e9e dans Arcea \u00e0 cause d\u2019une amie et j\u2019ai cr\u00e9\u00e9 mon tout premier personnage et b\u00e9b\u00e9, Nathaniel, rapidement suivi par deux ou trois (dizaines d&rsquo;) autres, dans Arcea ou dans Priax\/Tango.<br \/><span style=\"color: #808000;\">D<\/span>u coup, comme on s\u2019entendait, je suis devenue amie avec une des MJ de ce qui \u00e9tait encore \u00e0 cette \u00e9poque un jeu de r\u00f4le en ligne, et comme on a eu l\u2019id\u00e9e saugrenue mais formidable de se rencontrer IRL, je suis aussi devenue amie avec la deuxi\u00e8me MJ et n\u00e9anmoins dessinatrice \u00e9m\u00e9rite, hein ma vivi ? Et on ne s\u2019est plus quitt\u00e9es, ce qui a cr\u00e9\u00e9 quelques nuits blanches \u00e0 parler sc\u00e9narios et <del>tortures<\/del> <span style=\"text-decoration: line-through;\">morts atroces<\/span> aventures r\u00e9serv\u00e9es aux joueurs.<\/p>\n<\/div>\n\n\n\n<div class=\"wp-block-column is-layout-flow wp-block-column-is-layout-flow\">\n<p style=\"text-align: justify;\"><span style=\"color: #666699;\">N<\/span>\u00e9e d\u2019un p\u00e8re espagnol et d\u2019une m\u00e8re parisienne, dans une ville paum\u00e9e et mortelle d\u2019ennui, sp\u00e9cialis\u00e9e dans le plastique, j&rsquo;ai eu une enfance tranquille. J&rsquo;\u00e9tais m\u00eame une \u00e9l\u00e8ve mod\u00e8le en cours, avec tr\u00e8s t\u00f4t des aptitudes pour le dessin (\u00ab Votre fille (de 4 ans) dessine comme une enfant de 7 ou 8 ans \u00bb)<br \/><span style=\"color: #666699;\">C<\/span>ursus scolaire g\u00e9n\u00e9ral pendant tr\u00e8s longtemps, jusqu\u2019au jour o\u00f9 je me suis d\u00e9cid\u00e9e \u00e0 faire du dessin plus qu\u2019un hobby. Apr\u00e8s un baccalaur\u00e9at s\u00e9rie Scientifique, sp\u00e9cialit\u00e9 Biologie, je pars pour \u00c9mile Cohl, \u00e9cole d\u2019arts appliqu\u00e9s : rien \u00e0 voir me direz-vous\u202f? Et je vous dirais tout \u00e0 fait ^^;<br \/><span style=\"color: #666699;\">J<\/span>\u2019arr\u00eate l\u2019\u00e9cole d&rsquo;art apr\u00e8s 2 ans tr\u00e8s (trop) intenses.<br \/><span style=\"color: #666699;\">E<\/span>nsuite, ann\u00e9es de gal\u00e8res\u2026 Petits boulots, formations, recherche de style de dessin\u2026 Grosse grosse p\u00e9riode de remise en question\u2026 Pas mal de d\u00e9sillusion. Ma vie priv\u00e9e prend le pas sur une vie professionnelle sans avenir.<br \/><span style=\"color: #666699;\">P<\/span>uis d\u00e9couverte du forum Hundred Legacy (dit HDL) qui sera \u00e0 l\u2019origine du monde d\u2019Arcea. Rencontres en tout genre qui me feront devenir accro \u00e0 cet univers. Dessin en intensif.<br \/><span style=\"color: #666699;\">J<\/span>e retrouve go\u00fbt au travail, ma passion rena\u00eet de ses cendres avec Arcea comme support\u2026 et maintenant, une s\u00e9rie de BD en cours de r\u00e9alisation, des projets pleins la t\u00eate et une motivation qu\u2019il va \u00eatre dure de m\u2019enlever \ud83d\ude00<\/p>\n<\/div>\n<\/div>\n\n\n<div class=\"wp-block-image\">\n<figure class=\"aligncenter size-full\"><img data-recalc-dims=\"1\" loading=\"lazy\" decoding=\"async\" width=\"50\" height=\"52\" src=\"https:\/\/i0.wp.com\/www.vyrhelle.com\/arcea\/wp-content\/uploads\/2020\/03\/celtic_knot_titre.png?resize=50%2C52&#038;ssl=1\" alt=\"\" class=\"wp-image-310\"\/><\/figure>\n<\/div>\n\n<h3 style=\"text-align: center;\">Autres informations<\/h3>\n<\/p>\n\n\n<div class=\"wp-block-columns is-layout-flex wp-container-core-columns-is-layout-9d6595d7 wp-block-columns-is-layout-flex\">\n<div class=\"wp-block-column is-layout-flow wp-block-column-is-layout-flow\">\n<p style=\"text-align: justify;\"><span style=\"color: #808000;\"><strong>Classe principale<\/strong> :<\/span> petite section<br \/><span style=\"color: #808000;\"><strong>Classe secondaire<\/strong> :<\/span> \u00e9crivaillon et bricoleuse<br \/><span style=\"color: #808000;\"><strong>Fonction<\/strong> :<\/span> prof des \u00e9coles.<br \/><span style=\"color: #808000;\"><strong>Alignement<\/strong> :<\/span> variable, mais plut\u00f4t bon, je pense. J\u2019esp\u00e8re. Faut demander aux autres.<\/p>\n<p style=\"text-align: justify;\"><strong><span style=\"color: #808000;\">Comp\u00e9tences :<\/span><br \/><\/strong><span style=\"font-size: inherit;\">\u2013 racontage de bobards (genre \u00ab\u00a0je connais le p\u00e8re No\u00ebl\u00a0\u00bb. Tr\u00e8s utile, \u00e7a.)<br \/><\/span>\u2013 couture<br \/>\u2013 lire des histoires du style \u00ab petit ours brun apprend \u00e0 aller sur le pot \u00bb en faisant les voix. Et les bruits, oui.\u00a0<br \/>\u2013 p\u00e2tisser et cuisiner<br \/>\u2013 allumer un barbecue<br \/>\u2013 r\u00e9novation de maison, avec option tapisserie niveau expert<br \/>\u2013 connaissance des comptines (avec les gestes)<br \/>\u2013 lancer la baballe qui fait glingling, niveau ma\u00eetre<br \/>\u2013 charger sa p&rsquo;tite clio en bois, niveau d\u00e9esse, option faut vraiment que je me trouve une remorque<\/p>\n<p style=\"text-align: justify;\"><strong><span style=\"color: #808000;\">Pouvoirs :<\/span><br \/><\/strong><span style=\"font-size: inherit;\">\u2013 r\u00e2ler des heures voire des jours d\u2019affil\u00e9 sans jamais se lasser.<br \/><\/span>\u2013 planter les ordis<\/p>\n<p style=\"text-align: justify;\"><strong><span style=\"color: #808000;\">Habilit\u00e9s raciales :<\/span><br \/><\/strong><span style=\"font-size: inherit;\">\u2013 yeux dans le dos<br \/><\/span>\u2013 r\u00e9sistance accrue \u00e0 la pr\u00e9sence de nombreux enfants d\u00e8s 2 ans<br \/>\u2013 pointer du doigt et enguirlander 4 enfants en m\u00eame temps, \u00e0 4 endroit diff\u00e9rents (et sans chirurgie pr\u00e9alable)<br \/>\u2013\u00a0r\u00e9sistance accrue au ridicule (les comptines, on vous a dit. Avec les gestes)<br \/>\u2013 Diplomatie avec les parents d\u2019\u00e9l\u00e8ves (sisi)<br \/>\u2013 tirer de bouts de tissus disparates un tapis \u00e0 histoire plut\u00f4t joli.<\/p>\n<p style=\"text-align: justify;\"><strong><span style=\"color: #808000;\">Faiblesses :<\/span><br \/><\/strong><span style=\"font-size: inherit;\">\u2013 chocolat<br \/><\/span>\u2013 arachnophobie<br \/>\u2013 intol\u00e9rance au bruit qui ne soit pas sa classe<br \/>\u2013 Tout ce qui ressemble \u00e0 des maths<br \/>\u2013 sens de l&rsquo;orientation<br \/>\u2013 conduite de nuit<\/p>\n<p style=\"text-align: justify;\"><strong><span style=\"color: #808000;\">Langues :<\/span><br \/><\/strong><span style=\"font-size: inherit;\">\u2013 Commun<br \/><\/span>\u2013 anglais, niveau je me d\u00e9brouille\u00a0<br \/>\u2013 dialectes enfantins, niveau expert<br \/>\u2013 miaoutage<\/p>\n<p style=\"text-align: justify;\"><strong><span style=\"color: #808000;\">\u00c9quipement :<\/span><br \/><\/strong><span style=\"font-size: inherit;\">Un ordinateur, une machine \u00e0 coudre, un t\u00e9l\u00e9phone portable, une bonne connexion et des bonbons pour chat.<\/span><\/p>\n<p style=\"text-align: justify;\"><strong><span style=\"color: #808000;\">Familier :<\/span><br \/><\/strong><span style=\"font-size: inherit;\">Deux cr\u00e9atures poilues issues des Enfers, roux, qui r\u00e9clament leur pitance \u00e0 5h30 du matin en sautant sur le lit ou en miaulaaaaant \u00e0 mort parce que fait faim, quoi.<\/span><\/p>\n<p style=\"text-align: justify;\"><span style=\"color: #808000;\"><strong>Continent de d\u00e9part<\/strong> :<\/span> Lorraine<\/p>\n<\/div>\n\n\n\n<div class=\"wp-block-column is-layout-flow wp-block-column-is-layout-flow\">\n<p><strong><span style=\"color: #666699;\">Classe principale :<\/span>\u00a0<\/strong>Illusionniste<br \/><span style=\"color: #666699;\"><strong>Classe secondaire :<\/strong><\/span> conteuse pirate<br \/><span style=\"color: #666699;\"><strong>Fonction\u00a0:<\/strong><\/span> Cr\u00e9atrice multisupport et maman<br \/><span style=\"color: #666699;\"><strong>Alignement :<\/strong> <\/span>\u00e7a d\u00e9pend des phases de la lune\u2026<\/p>\n<p><strong><span style=\"color: #666699;\">Comp\u00e9tences :<\/span><br \/><\/strong>\u2013 connaissance Photoshop niveau ma\u00eetre<br \/>\u2013 ma\u00eetrise de la tablette graphique niveau ma\u00eetre<br \/>\u2013 ambidextrie<br \/>\u2013 baratin<br \/>\u2013 voyageuse de r\u00eave niveau ma\u00eetre<br \/>\u2013 m\u00e9moire proc\u00e9durale accrue<br \/>\u2013 concentration accrue<br \/>\u2013 ma\u00eetrise de la charlotte aux poires niveau d\u00e9esse<\/p>\n<p><strong><span style=\"color: #666699;\">Pouvoirs :<\/span><br \/><\/strong>\u2013 empathie<br \/>\u2013 cr\u00e9ation d\u2019illusions<br \/>\u2013 distorsion de la r\u00e9alit\u00e9<br \/>\u2013 lien symbiotique avec son PC<br \/>\u2013 faire planter les Mac<\/p>\n<p><strong><span style=\"color: #666699;\">Habilit\u00e9s raciales :<\/span><br \/><\/strong>\u2013 dext\u00e9rit\u00e9 manuelle accrue<br \/>\u2013 ou\u00efe nocturne surhumaine<br \/>\u2013 perception des nuances color\u00e9es niveau ma\u00eetre<br \/>\u2013 esquive accrue de la vaisselle<\/p>\n<p><strong><span style=\"color: #666699;\">Faiblesses :<\/span><br \/><\/strong>\u2013 myopie<br \/>\u2013 d\u00e9pendance au caf\u00e9<br \/>\u2013 ochlophobie<br \/>\u2013 insomnie cyclique<br \/>\u2013 hypersensibilit\u00e9 des mains<br \/>\u2013 phobie sociale<br \/>\u2013 la conjugaison du conditionnel<\/p>\n<p><strong><span style=\"color: #666699;\">Langues :<\/span><br \/><\/strong>\u2013 Commun<br \/>\u2013 Animal : (certains matins au r\u00e9veil)<br \/>\u2013 Argon mort-vivant :\u00a0\u00a0si r\u00e9veill\u00e9e au milieu de la nuit<\/p>\n<p><strong><span style=\"color: #666699;\">\u00c9quipement :<\/span><br \/><\/strong>\u2013 un ordi nomm\u00e9 Armageddon III<br \/>\u2013 un stylet<br \/>\u2013 un casque audio<br \/>\u2013 une gomme<br \/>\u2013 un criterium mine 0,5 mm HB<br \/>\u2013 un Posca blanc<br \/>\u2013 une paire de lunettes<\/p>\n<p><span style=\"color: #666699;\"><strong>Familier :<\/strong><\/span><br \/>Un caf\u00e9 noir et une cl\u00e9 USB<\/p>\n<p><span style=\"color: #666699;\"><strong>Continent de d\u00e9part :<\/strong><\/span> Rh\u00f4ne<\/p>\n<\/div>\n<\/div>\n","protected":false},"excerpt":{"rendered":"<p>Enfin\u2026 les autrices ! Parce que si Vyrhelle est seule fautive pour la BD, sur les romans, nous sommes deux acolytes \u00e0 s\u00e9vir ! KAE Nom : communPr\u00e9nom : tr\u00e8s joliSurnom : le Piou, Kae, Tutu, la TuteAge : toujours jeune ! (dans ma t\u00eate, du moins)Race : humaine ? Je crois ? Globalement, en [&hellip;]<\/p>\n","protected":false},"author":1,"featured_media":0,"parent":0,"menu_order":5,"comment_status":"closed","ping_status":"closed","template":"template-fullwidth.php","meta":{"jetpack_post_was_ever_published":false,"footnotes":""},"class_list":["post-21","page","type-page","status-publish","hentry","post-preview"],"jetpack_sharing_enabled":true,"jetpack_likes_enabled":false,"_links":{"self":[{"href":"https:\/\/www.vyrhelle.com\/arcea\/wp-json\/wp\/v2\/pages\/21","targetHints":{"allow":["GET"]}}],"collection":[{"href":"https:\/\/www.vyrhelle.com\/arcea\/wp-json\/wp\/v2\/pages"}],"about":[{"href":"https:\/\/www.vyrhelle.com\/arcea\/wp-json\/wp\/v2\/types\/page"}],"author":[{"embeddable":true,"href":"https:\/\/www.vyrhelle.com\/arcea\/wp-json\/wp\/v2\/users\/1"}],"replies":[{"embeddable":true,"href":"https:\/\/www.vyrhelle.com\/arcea\/wp-json\/wp\/v2\/comments?post=21"}],"version-history":[{"count":52,"href":"https:\/\/www.vyrhelle.com\/arcea\/wp-json\/wp\/v2\/pages\/21\/revisions"}],"predecessor-version":[{"id":3876,"href":"https:\/\/www.vyrhelle.com\/arcea\/wp-json\/wp\/v2\/pages\/21\/revisions\/3876"}],"wp:attachment":[{"href":"https:\/\/www.vyrhelle.com\/arcea\/wp-json\/wp\/v2\/media?parent=21"}],"curies":[{"name":"wp","href":"https:\/\/api.w.org\/{rel}","templated":true}]}}