{"id":23,"date":"2016-03-05T19:42:11","date_gmt":"2016-03-05T18:42:11","guid":{"rendered":"http:\/\/www.vyrhelle.com\/over-a-single-tango\/?page_id=23"},"modified":"2025-11-10T18:40:07","modified_gmt":"2025-11-10T17:40:07","slug":"legal-informations","status":"publish","type":"page","link":"https:\/\/www.vyrhelle.com\/arcea\/legal-informations\/","title":{"rendered":"Mentions l\u00e9gales"},"content":{"rendered":"<div class=\"wp-block-image\">\n<figure class=\"alignleft size-large is-resized\"><img data-recalc-dims=\"1\" loading=\"lazy\" decoding=\"async\" width=\"50\" height=\"52\" src=\"https:\/\/i0.wp.com\/www.vyrhelle.com\/arcea\/wp-content\/uploads\/2020\/03\/celtic_knot_titre.png?resize=50%2C52&#038;ssl=1\" alt=\"\" class=\"wp-image-310\" style=\"width:60px;height:auto\"\/><\/figure>\n<\/div>\n\n\n<ul class=\"wp-block-list\">\n<li>Textes et illustrations \u00a9 2005-2020 Virginie \u00ab Vyrhelle \u00bb Gomez.<\/li>\n\n\n\n<li>Sc\u00e9nario BD \u00a9 2005-2020 Virginie L\u00e9onard.<\/li>\n\n\n\n<li>Scenarii romans \u00a9 2005-2020 Virginie L\u00e9onard et C\u00e9line Lef\u00e8vre.<\/li>\n<\/ul>\n\n\n<p>Le contenu des pages qui suivent appartient \u00e0 leurs ayants droits et auteurs,<br \/><a href=\"http:\/\/fr.wikipedia.org\/wiki\/Droit_d%27auteur\">suivant les lois fran\u00e7aises de droits d&rsquo;auteurs.<\/a><\/p>\n<p>Toute reproduction est interdite sans le consentement des auteurs.<\/p>","protected":false},"excerpt":{"rendered":"<p>Le contenu des pages qui suivent appartient \u00e0 leurs ayants droits et auteurs,suivant les lois fran\u00e7aises de droits d&rsquo;auteurs. Toute reproduction est interdite sans le consentement des auteurs.<\/p>\n","protected":false},"author":1,"featured_media":0,"parent":0,"menu_order":5,"comment_status":"closed","ping_status":"closed","template":"","meta":{"jetpack_post_was_ever_published":false,"footnotes":""},"class_list":["post-23","page","type-page","status-publish","hentry","post-preview"],"jetpack_sharing_enabled":true,"jetpack_likes_enabled":false,"_links":{"self":[{"href":"https:\/\/www.vyrhelle.com\/arcea\/wp-json\/wp\/v2\/pages\/23","targetHints":{"allow":["GET"]}}],"collection":[{"href":"https:\/\/www.vyrhelle.com\/arcea\/wp-json\/wp\/v2\/pages"}],"about":[{"href":"https:\/\/www.vyrhelle.com\/arcea\/wp-json\/wp\/v2\/types\/page"}],"author":[{"embeddable":true,"href":"https:\/\/www.vyrhelle.com\/arcea\/wp-json\/wp\/v2\/users\/1"}],"replies":[{"embeddable":true,"href":"https:\/\/www.vyrhelle.com\/arcea\/wp-json\/wp\/v2\/comments?post=23"}],"version-history":[{"count":8,"href":"https:\/\/www.vyrhelle.com\/arcea\/wp-json\/wp\/v2\/pages\/23\/revisions"}],"predecessor-version":[{"id":3522,"href":"https:\/\/www.vyrhelle.com\/arcea\/wp-json\/wp\/v2\/pages\/23\/revisions\/3522"}],"wp:attachment":[{"href":"https:\/\/www.vyrhelle.com\/arcea\/wp-json\/wp\/v2\/media?parent=23"}],"curies":[{"name":"wp","href":"https:\/\/api.w.org\/{rel}","templated":true}]}}