{"id":31,"date":"2016-03-05T19:52:26","date_gmt":"2016-03-05T18:52:26","guid":{"rendered":"http:\/\/www.vyrhelle.com\/over-a-single-tango\/?page_id=31"},"modified":"2025-11-10T18:18:39","modified_gmt":"2025-11-10T17:18:39","slug":"cartes","status":"publish","type":"page","link":"https:\/\/www.vyrhelle.com\/arcea\/bonus\/cartes\/","title":{"rendered":"LES CARTES"},"content":{"rendered":"<p style=\"text-align: justify;\">Pour faciliter la compr\u00e9hension des Chroniques d&rsquo;Arcea, les cartes des trois continents de ce monde seront une aide pr\u00e9cieuse pour placer g\u00e9ographiquement les protagonistes au fil de leurs aventures. M\u00eame si la carte g\u00e9n\u00e9rale est en page de garde de tous les albums de BD, vous pouvez acc\u00e9der \u00e0 des versions plus d\u00e9taill\u00e9es en cliquant simplement sur les images ci-dessous.<\/p>\n\n\n<div class=\"wp-block-columns is-layout-flex wp-container-core-columns-is-layout-9d6595d7 wp-block-columns-is-layout-flex\">\n<div class=\"wp-block-column is-layout-flow wp-block-column-is-layout-flow\" style=\"flex-basis:66.66%\">\n<figure class=\"wp-block-image alignwide size-large\"><a href=\"https:\/\/i0.wp.com\/www.vyrhelle.com\/arcea\/wp-content\/uploads\/2021\/11\/carte_generale_gd-e1637795659133.jpg?ssl=1\"><img data-recalc-dims=\"1\" loading=\"lazy\" decoding=\"async\" width=\"600\" height=\"408\" src=\"https:\/\/i0.wp.com\/www.vyrhelle.com\/arcea\/wp-content\/uploads\/2021\/11\/carte_generale_gd.jpg?resize=600%2C408&#038;ssl=1\" alt=\"\" class=\"wp-image-2692\"\/><\/a><figcaption>Arcea<\/figcaption><\/figure>\n<\/div>\n\n\n\n<div class=\"wp-block-column is-layout-flow wp-block-column-is-layout-flow\" style=\"flex-basis:33.33%\">\n<div class=\"wp-block-image\"><figure class=\"aligncenter size-medium\"><a href=\"https:\/\/i0.wp.com\/www.vyrhelle.com\/arcea\/wp-content\/uploads\/2021\/11\/carte_aekkylinie_gd.jpg?ssl=1\"><img data-recalc-dims=\"1\" loading=\"lazy\" decoding=\"async\" width=\"156\" height=\"200\" src=\"https:\/\/i0.wp.com\/www.vyrhelle.com\/arcea\/wp-content\/uploads\/2021\/11\/carte_aekkylinie_gd.jpg?resize=156%2C200&#038;ssl=1\" alt=\"\" class=\"wp-image-2690\" srcset=\"https:\/\/i0.wp.com\/www.vyrhelle.com\/arcea\/wp-content\/uploads\/2021\/11\/carte_aekkylinie_gd.jpg?resize=156%2C200&amp;ssl=1 156w, https:\/\/i0.wp.com\/www.vyrhelle.com\/arcea\/wp-content\/uploads\/2021\/11\/carte_aekkylinie_gd.jpg?resize=600%2C768&amp;ssl=1 600w, https:\/\/i0.wp.com\/www.vyrhelle.com\/arcea\/wp-content\/uploads\/2021\/11\/carte_aekkylinie_gd.jpg?resize=768%2C983&amp;ssl=1 768w, https:\/\/i0.wp.com\/www.vyrhelle.com\/arcea\/wp-content\/uploads\/2021\/11\/carte_aekkylinie_gd.jpg?resize=676%2C865&amp;ssl=1 676w, https:\/\/i0.wp.com\/www.vyrhelle.com\/arcea\/wp-content\/uploads\/2021\/11\/carte_aekkylinie_gd.jpg?resize=200%2C256&amp;ssl=1 200w, https:\/\/i0.wp.com\/www.vyrhelle.com\/arcea\/wp-content\/uploads\/2021\/11\/carte_aekkylinie_gd.jpg?w=1024&amp;ssl=1 1024w\" sizes=\"auto, (max-width: 156px) 100vw, 156px\" \/><\/a><figcaption>Aekkylinie<\/figcaption><\/figure><\/div>\n\n\n\n<div class=\"wp-block-image\"><figure class=\"aligncenter size-medium\"><a href=\"https:\/\/i0.wp.com\/www.vyrhelle.com\/arcea\/wp-content\/uploads\/2021\/11\/carte_varenka_gd.jpg?ssl=1\"><img data-recalc-dims=\"1\" loading=\"lazy\" decoding=\"async\" width=\"156\" height=\"200\" src=\"https:\/\/i0.wp.com\/www.vyrhelle.com\/arcea\/wp-content\/uploads\/2021\/11\/carte_varenka_gd.jpg?resize=156%2C200&#038;ssl=1\" alt=\"\" class=\"wp-image-2693\" srcset=\"https:\/\/i0.wp.com\/www.vyrhelle.com\/arcea\/wp-content\/uploads\/2021\/11\/carte_varenka_gd.jpg?resize=156%2C200&amp;ssl=1 156w, https:\/\/i0.wp.com\/www.vyrhelle.com\/arcea\/wp-content\/uploads\/2021\/11\/carte_varenka_gd.jpg?resize=600%2C768&amp;ssl=1 600w, https:\/\/i0.wp.com\/www.vyrhelle.com\/arcea\/wp-content\/uploads\/2021\/11\/carte_varenka_gd.jpg?resize=768%2C983&amp;ssl=1 768w, https:\/\/i0.wp.com\/www.vyrhelle.com\/arcea\/wp-content\/uploads\/2021\/11\/carte_varenka_gd.jpg?resize=676%2C865&amp;ssl=1 676w, https:\/\/i0.wp.com\/www.vyrhelle.com\/arcea\/wp-content\/uploads\/2021\/11\/carte_varenka_gd.jpg?resize=200%2C256&amp;ssl=1 200w, https:\/\/i0.wp.com\/www.vyrhelle.com\/arcea\/wp-content\/uploads\/2021\/11\/carte_varenka_gd.jpg?w=1024&amp;ssl=1 1024w\" sizes=\"auto, (max-width: 156px) 100vw, 156px\" \/><\/a><figcaption>Varen&rsquo;ka<\/figcaption><\/figure><\/div>\n\n\n\n<div class=\"wp-block-image\"><figure class=\"aligncenter size-medium\"><a href=\"https:\/\/i0.wp.com\/www.vyrhelle.com\/arcea\/wp-content\/uploads\/2021\/11\/carte_beorn_gd.jpg?ssl=1\"><img data-recalc-dims=\"1\" loading=\"lazy\" decoding=\"async\" width=\"200\" height=\"156\" src=\"https:\/\/i0.wp.com\/www.vyrhelle.com\/arcea\/wp-content\/uploads\/2021\/11\/carte_beorn_gd.jpg?resize=200%2C156&#038;ssl=1\" alt=\"\" class=\"wp-image-2691\" srcset=\"https:\/\/i0.wp.com\/www.vyrhelle.com\/arcea\/wp-content\/uploads\/2021\/11\/carte_beorn_gd.jpg?resize=200%2C156&amp;ssl=1 200w, https:\/\/i0.wp.com\/www.vyrhelle.com\/arcea\/wp-content\/uploads\/2021\/11\/carte_beorn_gd.jpg?resize=600%2C469&amp;ssl=1 600w, https:\/\/i0.wp.com\/www.vyrhelle.com\/arcea\/wp-content\/uploads\/2021\/11\/carte_beorn_gd.jpg?resize=768%2C600&amp;ssl=1 768w, https:\/\/i0.wp.com\/www.vyrhelle.com\/arcea\/wp-content\/uploads\/2021\/11\/carte_beorn_gd.jpg?resize=676%2C528&amp;ssl=1 676w, https:\/\/i0.wp.com\/www.vyrhelle.com\/arcea\/wp-content\/uploads\/2021\/11\/carte_beorn_gd.jpg?w=1024&amp;ssl=1 1024w\" sizes=\"auto, (max-width: 200px) 100vw, 200px\" \/><\/a><figcaption>B\u00e9orn<\/figcaption><\/figure><\/div>\n<\/div>\n<\/div>\n\n\n\n<p><\/p>\n","protected":false},"excerpt":{"rendered":"<p>Pour faciliter la compr\u00e9hension des Chroniques d&rsquo;Arcea, les cartes des trois continents de ce monde seront une aide pr\u00e9cieuse pour placer g\u00e9ographiquement les protagonistes au fil de leurs aventures. M\u00eame si la carte g\u00e9n\u00e9rale est en page de garde de tous les albums de BD, vous pouvez acc\u00e9der \u00e0 des versions plus d\u00e9taill\u00e9es en cliquant [&hellip;]<\/p>\n","protected":false},"author":1,"featured_media":0,"parent":17,"menu_order":1,"comment_status":"closed","ping_status":"closed","template":"template-fullwidth.php","meta":{"jetpack_post_was_ever_published":false,"footnotes":""},"class_list":["post-31","page","type-page","status-publish","hentry","post-preview"],"jetpack_sharing_enabled":true,"jetpack_likes_enabled":false,"_links":{"self":[{"href":"https:\/\/www.vyrhelle.com\/arcea\/wp-json\/wp\/v2\/pages\/31","targetHints":{"allow":["GET"]}}],"collection":[{"href":"https:\/\/www.vyrhelle.com\/arcea\/wp-json\/wp\/v2\/pages"}],"about":[{"href":"https:\/\/www.vyrhelle.com\/arcea\/wp-json\/wp\/v2\/types\/page"}],"author":[{"embeddable":true,"href":"https:\/\/www.vyrhelle.com\/arcea\/wp-json\/wp\/v2\/users\/1"}],"replies":[{"embeddable":true,"href":"https:\/\/www.vyrhelle.com\/arcea\/wp-json\/wp\/v2\/comments?post=31"}],"version-history":[{"count":50,"href":"https:\/\/www.vyrhelle.com\/arcea\/wp-json\/wp\/v2\/pages\/31\/revisions"}],"predecessor-version":[{"id":2724,"href":"https:\/\/www.vyrhelle.com\/arcea\/wp-json\/wp\/v2\/pages\/31\/revisions\/2724"}],"up":[{"embeddable":true,"href":"https:\/\/www.vyrhelle.com\/arcea\/wp-json\/wp\/v2\/pages\/17"}],"wp:attachment":[{"href":"https:\/\/www.vyrhelle.com\/arcea\/wp-json\/wp\/v2\/media?parent=31"}],"curies":[{"name":"wp","href":"https:\/\/api.w.org\/{rel}","templated":true}]}}