{"id":336,"date":"2020-03-18T18:03:42","date_gmt":"2020-03-18T17:03:42","guid":{"rendered":"http:\/\/www.vyrhelle.com\/blog\/?page_id=336"},"modified":"2025-11-10T18:18:39","modified_gmt":"2025-11-10T17:18:39","slug":"lieux","status":"publish","type":"page","link":"https:\/\/www.vyrhelle.com\/arcea\/bonus\/lieux\/","title":{"rendered":"LES LIEUX-CL\u00c9S"},"content":{"rendered":"<h4 style=\"padding-left: 120px;\"><a href=\"#Ausros\"><strong>\u2022 Ausros, la Cit\u00e9 des Mages<\/strong><\/a><br \/><a href=\"#Calheta\"><strong>\u2022 Calheta Rivne, la Marchande<\/strong><\/a><br \/><a href=\"#Lieffelen\"><strong>\u2022 Lieffelen, l&rsquo;Autre Cit\u00e9 des Mages<\/strong><\/a><\/h4>\n\n\n<div style=\"height:20px\" aria-hidden=\"true\" class=\"wp-block-spacer\"><\/div>\n\n\n\n<div style=\"height:20px\" aria-hidden=\"true\" class=\"wp-block-spacer\"><\/div>\n\n\n\n<h2 class=\"wp-block-heading has-text-align-center\"> <strong>Ausros, la Cit\u00e9 des Mages<\/strong> <\/h2>\n\n\n<p><strong><img data-recalc-dims=\"1\" loading=\"lazy\" decoding=\"async\" class=\"alignleft wp-image-1351\" src=\"https:\/\/i0.wp.com\/www.vyrhelle.com\/arcea\/wp-content\/uploads\/2020\/03\/avatar-lieux-ausros.jpg?resize=350%2C525&#038;ssl=1\" alt=\"\" width=\"350\" height=\"525\" srcset=\"https:\/\/i0.wp.com\/www.vyrhelle.com\/arcea\/wp-content\/uploads\/2020\/03\/avatar-lieux-ausros.jpg?w=400&amp;ssl=1 400w, https:\/\/i0.wp.com\/www.vyrhelle.com\/arcea\/wp-content\/uploads\/2020\/03\/avatar-lieux-ausros.jpg?resize=200%2C300&amp;ssl=1 200w\" sizes=\"auto, (max-width: 350px) 100vw, 350px\" \/>Habitants<\/strong> : environ 8 000<br \/><strong>Population<\/strong> : cosmopolite, mais majoritairement humaine<br \/><strong>Langue<\/strong> : langue commune des peuples<br \/><strong>Autorit\u00e9<\/strong> : ville du royaume des Barad-Valtar<br \/><strong>Souverain<\/strong> : Aurore de Barad-Valtar, sous la r\u00e9gence de <a href=\"https:\/\/www.vyrhelle.com\/arcea\/bonus\/personnages\/latosca\/\">La Tosca<\/a><\/p>\n<p style=\"text-align: justify;\">Contrairement \u00e0 l&rsquo;immense Tour des Mages qui lance ses fl\u00e8ches vers le ciel depuis plus d&rsquo;un mill\u00e9naire, maintes fois modifi\u00e9e et agrandie, Ausros est une ville qui s&rsquo;est r\u00e9ellement d\u00e9velopp\u00e9e que depuis deux si\u00e8cles. Il suffit de regarder leur architecture respective, qui sont tr\u00e8s diff\u00e9rentes : la Tour est un patchwork de styles autant humains qu&rsquo;elfiques, alors que la ville pr\u00e9sente l&rsquo;architecture type d&rsquo;une petite ville humaine et r\u00e9cente. Pourquoi ? Car la ville n&rsquo;a longtemps \u00e9t\u00e9 qu&rsquo;un petit village de paysans qui travaillaient dans les champs pour vendre leurs denr\u00e9es aux occupants de la Tour. Mais sous l&rsquo;autorit\u00e9 de l&rsquo;archimage Arka, l&rsquo;enseignement de la magie a \u00e9t\u00e9 ouvert \u00e0 des apprentis beaucoup plus jeunes, et les familles de ces rares \u00e9lus se sont peu \u00e0 peu install\u00e9es autour de la tour. M\u00eame apr\u00e8s la fin des \u00e9tudes de leurs enfants, la plupart sont rest\u00e9s, transformant peu \u00e0 peu le village en v\u00e9ritable ville.<\/p>\n<p style=\"text-align: justify;\">Quand Arka finit par prendre sa retraite, ce fut <a href=\"https:\/\/www.vyrhelle.com\/arcea\/bonus\/personnages\/allart\/\">Allart<\/a>, son petit-fils, qui devint son successeur, et il conserva cette politique de d\u00e9mocratisation de la magie. Pendant ces ann\u00e9es, Ausros devint un royaume \u00e0 part enti\u00e8re, avec une famille \u00e0 sa t\u00eate, bient\u00f4t qualifi\u00e9e de royale, et une petite arm\u00e9e fut cr\u00e9\u00e9e, qui tenait plus de la milice que d&rsquo;autre chose, mais qui permit \u00e0 la ville de rester accueillante et s\u00fbre.<\/p>\n<p style=\"text-align: justify;\">Plus tard, \u00e0 l&rsquo;\u00e9poque des P\u00e8lerins, Ausros reste une ville qui doit son existence \u00e0 la Tour des Mages et plus r\u00e9cemment au grand temple d&rsquo;<a href=\"https:\/\/www.vyrhelle.com\/arcea\/bonus\/dieux\/#Irisanne\">Irisanne<\/a>, qui a eu le privil\u00e8ge d&rsquo;accueillir <a href=\"https:\/\/www.vyrhelle.com\/arcea\/bonus\/personnages\/reveuse\/\">la R\u00eaveuse<\/a>. Le rayonnement d&rsquo;Ausros est donc culturel et religieux, valeurs qui attirent beaucoup de voyageurs, mais demeurent sans grand int\u00e9r\u00eat financier pour ses voisins, qui, du coup, laissent Ausros loin de toute menace d&rsquo;invasion.<\/p>\n\n<div class=\"wp-block-image\">\n<figure class=\"aligncenter size-large\"><img data-recalc-dims=\"1\" loading=\"lazy\" decoding=\"async\" width=\"50\" height=\"52\" src=\"https:\/\/i0.wp.com\/www.vyrhelle.com\/arcea\/wp-content\/uploads\/2020\/03\/celtic_knot_titre.png?resize=50%2C52&#038;ssl=1\" alt=\"\" class=\"wp-image-310\"\/><\/figure>\n<\/div>\n\n\n<div style=\"height:20px\" aria-hidden=\"true\" class=\"wp-block-spacer\"><\/div>\n\n\n\n<h2 class=\"wp-block-heading has-text-align-center\"> <strong>Caletha Rivne, la Marchande<\/strong> <\/h2>\n\n\n<p><strong><img data-recalc-dims=\"1\" loading=\"lazy\" decoding=\"async\" class=\"alignleft wp-image-1353\" src=\"https:\/\/i0.wp.com\/www.vyrhelle.com\/arcea\/wp-content\/uploads\/2020\/03\/avatar-lieux-calheta.jpg?resize=350%2C525&#038;ssl=1\" alt=\"\" width=\"350\" height=\"525\" srcset=\"https:\/\/i0.wp.com\/www.vyrhelle.com\/arcea\/wp-content\/uploads\/2020\/03\/avatar-lieux-calheta.jpg?w=400&amp;ssl=1 400w, https:\/\/i0.wp.com\/www.vyrhelle.com\/arcea\/wp-content\/uploads\/2020\/03\/avatar-lieux-calheta.jpg?resize=200%2C300&amp;ssl=1 200w\" sizes=\"auto, (max-width: 350px) 100vw, 350px\" \/>Habitants<\/strong> : environs 6 000<br \/><strong>Population<\/strong> : majoritaire humaine<br \/><strong>Langue<\/strong> : langue commune<br \/><strong>Autorit\u00e9<\/strong> : cit\u00e9 autonome<br \/>S<strong>ouverain<\/strong> : Plusieurs riches marchands<\/p>\n<p style=\"text-align: justify;\">De par sa position centrale en Aekkylinie, Calheta Rivne a longtemps \u00e9t\u00e9 un immense march\u00e9 avant de v\u00e9ritablement devenir une ville. C&rsquo;est l&rsquo;\u00e9mergence d&rsquo;Ausros qui a incit\u00e9 de nombreux marchands \u00e0 s&rsquo;installer d\u00e9finitivement dans cette vall\u00e9e accueillante au climat temp\u00e9r\u00e9. Profitant de sa proximit\u00e9 avec la cit\u00e9 des Mages, Calheta Rivne n&rsquo;est pourtant pas aussi organis\u00e9e qu&rsquo;Ausros, et durant plusieurs ann\u00e9es, c&rsquo;est rest\u00e9 un lieu dangereux et instable. Mais plusieurs grandes et riches familles, peu d\u00e9sireuses de quitter la ville naissante pour quelques bandits, s&rsquo;organis\u00e8rent finalement et financ\u00e8rent une milice qui nettoya les rues. Devenant l&rsquo;autorit\u00e9 de Calheta, poss\u00e9dant de nombreux commerces, ces familles incit\u00e8rent d&rsquo;autres \u00e0 venir s&rsquo;installer \u00e0 leur tour.<\/p>\n<p style=\"text-align: justify;\">Calheta Rivne reste exclusivement ax\u00e9e sur le commerce et les \u00e9changes, et on ne voit pas beaucoup de champs cultiv\u00e9s aux alentours de ses murs. Il existe d&rsquo;ailleurs toujours un grand march\u00e9 annuel qui peut jusqu&rsquo;\u00e0 doubler la population et la superficie de cette cit\u00e9 surnomm\u00e9e \u00ab\u00a0La Marchande\u00a0\u00bb et qui se couvre alors de tentes de toutes les couleurs. C&rsquo;est ainsi que l&rsquo;on trouve \u00e0 Calheta Rivne les denr\u00e9es les plus rares et les plus exotiques en Aekkylinie. Par exemple, les mages et les alchimistes d&rsquo;Ausros y viennent souvent pour se fournir en produits difficiles \u00e0 trouver par eux-m\u00eames.<\/p>\n<p style=\"text-align: justify;\">Ind\u00e9pendante et de plus en plus riche, Calheta attise les convoitises depuis quelques ann\u00e9es. D\u00e9pourvue d&rsquo;arm\u00e9e, elle aurait pu \u00eatre une proie facile si n\u00e9gocier n&rsquo;avait pas \u00e9t\u00e9 parmi les grandes qualit\u00e9s de ses habitants, et un protectorat fut mis en place avec les royaumes voisins d&rsquo;Ost\u00e9ryld et Norheim, qui lui fournissent une d\u00e9fense militaire r\u00e9guli\u00e8re contre un imp\u00f4t tout \u00e0 fait honn\u00eate et l&rsquo;exclusivit\u00e9 de ses meilleurs produits en mati\u00e8re d&rsquo;articles militaires.<\/p>\n<p style=\"text-align: justify;\">Il est pourtant un point qui rebute certains \u00e0 aller faire un tour \u00e0 Calheta : tous les marchands de la ville ne sont pas d&rsquo;une honn\u00eatet\u00e9 sans faille, loin de l\u00e0\u2026<\/p>\n\n<div class=\"wp-block-image\">\n<figure class=\"aligncenter size-large\"><img data-recalc-dims=\"1\" loading=\"lazy\" decoding=\"async\" width=\"50\" height=\"52\" src=\"https:\/\/i0.wp.com\/www.vyrhelle.com\/arcea\/wp-content\/uploads\/2020\/03\/celtic_knot_titre.png?resize=50%2C52&#038;ssl=1\" alt=\"\" class=\"wp-image-310\"\/><\/figure>\n<\/div>\n\n\n<div style=\"height:20px\" aria-hidden=\"true\" class=\"wp-block-spacer\"><\/div>\n\n\n\n<h2 class=\"wp-block-heading has-text-align-center\">  Lieffelen, l&rsquo;Autre Cit\u00e9 des Mages  <\/h2>\n\n\n<p><strong><img data-recalc-dims=\"1\" loading=\"lazy\" decoding=\"async\" class=\"alignleft wp-image-1354\" src=\"https:\/\/i0.wp.com\/www.vyrhelle.com\/arcea\/wp-content\/uploads\/2020\/03\/avatar-lieux-lieffelen.jpg?resize=350%2C525&#038;ssl=1\" alt=\"\" width=\"350\" height=\"525\" srcset=\"https:\/\/i0.wp.com\/www.vyrhelle.com\/arcea\/wp-content\/uploads\/2020\/03\/avatar-lieux-lieffelen.jpg?w=400&amp;ssl=1 400w, https:\/\/i0.wp.com\/www.vyrhelle.com\/arcea\/wp-content\/uploads\/2020\/03\/avatar-lieux-lieffelen.jpg?resize=200%2C300&amp;ssl=1 200w\" sizes=\"auto, (max-width: 350px) 100vw, 350px\" \/>Habitants<\/strong> : environ 5 000<br \/><strong>Population<\/strong> : cosmopolite, principalement constitu\u00e9e d&rsquo;humains et d&rsquo;elfes de tous horizons.<br \/><strong>Langue<\/strong> : langue commune des peuples<br \/><strong>Autorit\u00e9<\/strong> : ville-cit\u00e9 ind\u00e9pendante<br \/><strong>Souverain<\/strong> : un conseil de mages \u00e9lus pour quinze ans<\/p>\n<p style=\"text-align: justify;\">Ausros \u00e9tait d\u00e9j\u00e0 devenue officiellement une cit\u00e9 de mages depuis plusieurs ann\u00e9es, quand un constat \u00e9vident s&rsquo;imposa \u00e0 ceux qui \u00e9taient originaires de Varen&rsquo;ka : si on voulait apprendre la magie ou m\u00eame l&rsquo;enseigner, il fallait tout laisser derri\u00e8re soi pour partir sur le \u00ab\u00a0jeune\u00a0\u00bb continent. \u00ab\u00a0Jeune\u00a0\u00bb \u00e9tant tr\u00e8s p\u00e9joratif, car cela soulignait la population plus \u00ab\u00a0jeune\u00a0\u00bb, sous-entendu plus humaine et sylvaine, de l&rsquo;Aekkylinie. Apr\u00e8s concertation de plusieurs mages r\u00e9put\u00e9s des trois continents, il fut conclu que Varen&rsquo;ka devait aussi poss\u00e9der sa propre cit\u00e9 des mages.<\/p>\n<p style=\"text-align: justify;\">Une terre fut choisie pour accueillir la future cit\u00e9. C&rsquo;\u00e9tait un cirque montagneux, ench\u00e2ss\u00e9 dans la haute cha\u00eene de montagne de Ahunan. Peu propice \u00e0 l&rsquo;agriculture, trop isol\u00e9e pour le commerce, c&rsquo;\u00e9tait une terre qu&rsquo;aucun royaume n&rsquo;avait souhait\u00e9 revendiquer pour son compte. Ou si \u00e7&rsquo;avait \u00e9t\u00e9 le cas, tout le monde l&rsquo;avait oubli\u00e9 depuis longtemps. Sans magie, l&rsquo;installation puis la construction de la cit\u00e9 aurait \u00e9t\u00e9 un v\u00e9ritable cauchemar logistique et architectural. Pourtant, il ne fallut que cinq ans \u00e0 des mages motiv\u00e9s pour \u00e9riger la massive tour de Lieffelen, b\u00e2timent iconique qui se voulait plus reconnaissable que la Tour d&rsquo;Ausros. Cinq ans de plus et la ville \u00e9tait trac\u00e9e dans ses grandes lignes et commen\u00e7aient \u00e0 accueillir les premi\u00e8res familles derri\u00e8re ses solides murailles.<\/p>\n<p style=\"text-align: justify;\">Lieffelen est n\u00e9e d&rsquo;une rivalit\u00e9 et d&rsquo;une jalousie mal dissimul\u00e9es. Cela n&rsquo;a pourtant en rien emp\u00each\u00e9 la ville-forteresse, la ville-cit\u00e9, de devenir l&rsquo;\u00e9gale d&rsquo;Ausros, de prodiguer protection et instruction \u00e0 tous les mages qui pouvaient se pr\u00e9senter \u00e0 ses hautes portes. Les deux cit\u00e9s organisent m\u00eame r\u00e9guli\u00e8rement des \u00e9changes, pla\u00e7ant la richesse des enseignements et la ma\u00eetrise de la magie bien au dessus de toute rivalit\u00e9. La bonne entente entre les deux archimages <a href=\"https:\/\/www.vyrhelle.com\/arcea\/bonus\/personnages\/allart\/\">Allart<\/a> et <a href=\"https:\/\/www.vyrhelle.com\/arcea\/bonus\/personnages\/senno\/\">Senno<\/a> ne fait qu&rsquo;approfondir le lien entre les deux cit\u00e9s, jumelles et pourtant bien diff\u00e9rentes.<\/p>\n\n<div class=\"wp-block-image\">\n<figure class=\"aligncenter size-large\"><img data-recalc-dims=\"1\" loading=\"lazy\" decoding=\"async\" width=\"50\" height=\"52\" src=\"https:\/\/i0.wp.com\/www.vyrhelle.com\/arcea\/wp-content\/uploads\/2020\/03\/celtic_knot_titre.png?resize=50%2C52&#038;ssl=1\" alt=\"\" class=\"wp-image-310\"\/><\/figure>\n<\/div>","protected":false},"excerpt":{"rendered":"<p>\u2022 Ausros, la Cit\u00e9 des Mages\u2022 Calheta Rivne, la Marchande\u2022 Lieffelen, l&rsquo;Autre Cit\u00e9 des Mages Ausros, la Cit\u00e9 des Mages Habitants : environ 8 000Population : cosmopolite, mais majoritairement humaineLangue : langue commune des peuplesAutorit\u00e9 : ville du royaume des Barad-ValtarSouverain : Aurore de Barad-Valtar, sous la r\u00e9gence de La Tosca Contrairement \u00e0 l&rsquo;immense Tour [&hellip;]<\/p>\n","protected":false},"author":1,"featured_media":0,"parent":17,"menu_order":6,"comment_status":"closed","ping_status":"closed","template":"template-fullwidth.php","meta":{"jetpack_post_was_ever_published":false,"footnotes":""},"class_list":["post-336","page","type-page","status-publish","hentry","post-preview"],"jetpack_sharing_enabled":true,"jetpack_likes_enabled":false,"_links":{"self":[{"href":"https:\/\/www.vyrhelle.com\/arcea\/wp-json\/wp\/v2\/pages\/336","targetHints":{"allow":["GET"]}}],"collection":[{"href":"https:\/\/www.vyrhelle.com\/arcea\/wp-json\/wp\/v2\/pages"}],"about":[{"href":"https:\/\/www.vyrhelle.com\/arcea\/wp-json\/wp\/v2\/types\/page"}],"author":[{"embeddable":true,"href":"https:\/\/www.vyrhelle.com\/arcea\/wp-json\/wp\/v2\/users\/1"}],"replies":[{"embeddable":true,"href":"https:\/\/www.vyrhelle.com\/arcea\/wp-json\/wp\/v2\/comments?post=336"}],"version-history":[{"count":39,"href":"https:\/\/www.vyrhelle.com\/arcea\/wp-json\/wp\/v2\/pages\/336\/revisions"}],"predecessor-version":[{"id":3275,"href":"https:\/\/www.vyrhelle.com\/arcea\/wp-json\/wp\/v2\/pages\/336\/revisions\/3275"}],"up":[{"embeddable":true,"href":"https:\/\/www.vyrhelle.com\/arcea\/wp-json\/wp\/v2\/pages\/17"}],"wp:attachment":[{"href":"https:\/\/www.vyrhelle.com\/arcea\/wp-json\/wp\/v2\/media?parent=336"}],"curies":[{"name":"wp","href":"https:\/\/api.w.org\/{rel}","templated":true}]}}