{"id":338,"date":"2020-03-18T18:04:21","date_gmt":"2020-03-18T17:04:21","guid":{"rendered":"http:\/\/www.vyrhelle.com\/blog\/?page_id=338"},"modified":"2025-11-10T18:18:39","modified_gmt":"2025-11-10T17:18:39","slug":"les-bandes-dessinees","status":"publish","type":"page","link":"https:\/\/www.vyrhelle.com\/arcea\/livres\/les-bandes-dessinees\/","title":{"rendered":"Les Bandes Dessin\u00e9es"},"content":{"rendered":"\n<figure class=\"wp-block-gallery alignleft has-nested-images columns-default wp-block-gallery-1 is-layout-flex wp-block-gallery-is-layout-flex\">\n<figure class=\"wp-block-image size-full\"><img data-recalc-dims=\"1\" loading=\"lazy\" decoding=\"async\" width=\"360\" height=\"510\" data-id=\"1779\" src=\"https:\/\/i0.wp.com\/www.vyrhelle.com\/arcea\/wp-content\/uploads\/2020\/05\/visuel-BD.jpg?resize=360%2C510&#038;ssl=1\" alt=\"\" class=\"wp-image-1779\" srcset=\"https:\/\/i0.wp.com\/www.vyrhelle.com\/arcea\/wp-content\/uploads\/2020\/05\/visuel-BD.jpg?w=360&amp;ssl=1 360w, https:\/\/i0.wp.com\/www.vyrhelle.com\/arcea\/wp-content\/uploads\/2020\/05\/visuel-BD.jpg?resize=200%2C283&amp;ssl=1 200w, https:\/\/i0.wp.com\/www.vyrhelle.com\/arcea\/wp-content\/uploads\/2020\/05\/visuel-BD.jpg?resize=176%2C250&amp;ssl=1 176w\" sizes=\"auto, (max-width: 360px) 100vw, 360px\" \/><\/figure>\n<\/figure>\n\n\n<p style=\"text-align: justify;\"><strong>Si vous aimez la BD et l&rsquo;heroic-fantasy, vous \u00eates au bon endroit !<\/strong><\/p>\n<p style=\"text-align: justify;\">Arcea, \u00e0 l&rsquo;origine, ce n&rsquo;est qu&rsquo;un simple jeu entre amis, un embryon d&rsquo;univers qui a \u00e9t\u00e9 mis en place par simple plaisir. Mais le jeu a dur\u00e9 et il a fallu d\u00e9velopper certaines choses, en pr\u00e9ciser d&rsquo;autres et entretenir la coh\u00e9rence. R\u00e9sultat, les esquisses d&rsquo;une histoire se sont mises en place, l&rsquo;univers s&rsquo;est pr\u00e9cis\u00e9. Puis, il y a eu cette suggestion : \u00ab\u00a0&#8230;. et si tu en faisais une bd ?\u00a0\u00bb<br \/>C&rsquo;\u00e9tait il y a presque quinze ans&#8230;<\/p>\n<p style=\"text-align: justify;\">A partir du moment o\u00f9 l&rsquo;id\u00e9e s&rsquo;est concr\u00e9tis\u00e9e, il a tout d&rsquo;abord fallu adapter une histoire pas toujours tr\u00e8s aboutie en un sc\u00e9nario construit et complet, choisir un style graphique, faire des illustrations pour jauger l&rsquo;int\u00e9r\u00eat du public potentiel, choisir un format&#8230; Bref, il a fallu transformer un jeu restreint en un v\u00e9ritable projet professionnel complet.<\/p>\n<p style=\"text-align: justify;\">Quand le travail sur la s\u00e9rie BD a commenc\u00e9, il \u00e9tait d\u00e9j\u00e0 act\u00e9 que le sc\u00e9nario ne serait qu&rsquo;une partie de cet univers, une histoire autonome et courte mais qui place la ligne directrice de tout le projet \u00ab\u00a0Arcea\u00a0\u00bb. D\u00e8s lors, il a fallu choisir une esth\u00e9tique, d\u00e9finir des techniques de travail qui n&rsquo;ont cess\u00e9 d&rsquo;\u00eatre peaufin\u00e9es et le sont encore \u00e0 l&rsquo;heure actuelle. Apr\u00e8s quoi, il a fallu se d\u00e9cider pour le format. \u00c7a ne paraissait pas une question fondamentale et les premi\u00e8res planches ont \u00e9t\u00e9 r\u00e9alis\u00e9es en format classique, mais la d\u00e9couverte d&rsquo;un album en librairie a chang\u00e9 la donne. Il \u00e9tait au format am\u00e9ricain quarto crown, et apr\u00e8s quelques essais, il s&rsquo;est av\u00e9r\u00e9 plus adapt\u00e9 pour r\u00e9aliser des planches a\u00e9r\u00e9es pour un album plus \u00e9pais. Je n&rsquo;ai pas mis longtemps \u00e0 pr\u00e9f\u00e9rer ce format situ\u00e9 \u00e0 mi-chemin entre BD et roman.<\/p>\n<p style=\"text-align: justify;\">Aujourd&rsquo;hui, tout se concr\u00e9tise. Quatre albums de BD sont d\u00e9j\u00e0 publi\u00e9s, un cinqui\u00e8me qui va cl\u00f4turer l&rsquo;intrigue dite \u00ab\u00a0des P\u00e8lerins\u00a0\u00bb est en cours de r\u00e9alisation et des romans sont en pr\u00e9paration.<\/p>\n\n<div class=\"wp-block-image\">\n<figure class=\"aligncenter size-large\"><img data-recalc-dims=\"1\" loading=\"lazy\" decoding=\"async\" width=\"50\" height=\"52\" src=\"https:\/\/i0.wp.com\/www.vyrhelle.com\/arcea\/wp-content\/uploads\/2020\/03\/celtic_knot_titre.png?resize=50%2C52&#038;ssl=1\" alt=\"\" class=\"wp-image-310\"\/><\/figure>\n<\/div>\n\n<p style=\"text-align: justify;\"><strong>Les Chroniques d&rsquo;Arcea, le synopsis :<\/strong><\/p>\n<p style=\"text-align: justify;\">Rassembl\u00e9s au ch\u00e2teau d&rsquo;Ost\u00e9ryld, plusieurs hauts notables du continent sont dans l&rsquo;expectative : ils ont tous re\u00e7u un recueil qui accuse l&rsquo;Oracle d&rsquo;Ausros, une magicienne puissante et populaire, d&rsquo;\u00eatre en r\u00e9alit\u00e9 la \u00ab\u00a0d\u00e9mone aux cheveux blancs\u00a0\u00bb, une criminelle ayant s\u00e9vi durant la Grande Guerre. Cette accusation allant contre tous les r\u00e9cits entourant les \u00e9v\u00e9nements de cette \u00e9poque, les notables font appel \u00e0 une barde elfique reconnue, Miriel Ombre d&rsquo;Argent, afin qu&rsquo;elle puisse leur apporter son propre \u00e9clairage sur cette affaire.<\/p>\n<p style=\"text-align: justify;\">Ainsi commence son t\u00e9moignage sur Elwen et ses compagnons, les P\u00e8lerins. Pourtant, les P\u00e8lerins, c&rsquo;est une l\u00e9gende tr\u00e8s populaire que tout le monde pense conna\u00eetre, mais le r\u00e9cit de Miriel pourrait bien mener l&rsquo;une des plus puissantes figures de leur \u00e9poque devant un tribunal. Alors, que r\u00e9v\u00e8le ce myst\u00e9rieux recueil ? Est-ce une lourde v\u00e9rit\u00e9 tenue secr\u00e8te durant presque un si\u00e8cle ? Ou bien une manigance pour tenter de faire tomber l&rsquo;Oracle ? Quoi qu&rsquo;il en soit, les notables vont vite r\u00e9aliser qu&rsquo;ils sont loin de tout savoir sur cette histoire&#8230;<\/p>\n<p style=\"text-align: justify;\"><strong><a href=\"https:\/\/www.vyrhelle.com\/arcea\/produit\/tome-1-lathame\/\"><img data-recalc-dims=\"1\" loading=\"lazy\" decoding=\"async\" class=\"alignleft wp-image-1328 size-full\" src=\"https:\/\/i0.wp.com\/www.vyrhelle.com\/arcea\/wp-content\/uploads\/2020\/03\/visuel_tome1.png?resize=250%2C298&#038;ssl=1\" alt=\"\" width=\"250\" height=\"298\" srcset=\"https:\/\/i0.wp.com\/www.vyrhelle.com\/arcea\/wp-content\/uploads\/2020\/03\/visuel_tome1.png?w=250&amp;ssl=1 250w, https:\/\/i0.wp.com\/www.vyrhelle.com\/arcea\/wp-content\/uploads\/2020\/03\/visuel_tome1.png?resize=200%2C238&amp;ssl=1 200w\" sizes=\"auto, (max-width: 250px) 100vw, 250px\" \/><\/a>Tome 1 : L&rsquo;Atham\u00e9<\/strong><\/p>\n<p style=\"text-align: justify;\">Elwen, jeune magicienne inexp\u00e9riment\u00e9e, est venue \u00e0 Ausros demander de l&rsquo;aide \u00e0 la Tour et y apprendre \u00e0 ma\u00eetriser une magie toujours instable chez elle. Envoy\u00e9e par l&rsquo;archimage Allart dans une qu\u00eate pas aussi anodine qu&rsquo;elle ne le semble, Elwen ignore encore tout de ce qui se trame, ni les dangers qui la guettent.<\/p>\n\n\n<div style=\"height:20px\" aria-hidden=\"true\" class=\"wp-block-spacer\"><\/div>\n\n\n<p style=\"text-align: justify;\"><strong><a href=\"https:\/\/www.vyrhelle.com\/arcea\/produit\/tome-2-le-coeur\/\"><img data-recalc-dims=\"1\" loading=\"lazy\" decoding=\"async\" class=\"alignleft wp-image-1329 size-full\" src=\"https:\/\/i0.wp.com\/www.vyrhelle.com\/arcea\/wp-content\/uploads\/2020\/03\/visuel_tome2.png?resize=250%2C298&#038;ssl=1\" alt=\"\" width=\"250\" height=\"298\" srcset=\"https:\/\/i0.wp.com\/www.vyrhelle.com\/arcea\/wp-content\/uploads\/2020\/03\/visuel_tome2.png?w=250&amp;ssl=1 250w, https:\/\/i0.wp.com\/www.vyrhelle.com\/arcea\/wp-content\/uploads\/2020\/03\/visuel_tome2.png?resize=200%2C238&amp;ssl=1 200w\" sizes=\"auto, (max-width: 250px) 100vw, 250px\" \/><\/a>Tome 2 : Le\u00a0<\/strong><b>C\u0153ur<\/b><\/p>\n<p style=\"text-align: justify;\">De retour \u00e0 Ausros, Elwen d\u00e9couvre la cit\u00e9 en proie au chaos d&rsquo;une attaque qui, bien qu&rsquo;avort\u00e9e, a fait des d\u00e9g\u00e2ts. La jeune femme reprend sa place \u00e0 la Tour des Mages, aupr\u00e8s des compagnons qu&rsquo;elle s&rsquo;y est faite, plus particuli\u00e8rement J\u00f6llwin, clairement attir\u00e9 par elle. Cependant, la situation a chang\u00e9, les \u00e9v\u00e9nements s&rsquo;encha\u00eenent, et les r\u00e9v\u00e9lations faites \u00e0 Elwen risquent fort de changer sa vie \u00e0 jamais.<\/p>\n\n\n<div style=\"height:20px\" aria-hidden=\"true\" class=\"wp-block-spacer\"><\/div>\n\n\n<p style=\"text-align: justify;\"><strong><a href=\"https:\/\/www.vyrhelle.com\/arcea\/produit\/tome-3-les-anneaux\/\"><img data-recalc-dims=\"1\" loading=\"lazy\" decoding=\"async\" class=\"alignleft wp-image-1330 size-full\" src=\"https:\/\/i0.wp.com\/www.vyrhelle.com\/arcea\/wp-content\/uploads\/2020\/03\/visuel_tome3.png?resize=250%2C298&#038;ssl=1\" alt=\"\" width=\"250\" height=\"298\" srcset=\"https:\/\/i0.wp.com\/www.vyrhelle.com\/arcea\/wp-content\/uploads\/2020\/03\/visuel_tome3.png?w=250&amp;ssl=1 250w, https:\/\/i0.wp.com\/www.vyrhelle.com\/arcea\/wp-content\/uploads\/2020\/03\/visuel_tome3.png?resize=200%2C238&amp;ssl=1 200w\" sizes=\"auto, (max-width: 250px) 100vw, 250px\" \/><\/a>Tome 3 : Les Anneaux<\/strong><\/p>\n<p style=\"text-align: justify;\">Les P\u00e8lerins ont entam\u00e9 leur p\u00e9riple pour retrouver la Coupe et le Bouclier de la Tour d&rsquo;Ausros. Mais si les premiers jours sont paisibles, les choses vont bient\u00f4t prendre une autre tournure. Assaillis par des cauchemars leur pr\u00e9disant un avenir plus que sombre, les P\u00e8lerins r\u00e9alisent que ce voyage sera mouvement\u00e9. Leur travers\u00e9e de la Mer Centrale pourrait bien leur confirmer que l&rsquo;on cherche \u00e0 mettre un terme \u00e0 leur qu\u00eate\u2026<\/p>\n\n\n<div style=\"height:20px\" aria-hidden=\"true\" class=\"wp-block-spacer\"><\/div>\n\n\n<div class=\"wp-block-image\">\n<figure class=\"alignleft\"><a href=\"https:\/\/www.vyrhelle.com\/arcea\/produit\/tome-4-la-coupe\/\"><img data-recalc-dims=\"1\" loading=\"lazy\" decoding=\"async\" width=\"250\" height=\"298\" src=\"https:\/\/i0.wp.com\/www.vyrhelle.com\/arcea\/wp-content\/uploads\/2020\/08\/visuel_tome4.png?resize=250%2C298&#038;ssl=1\" alt=\"\" class=\"wp-image-2372\" srcset=\"https:\/\/i0.wp.com\/www.vyrhelle.com\/arcea\/wp-content\/uploads\/2020\/08\/visuel_tome4.png?w=250&amp;ssl=1 250w, https:\/\/i0.wp.com\/www.vyrhelle.com\/arcea\/wp-content\/uploads\/2020\/08\/visuel_tome4.png?resize=168%2C200&amp;ssl=1 168w, https:\/\/i0.wp.com\/www.vyrhelle.com\/arcea\/wp-content\/uploads\/2020\/08\/visuel_tome4.png?resize=200%2C238&amp;ssl=1 200w\" sizes=\"auto, (max-width: 250px) 100vw, 250px\" \/><\/a><\/figure>\n<\/div>\n\n\n<p><strong>Tome 4 : La Coupe<\/strong><\/p>\n\n\n\n<p>&nbsp;<\/p>\n\n\n\n<p>Tout semble devenir moins lumineux, plus froid, plus gris, comme cette pluie d&rsquo;automne qui n&rsquo;a de cesse de tomber : la mission des P\u00e8lerins s&#8217;embourbe. La situation ne fait que se\u00a0d\u00e9grader, les doutes se multiplient. Et ce, alors que l&rsquo;ennemi est pr\u00eat \u00e0 montrer son v\u00e9ritable visage, sa v\u00e9ritable force\u2026<\/p>\n\n\n\n<div style=\"height:4px\" aria-hidden=\"true\" class=\"wp-block-spacer\"><\/div>\n\n\n\n<p><\/p>\n\n\n<div class=\"wp-block-image\">\n<figure class=\"alignleft size-full\"><img data-recalc-dims=\"1\" loading=\"lazy\" decoding=\"async\" width=\"250\" height=\"298\" src=\"https:\/\/i0.wp.com\/www.vyrhelle.com\/arcea\/wp-content\/uploads\/2025\/09\/visuel_tome5.png?resize=250%2C298&#038;ssl=1\" alt=\"\" class=\"wp-image-3398\" srcset=\"https:\/\/i0.wp.com\/www.vyrhelle.com\/arcea\/wp-content\/uploads\/2025\/09\/visuel_tome5.png?w=250&amp;ssl=1 250w, https:\/\/i0.wp.com\/www.vyrhelle.com\/arcea\/wp-content\/uploads\/2025\/09\/visuel_tome5.png?resize=126%2C150&amp;ssl=1 126w, https:\/\/i0.wp.com\/www.vyrhelle.com\/arcea\/wp-content\/uploads\/2025\/09\/visuel_tome5.png?resize=200%2C238&amp;ssl=1 200w\" sizes=\"auto, (max-width: 250px) 100vw, 250px\" \/><\/figure>\n<\/div>\n\n\n<p><strong>Tome 5 : Le Bouclier<\/strong><\/p>\n\n\n\n<p>R\u00e9alisation en cours\u2026 Sortie pr\u00e9vue pour 2027<\/p>\n\n\n\n<p>Le monde est plong\u00e9 dans la Grande Guerre. La mort et les t\u00e9n\u00e8bres sont partout. Que reste-t-il comme espoir ?<br>Dernier tome du r\u00e9cit des P\u00e8lerins, ce double album d\u00e9voilera la fin de leur \u00ab\u00a0l\u00e9gende\u00a0\u00bb, avec ses v\u00e9rit\u00e9s qu&rsquo;aucun barde d&rsquo;Arcea n&rsquo;avait jamais cont\u00e9es jusque l\u00e0\u2026<\/p>\n","protected":false},"excerpt":{"rendered":"<p>Si vous aimez la BD et l&rsquo;heroic-fantasy, vous \u00eates au bon endroit ! Arcea, \u00e0 l&rsquo;origine, ce n&rsquo;est qu&rsquo;un simple jeu entre amis, un embryon d&rsquo;univers qui a \u00e9t\u00e9 mis en place par simple plaisir. Mais le jeu a dur\u00e9 et il a fallu d\u00e9velopper certaines choses, en pr\u00e9ciser d&rsquo;autres et entretenir la coh\u00e9rence. R\u00e9sultat, [&hellip;]<\/p>\n","protected":false},"author":1,"featured_media":0,"parent":19,"menu_order":1,"comment_status":"closed","ping_status":"closed","template":"template-fullwidth.php","meta":{"jetpack_post_was_ever_published":false,"footnotes":""},"class_list":["post-338","page","type-page","status-publish","hentry","post-preview"],"jetpack_sharing_enabled":true,"jetpack_likes_enabled":false,"_links":{"self":[{"href":"https:\/\/www.vyrhelle.com\/arcea\/wp-json\/wp\/v2\/pages\/338","targetHints":{"allow":["GET"]}}],"collection":[{"href":"https:\/\/www.vyrhelle.com\/arcea\/wp-json\/wp\/v2\/pages"}],"about":[{"href":"https:\/\/www.vyrhelle.com\/arcea\/wp-json\/wp\/v2\/types\/page"}],"author":[{"embeddable":true,"href":"https:\/\/www.vyrhelle.com\/arcea\/wp-json\/wp\/v2\/users\/1"}],"replies":[{"embeddable":true,"href":"https:\/\/www.vyrhelle.com\/arcea\/wp-json\/wp\/v2\/comments?post=338"}],"version-history":[{"count":38,"href":"https:\/\/www.vyrhelle.com\/arcea\/wp-json\/wp\/v2\/pages\/338\/revisions"}],"predecessor-version":[{"id":3399,"href":"https:\/\/www.vyrhelle.com\/arcea\/wp-json\/wp\/v2\/pages\/338\/revisions\/3399"}],"up":[{"embeddable":true,"href":"https:\/\/www.vyrhelle.com\/arcea\/wp-json\/wp\/v2\/pages\/19"}],"wp:attachment":[{"href":"https:\/\/www.vyrhelle.com\/arcea\/wp-json\/wp\/v2\/media?parent=338"}],"curies":[{"name":"wp","href":"https:\/\/api.w.org\/{rel}","templated":true}]}}