{"id":35,"date":"2016-03-05T19:54:06","date_gmt":"2016-03-05T18:54:06","guid":{"rendered":"http:\/\/www.vyrhelle.com\/over-a-single-tango\/?page_id=35"},"modified":"2026-02-25T11:28:50","modified_gmt":"2026-02-25T10:28:50","slug":"personnages","status":"publish","type":"page","link":"https:\/\/www.vyrhelle.com\/arcea\/bonus\/personnages\/","title":{"rendered":"LES PERSONNAGES"},"content":{"rendered":"<p style=\"text-align: justify;\">Les pr\u00e9sentations ci-dessous d\u00e9crivent les personnages phares des intrigues des Chroniques d&rsquo;Arcea au moment o\u00f9 ils apparaissent dans l&rsquo;histoire. Aussi bien dans la s\u00e9rie de BD, quand dans les romans en pr\u00e9paration. Incluant des compl\u00e9ments d&rsquo;informations, des pr\u00e9cisions pertinentes,&nbsp; ces pr\u00e9sentations n&rsquo;aborderont cependant pas l&rsquo;\u00e9volution de ces m\u00eames personnages, \u00e9volution qui est r\u00e9serv\u00e9e au r\u00e9cit des livres.<\/p>\n\n\n<h2 class=\"wp-block-heading has-text-align-center\"> \u00c8re des P\u00e8lerins <\/h2>\n\n\n<p style=\"text-align: center;\">Dite aussi \u00e9poque de la Grande Guerre<\/p>\n<p style=\"text-align: center;\"><a href=\"https:\/\/www.vyrhelle.com\/arcea\/bonus\/personnages\/elwen\/\"><img data-recalc-dims=\"1\" loading=\"lazy\" decoding=\"async\" class=\"alignnone wp-image-480\" src=\"https:\/\/i0.wp.com\/www.vyrhelle.com\/arcea\/wp-content\/uploads\/2020\/03\/icon-elwen.jpg?resize=125%2C213&#038;ssl=1\" alt=\"\" width=\"125\" height=\"213\" \/><\/a> <a href=\"https:\/\/www.vyrhelle.com\/arcea\/bonus\/personnages\/jollwin\/\"><img data-recalc-dims=\"1\" loading=\"lazy\" decoding=\"async\" class=\"alignnone wp-image-482\" src=\"https:\/\/i0.wp.com\/www.vyrhelle.com\/arcea\/wp-content\/uploads\/2020\/03\/icon-jollwin.jpg?resize=125%2C213&#038;ssl=1\" alt=\"\" width=\"125\" height=\"213\" \/><\/a> <a href=\"https:\/\/www.vyrhelle.com\/arcea\/bonus\/personnages\/aekina\/\"><img data-recalc-dims=\"1\" loading=\"lazy\" decoding=\"async\" class=\"alignnone wp-image-475\" src=\"https:\/\/i0.wp.com\/www.vyrhelle.com\/arcea\/wp-content\/uploads\/2020\/03\/icon-aekina.jpg?resize=125%2C213&#038;ssl=1\" alt=\"\" width=\"125\" height=\"213\" \/><\/a> <a href=\"https:\/\/www.vyrhelle.com\/arcea\/bonus\/personnages\/verminaar\/\"><img data-recalc-dims=\"1\" loading=\"lazy\" decoding=\"async\" class=\"alignnone wp-image-495\" src=\"https:\/\/i0.wp.com\/www.vyrhelle.com\/arcea\/wp-content\/uploads\/2020\/03\/icon-verminaar.jpg?resize=125%2C213&#038;ssl=1\" alt=\"\" width=\"125\" height=\"213\" \/><\/a> <a href=\"https:\/\/www.vyrhelle.com\/arcea\/bonus\/personnages\/martial\/\"><img data-recalc-dims=\"1\" loading=\"lazy\" decoding=\"async\" class=\"alignnone wp-image-485\" src=\"https:\/\/i0.wp.com\/www.vyrhelle.com\/arcea\/wp-content\/uploads\/2020\/03\/icon-martial.jpg?resize=125%2C213&#038;ssl=1\" alt=\"\" width=\"125\" height=\"213\" \/><\/a> <a href=\"https:\/\/www.vyrhelle.com\/arcea\/bonus\/personnages\/kern\/\"><img data-recalc-dims=\"1\" loading=\"lazy\" decoding=\"async\" class=\"alignnone wp-image-710\" src=\"https:\/\/i0.wp.com\/www.vyrhelle.com\/arcea\/wp-content\/uploads\/2020\/03\/icon-kern.jpg?resize=125%2C213&#038;ssl=1\" alt=\"\" width=\"125\" height=\"213\" \/><\/a> <a href=\"https:\/\/www.vyrhelle.com\/arcea\/bonus\/personnages\/salky\/\"><img data-recalc-dims=\"1\" loading=\"lazy\" decoding=\"async\" class=\"alignnone wp-image-490\" src=\"https:\/\/i0.wp.com\/www.vyrhelle.com\/arcea\/wp-content\/uploads\/2020\/03\/icon-salky.jpg?resize=125%2C213&#038;ssl=1\" alt=\"\" width=\"125\" height=\"213\" \/><\/a> <a href=\"https:\/\/www.vyrhelle.com\/arcea\/bonus\/personnages\/senno\/\"><img data-recalc-dims=\"1\" loading=\"lazy\" decoding=\"async\" class=\"alignnone wp-image-491\" src=\"https:\/\/i0.wp.com\/www.vyrhelle.com\/arcea\/wp-content\/uploads\/2020\/03\/icon-senno.jpg?resize=125%2C213&#038;ssl=1\" alt=\"\" width=\"125\" height=\"213\" \/><\/a> <a href=\"https:\/\/www.vyrhelle.com\/arcea\/bonus\/personnages\/tania\/\"><img data-recalc-dims=\"1\" loading=\"lazy\" decoding=\"async\" class=\"alignnone wp-image-493\" src=\"https:\/\/i0.wp.com\/www.vyrhelle.com\/arcea\/wp-content\/uploads\/2020\/03\/icon-tania.jpg?resize=125%2C213&#038;ssl=1\" alt=\"\" width=\"125\" height=\"213\" \/><\/a> <a href=\"https:\/\/www.vyrhelle.com\/arcea\/bonus\/personnages\/talyerih\/\"><img data-recalc-dims=\"1\" loading=\"lazy\" decoding=\"async\" class=\"alignnone wp-image-492\" src=\"https:\/\/i0.wp.com\/www.vyrhelle.com\/arcea\/wp-content\/uploads\/2020\/03\/icon-talyerih.jpg?resize=125%2C213&#038;ssl=1\" alt=\"\" width=\"125\" height=\"213\" \/><\/a> <a href=\"https:\/\/www.vyrhelle.com\/arcea\/bonus\/personnages\/pyra\/\"><img data-recalc-dims=\"1\" loading=\"lazy\" decoding=\"async\" class=\"alignnone wp-image-487\" src=\"https:\/\/i0.wp.com\/www.vyrhelle.com\/arcea\/wp-content\/uploads\/2020\/03\/icon-pyra.jpg?resize=125%2C213&#038;ssl=1\" alt=\"\" width=\"125\" height=\"213\" \/><\/a><a href=\"https:\/\/www.vyrhelle.com\/arcea\/bonus\/personnages\/linea\/\"><img data-recalc-dims=\"1\" loading=\"lazy\" decoding=\"async\" class=\"alignnone wp-image-707\" src=\"https:\/\/i0.wp.com\/www.vyrhelle.com\/arcea\/wp-content\/uploads\/2020\/03\/icon-linea-1.jpg?resize=125%2C213&#038;ssl=1\" alt=\"\" width=\"125\" height=\"213\" \/><\/a> <a href=\"https:\/\/www.vyrhelle.com\/arcea\/bonus\/personnages\/toran\/\"><img data-recalc-dims=\"1\" loading=\"lazy\" decoding=\"async\" class=\"alignnone wp-image-494\" src=\"https:\/\/i0.wp.com\/www.vyrhelle.com\/arcea\/wp-content\/uploads\/2020\/03\/icon-toran.jpg?resize=125%2C213&#038;ssl=1\" alt=\"\" width=\"125\" height=\"213\" \/><\/a> <a href=\"https:\/\/www.vyrhelle.com\/arcea\/bonus\/personnages\/astree\/\"><img data-recalc-dims=\"1\" loading=\"lazy\" decoding=\"async\" class=\"alignnone wp-image-477\" src=\"https:\/\/i0.wp.com\/www.vyrhelle.com\/arcea\/wp-content\/uploads\/2020\/03\/icon-astree.jpg?resize=125%2C213&#038;ssl=1\" alt=\"\" width=\"125\" height=\"213\" \/><\/a> <a href=\"https:\/\/www.vyrhelle.com\/arcea\/bonus\/personnages\/reveuse\/\"><img data-recalc-dims=\"1\" loading=\"lazy\" decoding=\"async\" class=\"alignnone wp-image-489\" src=\"https:\/\/i0.wp.com\/www.vyrhelle.com\/arcea\/wp-content\/uploads\/2020\/03\/icon-reveuse.jpg?resize=125%2C213&#038;ssl=1\" alt=\"\" width=\"125\" height=\"213\" \/><\/a> <a href=\"https:\/\/www.vyrhelle.com\/arcea\/bonus\/personnages\/ikyse\/\"><img data-recalc-dims=\"1\" loading=\"lazy\" decoding=\"async\" class=\"alignnone wp-image-481\" src=\"https:\/\/i0.wp.com\/www.vyrhelle.com\/arcea\/wp-content\/uploads\/2020\/03\/icon-ikyse.jpg?resize=125%2C213&#038;ssl=1\" alt=\"\" width=\"125\" height=\"213\" \/><\/a> <a href=\"https:\/\/www.vyrhelle.com\/arcea\/bonus\/personnages\/allart\/\"><img data-recalc-dims=\"1\" loading=\"lazy\" decoding=\"async\" class=\"alignnone wp-image-476\" src=\"https:\/\/i0.wp.com\/www.vyrhelle.com\/arcea\/wp-content\/uploads\/2020\/03\/icon-allart.jpg?resize=125%2C213&#038;ssl=1\" alt=\"\" width=\"125\" height=\"213\" \/><\/a> <a href=\"https:\/\/www.vyrhelle.com\/arcea\/bonus\/personnages\/raekwan\/\"><img data-recalc-dims=\"1\" loading=\"lazy\" decoding=\"async\" class=\"alignnone wp-image-488\" src=\"https:\/\/i0.wp.com\/www.vyrhelle.com\/arcea\/wp-content\/uploads\/2020\/03\/icon-raek.jpg?resize=125%2C213&#038;ssl=1\" alt=\"\" width=\"125\" height=\"213\" \/><\/a> <a href=\"https:\/\/www.vyrhelle.com\/arcea\/bonus\/personnages\/elandra\/\"><img data-recalc-dims=\"1\" loading=\"lazy\" decoding=\"async\" class=\"alignnone wp-image-479\" src=\"https:\/\/i0.wp.com\/www.vyrhelle.com\/arcea\/wp-content\/uploads\/2020\/03\/icon-elandra.jpg?resize=125%2C213&#038;ssl=1\" alt=\"\" width=\"125\" height=\"213\" \/><\/a> <a href=\"https:\/\/www.vyrhelle.com\/arcea\/bonus\/personnages\/latosca\/\"><img data-recalc-dims=\"1\" loading=\"lazy\" decoding=\"async\" class=\"alignnone wp-image-499\" src=\"https:\/\/i0.wp.com\/www.vyrhelle.com\/arcea\/wp-content\/uploads\/2020\/03\/icon-tosca.jpg?resize=125%2C213&#038;ssl=1\" alt=\"\" width=\"125\" height=\"213\" \/><\/a> <a href=\"https:\/\/www.vyrhelle.com\/arcea\/bonus\/personnages\/narikia\/\"><img data-recalc-dims=\"1\" loading=\"lazy\" decoding=\"async\" class=\"alignnone wp-image-486\" src=\"https:\/\/i0.wp.com\/www.vyrhelle.com\/arcea\/wp-content\/uploads\/2020\/03\/icon-narikia.jpg?resize=125%2C213&#038;ssl=1\" alt=\"\" width=\"125\" height=\"213\" \/><\/a> <a href=\"https:\/\/www.vyrhelle.com\/arcea\/bonus\/personnages\/xarzith\/\"><img data-recalc-dims=\"1\" loading=\"lazy\" decoding=\"async\" class=\"alignnone wp-image-496\" src=\"https:\/\/i0.wp.com\/www.vyrhelle.com\/arcea\/wp-content\/uploads\/2020\/03\/icon-Xar.jpg?resize=125%2C213&#038;ssl=1\" alt=\"\" width=\"125\" height=\"213\" \/><\/a> <a href=\"https:\/\/www.vyrhelle.com\/arcea\/bonus\/personnages\/demone\/\"><img data-recalc-dims=\"1\" loading=\"lazy\" decoding=\"async\" class=\"alignnone wp-image-478\" src=\"https:\/\/i0.wp.com\/www.vyrhelle.com\/arcea\/wp-content\/uploads\/2020\/03\/icon-demone.jpg?resize=125%2C213&#038;ssl=1\" alt=\"\" width=\"125\" height=\"213\" \/><\/a><a href=\"https:\/\/www.vyrhelle.com\/arcea\/bonus\/personnages\/baron\/\"><img data-recalc-dims=\"1\" loading=\"lazy\" decoding=\"async\" class=\"alignnone wp-image-706\" src=\"https:\/\/i0.wp.com\/www.vyrhelle.com\/arcea\/wp-content\/uploads\/2020\/03\/icon-baronnoir.jpg?resize=125%2C213&#038;ssl=1\" alt=\"\" width=\"125\" height=\"213\" \/><\/a><\/p>\n\n<div class=\"wp-block-image\">\n<figure class=\"aligncenter size-large\"><img data-recalc-dims=\"1\" loading=\"lazy\" decoding=\"async\" width=\"50\" height=\"52\" src=\"https:\/\/i0.wp.com\/www.vyrhelle.com\/arcea\/wp-content\/uploads\/2020\/03\/celtic_knot_titre.png?resize=50%2C52&#038;ssl=1\" alt=\"\" class=\"wp-image-310\"\/><\/figure>\n<\/div>\n\n\n<h2 class=\"wp-block-heading has-text-align-center\">\u00c8re des G\u00e9n\u00e9raux<\/h2>\n\n\n<p style=\"text-align: justify;\">L&rsquo;\u00e8re des g\u00e9n\u00e9raux, situ\u00e9e un si\u00e8cle apr\u00e8s les \u00e9v\u00e9nements de la Grande Guerre, est abord\u00e9e dans la s\u00e9rie des BD. Mais ce sera dans le premier roman qu&rsquo;elle sera vraiment expos\u00e9e dans toute son ampleur. Comme les deux r\u00e9cits doivent \u00eatre coh\u00e9rents, le travail d&rsquo;\u00e9criture est d\u00e9j\u00e0 suffisamment avanc\u00e9 pour pr\u00e9senter quelques personnages cl\u00e9s.<\/p>\n<p style=\"text-align: center;\"><strong>Dans les BD :<\/strong><br \/><br data-rich-text-line-break=\"true\" \/><a href=\"https:\/\/www.vyrhelle.com\/arcea\/bonus\/personnages\/miriel\/\"><img data-recalc-dims=\"1\" loading=\"lazy\" decoding=\"async\" class=\"alignnone wp-image-752\" src=\"https:\/\/i0.wp.com\/www.vyrhelle.com\/arcea\/wp-content\/uploads\/2020\/03\/icon-miriel.jpg?resize=125%2C213&#038;ssl=1\" alt=\"\" width=\"125\" height=\"213\" \/><\/a> <a href=\"https:\/\/www.vyrhelle.com\/arcea\/bonus\/personnages\/tom\/\"><img data-recalc-dims=\"1\" loading=\"lazy\" decoding=\"async\" class=\"alignnone wp-image-861\" src=\"https:\/\/i0.wp.com\/www.vyrhelle.com\/arcea\/wp-content\/uploads\/2020\/03\/icon-tom.jpg?resize=125%2C213&#038;ssl=1\" alt=\"\" width=\"125\" height=\"213\" \/><\/a> <a href=\"https:\/\/www.vyrhelle.com\/arcea\/bonus\/personnages\/jures\/\"><img data-recalc-dims=\"1\" loading=\"lazy\" decoding=\"async\" class=\"alignnone wp-image-805\" src=\"https:\/\/i0.wp.com\/www.vyrhelle.com\/arcea\/wp-content\/uploads\/2020\/03\/icon-jures.jpg?resize=416%2C213&#038;ssl=1\" alt=\"\" width=\"416\" height=\"213\" srcset=\"https:\/\/i0.wp.com\/www.vyrhelle.com\/arcea\/wp-content\/uploads\/2020\/03\/icon-jures.jpg?w=500&amp;ssl=1 500w, https:\/\/i0.wp.com\/www.vyrhelle.com\/arcea\/wp-content\/uploads\/2020\/03\/icon-jures.jpg?resize=200%2C102&amp;ssl=1 200w, https:\/\/i0.wp.com\/www.vyrhelle.com\/arcea\/wp-content\/uploads\/2020\/03\/icon-jures.jpg?resize=300%2C154&amp;ssl=1 300w\" sizes=\"auto, (max-width: 416px) 100vw, 416px\" \/><\/a><\/p>\n<p style=\"text-align: center;\"><br data-rich-text-line-break=\"true\" \/><strong>Dans les Romans :<\/strong><\/p>\n<p style=\"text-align: center;\"><a href=\"https:\/\/www.vyrhelle.com\/arcea\/bonus\/personnages\/nathaniel\/\"><img data-recalc-dims=\"1\" loading=\"lazy\" decoding=\"async\" class=\"alignnone wp-image-856\" src=\"https:\/\/i0.wp.com\/www.vyrhelle.com\/arcea\/wp-content\/uploads\/2020\/03\/icon-nathaniel.jpg?resize=125%2C213&#038;ssl=1\" alt=\"\" width=\"125\" height=\"213\" \/><\/a> <a href=\"https:\/\/www.vyrhelle.com\/arcea\/bonus\/personnages\/sameth\/\"><img data-recalc-dims=\"1\" loading=\"lazy\" decoding=\"async\" class=\"alignnone wp-image-860\" src=\"https:\/\/i0.wp.com\/www.vyrhelle.com\/arcea\/wp-content\/uploads\/2020\/03\/icon-sameth.jpg?resize=125%2C213&#038;ssl=1\" alt=\"\" width=\"125\" height=\"213\" \/><\/a>  <a href=\"https:\/\/www.vyrhelle.com\/arcea\/bonus\/personnages\/zakeriel\/\"><img data-recalc-dims=\"1\" loading=\"lazy\" decoding=\"async\" class=\"alignnone wp-image-859\" src=\"https:\/\/i0.wp.com\/www.vyrhelle.com\/arcea\/wp-content\/uploads\/2020\/03\/icon-zak.jpg?resize=125%2C213&#038;ssl=1\" alt=\"\" width=\"125\" height=\"213\" \/><\/a> <a href=\"https:\/\/www.vyrhelle.com\/arcea\/bonus\/personnages\/eloine\/\"><img data-recalc-dims=\"1\" loading=\"lazy\" decoding=\"async\" class=\"alignnone wp-image-862\" src=\"https:\/\/i0.wp.com\/www.vyrhelle.com\/arcea\/wp-content\/uploads\/2020\/03\/icon-eloine.jpg?resize=125%2C213&#038;ssl=1\" alt=\"\" width=\"125\" height=\"213\" \/><\/a> <a href=\"https:\/\/www.vyrhelle.com\/arcea\/bonus\/personnages\/lena\/\"><img data-recalc-dims=\"1\" loading=\"lazy\" decoding=\"async\" class=\"alignnone wp-image-855\" src=\"https:\/\/i0.wp.com\/www.vyrhelle.com\/arcea\/wp-content\/uploads\/2020\/03\/icon-lena.jpg?resize=125%2C213&#038;ssl=1\" alt=\"\" width=\"125\" height=\"213\" \/><\/a><\/p>\n<p style=\"text-align: center;\"><a href=\"https:\/\/www.vyrhelle.com\/arcea\/bonus\/personnages\/nathyrra\/\"><img data-recalc-dims=\"1\" loading=\"lazy\" decoding=\"async\" class=\"alignnone wp-image-864\" src=\"https:\/\/i0.wp.com\/www.vyrhelle.com\/arcea\/wp-content\/uploads\/2020\/03\/icon-nathyrra.jpg?resize=125%2C213&#038;ssl=1\" alt=\"\" width=\"125\" height=\"213\" \/><\/a> <a href=\"https:\/\/www.vyrhelle.com\/arcea\/bonus\/personnages\/elrohir\/\"><img data-recalc-dims=\"1\" loading=\"lazy\" decoding=\"async\" class=\"alignnone wp-image-853\" src=\"https:\/\/i0.wp.com\/www.vyrhelle.com\/arcea\/wp-content\/uploads\/2020\/03\/icon-elro.jpg?resize=125%2C213&#038;ssl=1\" alt=\"\" width=\"125\" height=\"213\" \/><\/a> <a href=\"https:\/\/www.vyrhelle.com\/arcea\/bonus\/personnages\/helea\/\"><img data-recalc-dims=\"1\" loading=\"lazy\" decoding=\"async\" class=\"alignnone wp-image-854 \" src=\"https:\/\/i0.wp.com\/www.vyrhelle.com\/arcea\/wp-content\/uploads\/2020\/03\/icon-helea.jpg?resize=125%2C210&#038;ssl=1\" alt=\"\" width=\"125\" height=\"210\" \/><\/a> <a href=\"https:\/\/www.vyrhelle.com\/arcea\/bonus\/personnages\/laurenor\/\"><img data-recalc-dims=\"1\" loading=\"lazy\" decoding=\"async\" class=\"alignnone wp-image-951\" src=\"https:\/\/i0.wp.com\/www.vyrhelle.com\/arcea\/wp-content\/uploads\/2020\/03\/icon-laur%C3%A9nor.jpg?resize=125%2C213&#038;ssl=1\" alt=\"\" width=\"125\" height=\"213\" \/><\/a><a href=\"https:\/\/www.vyrhelle.com\/arcea\/bonus\/personnages\/charnag\/\"><img data-recalc-dims=\"1\" loading=\"lazy\" decoding=\"async\" class=\"alignnone wp-image-868\" src=\"https:\/\/i0.wp.com\/www.vyrhelle.com\/arcea\/wp-content\/uploads\/2020\/03\/icon-charnag-1.jpg?resize=125%2C213&#038;ssl=1\" alt=\"\" width=\"125\" height=\"213\" \/><\/a><br data-rich-text-line-break=\"true\" \/><br data-rich-text-line-break=\"true\" \/><\/p>\n\n<div class=\"wp-block-image\">\n<figure class=\"aligncenter size-large\"><img data-recalc-dims=\"1\" loading=\"lazy\" decoding=\"async\" width=\"50\" height=\"52\" src=\"https:\/\/i0.wp.com\/www.vyrhelle.com\/arcea\/wp-content\/uploads\/2020\/03\/celtic_knot_titre.png?resize=50%2C52&#038;ssl=1\" alt=\"\" class=\"wp-image-310\"\/><\/figure>\n<\/div>\n\n\n<h2 class=\"wp-block-heading has-text-align-center\">\u00c8re des Dragons<\/h2>\n\n\n<p style=\"text-align: justify;\">Pour le moment, cette \u00e8re de l&rsquo;univers d&rsquo;Arcea est \u00e0 l&rsquo;\u00e9tat d&rsquo;\u00e9bauche. Mais quelques visuels ont d\u00e9j\u00e0 \u00e9t\u00e9 r\u00e9alis\u00e9s pour plusieurs des personnages cl\u00e9s.<br \/>Ci-dessous : Eareen, Mewen, Zak\u00e9riel, Aleanne, Onyx, Nathaniel, D\u00e9m\u00e9tria, Sameth, Halessan, Ayden, Velk, Kurnal, Tjalelh et T\u00e9os&#8230;&nbsp;&nbsp;<\/p>\n\n\n<div class=\"wp-block-jetpack-tiled-gallery aligncenter is-style-rectangular\"><div class=\"tiled-gallery__gallery\"><div class=\"tiled-gallery__row\"><div class=\"tiled-gallery__col\" style=\"flex-basis:11.956482623888004%\"><figure class=\"tiled-gallery__item\"><a href=\"https:\/\/i0.wp.com\/www.vyrhelle.com\/arcea\/wp-content\/uploads\/2020\/03\/A-bord-du-Sans-Couleurs.jpg?ssl=1\"><img decoding=\"async\" srcset=\"https:\/\/i0.wp.com\/www.vyrhelle.com\/arcea\/wp-content\/uploads\/2020\/03\/A-bord-du-Sans-Couleurs.jpg?strip=info&#038;w=526&#038;ssl=1 526w\" alt=\"\" data-height=\"800\" data-id=\"1360\" data-link=\"https:\/\/www.vyrhelle.com\/arcea\/bonus\/personnages\/a-bord-du-sans-couleurs\/\" data-url=\"https:\/\/www.vyrhelle.com\/arcea\/wp-content\/uploads\/2020\/03\/A-bord-du-Sans-Couleurs.jpg\" data-width=\"526\" src=\"https:\/\/i0.wp.com\/www.vyrhelle.com\/arcea\/wp-content\/uploads\/2020\/03\/A-bord-du-Sans-Couleurs.jpg?ssl=1\" layout=\"responsive\"\/><\/a><\/figure><\/div><div class=\"tiled-gallery__col\" style=\"flex-basis:23.410281975564136%\"><figure class=\"tiled-gallery__item\"><a href=\"https:\/\/i2.wp.com\/www.vyrhelle.com\/arcea\/wp-content\/uploads\/2020\/03\/beorn.jpg?ssl=1\"><img decoding=\"async\" srcset=\"https:\/\/i2.wp.com\/www.vyrhelle.com\/arcea\/wp-content\/uploads\/2020\/03\/beorn.jpg?strip=info&#038;w=600&#038;ssl=1 600w,https:\/\/i2.wp.com\/www.vyrhelle.com\/arcea\/wp-content\/uploads\/2020\/03\/beorn.jpg?strip=info&#038;w=800&#038;ssl=1 800w\" alt=\"\" data-height=\"616\" data-id=\"1362\" data-link=\"https:\/\/www.vyrhelle.com\/arcea\/bonus\/personnages\/beorn\/\" data-url=\"https:\/\/www.vyrhelle.com\/arcea\/wp-content\/uploads\/2020\/03\/beorn.jpg\" data-width=\"800\" src=\"https:\/\/i2.wp.com\/www.vyrhelle.com\/arcea\/wp-content\/uploads\/2020\/03\/beorn.jpg?ssl=1\" layout=\"responsive\"\/><\/a><\/figure><\/div><div class=\"tiled-gallery__col\" style=\"flex-basis:14.256348000822111%\"><figure class=\"tiled-gallery__item\"><a href=\"https:\/\/i1.wp.com\/www.vyrhelle.com\/arcea\/wp-content\/uploads\/2020\/03\/Ayden-Halessan.jpg?ssl=1\"><img decoding=\"async\" srcset=\"https:\/\/i1.wp.com\/www.vyrhelle.com\/arcea\/wp-content\/uploads\/2020\/03\/Ayden-Halessan.jpg?strip=info&#038;w=600&#038;ssl=1 600w,https:\/\/i1.wp.com\/www.vyrhelle.com\/arcea\/wp-content\/uploads\/2020\/03\/Ayden-Halessan.jpg?strip=info&#038;w=629&#038;ssl=1 629w\" alt=\"\" data-height=\"800\" data-id=\"1361\" data-link=\"https:\/\/www.vyrhelle.com\/arcea\/bonus\/personnages\/ayden-halessan\/\" data-url=\"https:\/\/www.vyrhelle.com\/arcea\/wp-content\/uploads\/2020\/03\/Ayden-Halessan.jpg\" data-width=\"629\" src=\"https:\/\/i1.wp.com\/www.vyrhelle.com\/arcea\/wp-content\/uploads\/2020\/03\/Ayden-Halessan.jpg?ssl=1\" layout=\"responsive\"\/><\/a><\/figure><\/div><div class=\"tiled-gallery__col\" style=\"flex-basis:50.37688739972575%\"><figure class=\"tiled-gallery__item\"><a href=\"https:\/\/i0.wp.com\/www.vyrhelle.com\/arcea\/wp-content\/uploads\/2020\/03\/sileam-panoramique.jpg?ssl=1\"><img decoding=\"async\" srcset=\"https:\/\/i0.wp.com\/www.vyrhelle.com\/arcea\/wp-content\/uploads\/2020\/03\/sileam-panoramique.jpg?strip=info&#038;w=600&#038;ssl=1 600w,https:\/\/i0.wp.com\/www.vyrhelle.com\/arcea\/wp-content\/uploads\/2020\/03\/sileam-panoramique.jpg?strip=info&#038;w=900&#038;ssl=1 900w,https:\/\/i0.wp.com\/www.vyrhelle.com\/arcea\/wp-content\/uploads\/2020\/03\/sileam-panoramique.jpg?strip=info&#038;w=1200&#038;ssl=1 1200w,https:\/\/i0.wp.com\/www.vyrhelle.com\/arcea\/wp-content\/uploads\/2020\/03\/sileam-panoramique.jpg?strip=info&#038;w=1500&#038;ssl=1 1500w,https:\/\/i0.wp.com\/www.vyrhelle.com\/arcea\/wp-content\/uploads\/2020\/03\/sileam-panoramique.jpg?strip=info&#038;w=1685&#038;ssl=1 1685w\" alt=\"\" data-height=\"600\" data-id=\"1363\" data-link=\"https:\/\/www.vyrhelle.com\/arcea\/bonus\/personnages\/sileam-panoramique\/\" data-url=\"https:\/\/www.vyrhelle.com\/arcea\/wp-content\/uploads\/2020\/03\/sileam-panoramique.jpg\" data-width=\"1685\" src=\"https:\/\/i0.wp.com\/www.vyrhelle.com\/arcea\/wp-content\/uploads\/2020\/03\/sileam-panoramique.jpg?ssl=1\" layout=\"responsive\"\/><\/a><\/figure><\/div><\/div><\/div><\/div>\n\n\n<div class=\"wp-block-image\">\n<figure class=\"aligncenter size-large\"><img data-recalc-dims=\"1\" loading=\"lazy\" decoding=\"async\" width=\"50\" height=\"52\" src=\"https:\/\/i0.wp.com\/www.vyrhelle.com\/arcea\/wp-content\/uploads\/2020\/03\/celtic_knot_titre.png?resize=50%2C52&#038;ssl=1\" alt=\"\" class=\"wp-image-310\"\/><\/figure>\n<\/div>","protected":false},"excerpt":{"rendered":"<p>Les pr\u00e9sentations ci-dessous d\u00e9crivent les personnages phares des intrigues des Chroniques d&rsquo;Arcea au moment o\u00f9 ils apparaissent dans l&rsquo;histoire. Aussi bien dans la s\u00e9rie de BD, quand dans les romans en pr\u00e9paration. Incluant des compl\u00e9ments d&rsquo;informations, des pr\u00e9cisions pertinentes,&nbsp; ces pr\u00e9sentations n&rsquo;aborderont cependant pas l&rsquo;\u00e9volution de ces m\u00eames personnages, \u00e9volution qui est r\u00e9serv\u00e9e au r\u00e9cit [&hellip;]<\/p>\n","protected":false},"author":1,"featured_media":0,"parent":17,"menu_order":2,"comment_status":"closed","ping_status":"closed","template":"template-fullwidth.php","meta":{"jetpack_post_was_ever_published":false,"footnotes":""},"class_list":["post-35","page","type-page","status-publish","hentry","post-preview"],"jetpack_sharing_enabled":true,"jetpack_likes_enabled":false,"_links":{"self":[{"href":"https:\/\/www.vyrhelle.com\/arcea\/wp-json\/wp\/v2\/pages\/35","targetHints":{"allow":["GET"]}}],"collection":[{"href":"https:\/\/www.vyrhelle.com\/arcea\/wp-json\/wp\/v2\/pages"}],"about":[{"href":"https:\/\/www.vyrhelle.com\/arcea\/wp-json\/wp\/v2\/types\/page"}],"author":[{"embeddable":true,"href":"https:\/\/www.vyrhelle.com\/arcea\/wp-json\/wp\/v2\/users\/1"}],"replies":[{"embeddable":true,"href":"https:\/\/www.vyrhelle.com\/arcea\/wp-json\/wp\/v2\/comments?post=35"}],"version-history":[{"count":65,"href":"https:\/\/www.vyrhelle.com\/arcea\/wp-json\/wp\/v2\/pages\/35\/revisions"}],"predecessor-version":[{"id":4272,"href":"https:\/\/www.vyrhelle.com\/arcea\/wp-json\/wp\/v2\/pages\/35\/revisions\/4272"}],"up":[{"embeddable":true,"href":"https:\/\/www.vyrhelle.com\/arcea\/wp-json\/wp\/v2\/pages\/17"}],"wp:attachment":[{"href":"https:\/\/www.vyrhelle.com\/arcea\/wp-json\/wp\/v2\/media?parent=35"}],"curies":[{"name":"wp","href":"https:\/\/api.w.org\/{rel}","templated":true}]}}