{"id":448,"date":"2020-03-20T11:54:06","date_gmt":"2020-03-20T10:54:06","guid":{"rendered":"http:\/\/www.vyrhelle.com\/blog\/?page_id=448"},"modified":"2025-11-10T18:18:39","modified_gmt":"2025-11-10T17:18:39","slug":"jollwin","status":"publish","type":"page","link":"https:\/\/www.vyrhelle.com\/arcea\/bonus\/personnages\/jollwin\/","title":{"rendered":"J\u00d6LLWIN, le R\u00f4deur"},"content":{"rendered":"<div class=\"wp-block-image\">\n<figure class=\"alignleft size-full is-resized\"><img data-recalc-dims=\"1\" loading=\"lazy\" decoding=\"async\" width=\"400\" height=\"600\" src=\"https:\/\/i0.wp.com\/www.vyrhelle.com\/arcea\/wp-content\/uploads\/2020\/03\/avatar-jollwin.jpg?resize=400%2C600&#038;ssl=1\" alt=\"\" class=\"wp-image-901\" style=\"width:300px;height:450px\" srcset=\"https:\/\/i0.wp.com\/www.vyrhelle.com\/arcea\/wp-content\/uploads\/2020\/03\/avatar-jollwin.jpg?w=400&amp;ssl=1 400w, https:\/\/i0.wp.com\/www.vyrhelle.com\/arcea\/wp-content\/uploads\/2020\/03\/avatar-jollwin.jpg?resize=200%2C300&amp;ssl=1 200w\" sizes=\"auto, (max-width: 400px) 100vw, 400px\" \/><\/figure>\n<\/div>\n\n<p><strong>Nom :<\/strong>\u00a0Lonegreen<br \/><strong>Pr\u00e9nom :<\/strong>\u00a0J\u00f6llwin<\/p>\n<p><strong>Age :<\/strong>\u00a0350 ans mais semble en avoir 150 ( = 25 ans humain )<br \/><strong>Race :<\/strong>\u00a0Demi-elfe sylvain<br \/><strong>Taille :<\/strong>\u00a01 m 85<br \/><strong>Poids :<\/strong> 85 kg<br \/><strong>Cheveux :<\/strong>\u00a0roux, lisses, mi-longs<br \/><strong>Yeux :<\/strong>\u00a0gris<br \/><strong>Corpulence :<\/strong> plus carr\u00e9e qu\u2019un elfe.<br \/><strong>Couleur de peau :<\/strong>\u00a0un peu h\u00e2l\u00e9e<\/p>\n<p><strong>Signes particuliers :\u00a0<\/strong>Poss\u00e8de deux anneaux, un bleu \u00e0 la main droite, un rouge \u00e0 la main gauche. Et m\u00eame pour un demi-elfe, il fait bien plus jeune que son \u00e2ge.<\/p>\n\n\n<div style=\"height:20px\" aria-hidden=\"true\" class=\"wp-block-spacer\"><\/div>\n\n\n<p align=\"justify\"><strong>Apparition : <\/strong>tome 1 page 11<\/p>\n<p style=\"text-align: justify;\" align=\"justify\">On ne sait pas grand-chose sur ce demi-elfe. Il est pr\u00e9sent\u00e9 comme un r\u00f4deur et un \u00eatre peu bavard et tourment\u00e9. Ce sont ses relations avec <a href=\"https:\/\/www.vyrhelle.com\/arcea\/bonus\/personnages\/verminaar\/\">Verminaar<\/a>\u00a0et\u00a0<a href=\"https:\/\/www.vyrhelle.com\/arcea\/bonus\/personnages\/aekina\/\">Aekina<\/a> qui permettent d&rsquo;en deviner davantage. D\u00e9j\u00e0, il est plus vieux qu&rsquo;il n&rsquo;y parait. Donnant l&rsquo;impression d&rsquo;\u00eatre plus jeune que l&rsquo;elfe polaire, \u00e0 savoir moins de 170 ans, Aekina le d\u00e9ment en disant qu&rsquo;il a v\u00e9cu trois cents ans chez <a href=\"https:\/\/www.vyrhelle.com\/arcea\/bonus\/peuples\/lunaires\/\">les elfes lunaires<\/a>. La r\u00e9alit\u00e9 est qu&rsquo;il est m\u00eame \u00e2g\u00e9 de 350 ans, soit l&rsquo;\u00e9quivalent de 35 ans pour un humain. L&rsquo;apparence des elfes trahissant leur \u00e2ge psychique et non leur \u00e2ge physique, J\u00f6llwin est donc moins mature que ne le voudrait son \u00e2ge r\u00e9el. Et ses r\u00e9actions, impulsives et irr\u00e9fl\u00e9chies, abondent dans ce sens. La raison de cette immaturit\u00e9 est, par contre, difficile \u00e0 d\u00e9finir sans conna\u00eetre son pass\u00e9. Mais ce sera un sujet abord\u00e9 plus tard dans l&rsquo;histoire.<\/p>\n<p style=\"text-align: justify;\" align=\"justify\">Autre point ambigu, <a href=\"https:\/\/www.vyrhelle.com\/arcea\/bonus\/objets\/#anneaux\">ses anneaux<\/a>. On ignore d&rsquo;o\u00f9 il les tient, mais il les poss\u00e8de depuis tr\u00e8s longtemps. Artefacts magiques, il prend depuis peu conscience de leur pouvoir sans parvenir \u00e0 le d\u00e9finir. Ils influencent ses \u00e9motions, il en est certain, mais peut-\u00eatre pas seulement. Surtout quand il semble en \u00eatre d\u00e9pendant au point de ruser pour ne pas avoir \u00e0 les enlever. Il est m\u00eame raisonnable de se demander si son immaturit\u00e9 ne d\u00e9coule pas de ses deux anneaux myst\u00e9rieux.<\/p>\n<p style=\"text-align: justify;\" align=\"justify\">Vient ensuite\u00a0<a href=\"https:\/\/www.vyrhelle.com\/arcea\/bonus\/personnages\/martial\/\">Martial<\/a>. Son petit familier et lui manifestent une relation mal d\u00e9finie. On se demande qui a vraiment besoin de l&rsquo;autre et pourtant, ils paraissent indissociables. Mais ce n&rsquo;est probablement qu&rsquo;une impression.<\/p>\n<p style=\"text-align: justify;\" align=\"justify\">Enfin, dernier point \u00e9trange autour de J\u00f6llwin : la vitesse \u00e0 laquelle il tombe sous le charme d&rsquo;<a href=\"https:\/\/www.vyrhelle.com\/arcea\/bonus\/personnages\/elwen\/\">Elwen<\/a>. On peut parler de coup de foudre, mais son irritabilit\u00e9, cons\u00e9quente au manque de r\u00e9ponse de la jeune femme, laisse plus dubitatif. Est-il juste tomb\u00e9 amoureux et r\u00e9agit-il comme un adolescent contrari\u00e9\u202f? Ou ses anneaux sont-ils aussi derri\u00e8re tout \u00e7a ? Pourquoi Elwen, dans ce cas ? L&rsquo;histoire d\u00e9velopp\u00e9e dans les albums de BD donnera la r\u00e9ponse \u00e0 ses questions.\u00a0<\/p>","protected":false},"excerpt":{"rendered":"<p>Nom :\u00a0LonegreenPr\u00e9nom :\u00a0J\u00f6llwin Age :\u00a0350 ans mais semble en avoir 150 ( = 25 ans humain )Race :\u00a0Demi-elfe sylvainTaille :\u00a01 m 85Poids : 85 kgCheveux :\u00a0roux, lisses, mi-longsYeux :\u00a0grisCorpulence : plus carr\u00e9e qu\u2019un elfe.Couleur de peau :\u00a0un peu h\u00e2l\u00e9e Signes particuliers :\u00a0Poss\u00e8de deux anneaux, un bleu \u00e0 la main droite, un rouge \u00e0 la main [&hellip;]<\/p>\n","protected":false},"author":1,"featured_media":0,"parent":35,"menu_order":2,"comment_status":"closed","ping_status":"closed","template":"template-fullwidth.php","meta":{"jetpack_post_was_ever_published":false,"footnotes":""},"class_list":["post-448","page","type-page","status-publish","hentry","post-preview"],"jetpack_sharing_enabled":true,"jetpack_likes_enabled":false,"_links":{"self":[{"href":"https:\/\/www.vyrhelle.com\/arcea\/wp-json\/wp\/v2\/pages\/448","targetHints":{"allow":["GET"]}}],"collection":[{"href":"https:\/\/www.vyrhelle.com\/arcea\/wp-json\/wp\/v2\/pages"}],"about":[{"href":"https:\/\/www.vyrhelle.com\/arcea\/wp-json\/wp\/v2\/types\/page"}],"author":[{"embeddable":true,"href":"https:\/\/www.vyrhelle.com\/arcea\/wp-json\/wp\/v2\/users\/1"}],"replies":[{"embeddable":true,"href":"https:\/\/www.vyrhelle.com\/arcea\/wp-json\/wp\/v2\/comments?post=448"}],"version-history":[{"count":20,"href":"https:\/\/www.vyrhelle.com\/arcea\/wp-json\/wp\/v2\/pages\/448\/revisions"}],"predecessor-version":[{"id":3187,"href":"https:\/\/www.vyrhelle.com\/arcea\/wp-json\/wp\/v2\/pages\/448\/revisions\/3187"}],"up":[{"embeddable":true,"href":"https:\/\/www.vyrhelle.com\/arcea\/wp-json\/wp\/v2\/pages\/35"}],"wp:attachment":[{"href":"https:\/\/www.vyrhelle.com\/arcea\/wp-json\/wp\/v2\/media?parent=448"}],"curies":[{"name":"wp","href":"https:\/\/api.w.org\/{rel}","templated":true}]}}