{"id":452,"date":"2020-03-20T11:57:48","date_gmt":"2020-03-20T10:57:48","guid":{"rendered":"http:\/\/www.vyrhelle.com\/blog\/?page_id=452"},"modified":"2025-11-10T18:18:39","modified_gmt":"2025-11-10T17:18:39","slug":"aekina","status":"publish","type":"page","link":"https:\/\/www.vyrhelle.com\/arcea\/bonus\/personnages\/aekina\/","title":{"rendered":"AEKINA, l&rsquo;H\u00e9riti\u00e8re Lunaire"},"content":{"rendered":"<div class=\"wp-block-image\">\n<figure class=\"alignleft size-full is-resized\"><img data-recalc-dims=\"1\" loading=\"lazy\" decoding=\"async\" width=\"400\" height=\"600\" src=\"https:\/\/i0.wp.com\/www.vyrhelle.com\/arcea\/wp-content\/uploads\/2020\/03\/avatar-aekina.jpg?resize=400%2C600&#038;ssl=1\" alt=\"\" class=\"wp-image-893\" style=\"width:300px;height:450px\" srcset=\"https:\/\/i0.wp.com\/www.vyrhelle.com\/arcea\/wp-content\/uploads\/2020\/03\/avatar-aekina.jpg?w=400&amp;ssl=1 400w, https:\/\/i0.wp.com\/www.vyrhelle.com\/arcea\/wp-content\/uploads\/2020\/03\/avatar-aekina.jpg?resize=200%2C300&amp;ssl=1 200w\" sizes=\"auto, (max-width: 400px) 100vw, 400px\" \/><\/figure>\n<\/div>\n\n<p><strong>Nom :<\/strong>\u00a0Zora<br \/><strong>Pr\u00e9nom :<\/strong>\u00a0Aekina<\/p>\n<p><strong>Age :<\/strong>\u00a0345 ans<br \/><strong>Race :<\/strong>\u00a0<a href=\"https:\/\/www.vyrhelle.com\/arcea\/bonus\/peuples\/lunaires\/\">elfe lunaire<\/a><br \/><strong>Taille :<\/strong>\u00a01 m 75<br \/><strong>Poids :<\/strong> 60 kg<br \/><strong>Cheveux :<\/strong> noir bleut\u00e9, mi-longs<br \/><strong>Yeux :<\/strong>\u00a0bleus<br \/><strong>Corpulence :<\/strong>\u00a0\u00e9lanc\u00e9e<br \/><strong>Couleur de peau :<\/strong>\u00a0rose gris\u00e9e<\/p>\n<p style=\"text-align: justify;\"><strong>Signes particuliers :\u00a0<\/strong>Elle arbore un tatouage violet sur le visage, symbole de ses fian\u00e7ailles avec <a href=\"https:\/\/www.vyrhelle.com\/arcea\/bonus\/personnages\/verminaar\/\">Verminaar<\/a>. Et elle affiche un tr\u00e8s fin diad\u00e8me sur son front. Ses yeux brillent dans la p\u00e9nombre et dans certaines circonstances particuli\u00e8res.<\/p>\n\n\n<div style=\"height:20px\" aria-hidden=\"true\" class=\"wp-block-spacer\"><\/div>\n\n\n<p style=\"text-align: justify;\" align=\"justify\"><strong>Apparition :<\/strong> tome 1 page 11<\/p>\n<p style=\"text-align: justify;\" align=\"justify\">Lorsque Aekina apparait pour la premi\u00e8re fois, elle est pr\u00e9sent\u00e9e comme une simple aventuri\u00e8re. Et rien ne vient le contredire, hormis son don particulier pour voir certaines choses. Apparemment li\u00e9e \u00e0 la d\u00e9esse de la lune, des r\u00eaves et des visions, <a href=\"https:\/\/www.vyrhelle.com\/arcea\/bonus\/dieux\/#Ylia\">Ylia<\/a>, Aekina manifeste un pouvoir de vision plut\u00f4t efficace, m\u00eame si difficile \u00e0 contr\u00f4ler. Et encore plus difficile \u00e0 vivre au quotidien. Seul son <a href=\"https:\/\/www.vyrhelle.com\/arcea\/bonus\/objets\/#diademe\">diad\u00e8me<\/a>\u00a0semble lui permettre de museler ses visions et lui offrir une vie relativement normale. Le petit d\u00e9tail qui soul\u00e8ve des questions, c&rsquo;est, en fin d&rsquo;album, quand\u00a0<a href=\"https:\/\/www.vyrhelle.com\/arcea\/bonus\/personnages\/ikyse\/\">Ikyse<\/a> r\u00e9v\u00e8le que le diad\u00e8me a \u00e9t\u00e9 r\u00e9alis\u00e9 \u00e0 partir d&rsquo;une de ses \u00e9cailles. Comment une simple aventuri\u00e8re peut-elle avoir en sa possession un bijou d&rsquo;une telle raret\u00e9 ?<\/p>\n<p style=\"text-align: justify;\" align=\"justify\">Ensuite, elle et\u00a0<a href=\"https:\/\/www.vyrhelle.com\/arcea\/bonus\/personnages\/jollwin\/\">J\u00f6llwin<\/a>\u00a0s&rsquo;annoncent comme cousins. Une elfe de lune, \u00e0 l&rsquo;\u00e9vidence pure souche, et un demi-elfe sylvain se retrouvant cousins ? Ce n&rsquo;est pas chose impossible, mais plut\u00f4t surprenante. Car les elfes lunaires sont un peuple g\u00e9n\u00e9ralement x\u00e9nophobe.<\/p>\n<p style=\"text-align: justify;\" align=\"justify\">Petit d\u00e9tail \u00e0 remarquer \u00e9galement, elle s&rsquo;habille toujours en noir et de mani\u00e8re l\u00e9g\u00e8re, quand les elfes lunaires sont connus pour \u00eatre un peuple tr\u00e8s pudique et aimant le gris, le bleu et le blanc. Ajout\u00e9 \u00e0 cela qu&rsquo;elle est fianc\u00e9e \u00e0 un elfe polaire exil\u00e9 et sans nom de famille, Aekina semble \u00eatre une femme qui n&rsquo;a pas quitt\u00e9 son peuple sans raison\u2026<\/p>","protected":false},"excerpt":{"rendered":"<p>Nom :\u00a0ZoraPr\u00e9nom :\u00a0Aekina Age :\u00a0345 ansRace :\u00a0elfe lunaireTaille :\u00a01 m 75Poids : 60 kgCheveux : noir bleut\u00e9, mi-longsYeux :\u00a0bleusCorpulence :\u00a0\u00e9lanc\u00e9eCouleur de peau :\u00a0rose gris\u00e9e Signes particuliers :\u00a0Elle arbore un tatouage violet sur le visage, symbole de ses fian\u00e7ailles avec Verminaar. Et elle affiche un tr\u00e8s fin diad\u00e8me sur son front. Ses yeux brillent dans la [&hellip;]<\/p>\n","protected":false},"author":1,"featured_media":0,"parent":35,"menu_order":3,"comment_status":"closed","ping_status":"closed","template":"template-fullwidth.php","meta":{"jetpack_post_was_ever_published":false,"footnotes":""},"class_list":["post-452","page","type-page","status-publish","hentry","post-preview"],"jetpack_sharing_enabled":true,"jetpack_likes_enabled":false,"_links":{"self":[{"href":"https:\/\/www.vyrhelle.com\/arcea\/wp-json\/wp\/v2\/pages\/452","targetHints":{"allow":["GET"]}}],"collection":[{"href":"https:\/\/www.vyrhelle.com\/arcea\/wp-json\/wp\/v2\/pages"}],"about":[{"href":"https:\/\/www.vyrhelle.com\/arcea\/wp-json\/wp\/v2\/types\/page"}],"author":[{"embeddable":true,"href":"https:\/\/www.vyrhelle.com\/arcea\/wp-json\/wp\/v2\/users\/1"}],"replies":[{"embeddable":true,"href":"https:\/\/www.vyrhelle.com\/arcea\/wp-json\/wp\/v2\/comments?post=452"}],"version-history":[{"count":16,"href":"https:\/\/www.vyrhelle.com\/arcea\/wp-json\/wp\/v2\/pages\/452\/revisions"}],"predecessor-version":[{"id":3189,"href":"https:\/\/www.vyrhelle.com\/arcea\/wp-json\/wp\/v2\/pages\/452\/revisions\/3189"}],"up":[{"embeddable":true,"href":"https:\/\/www.vyrhelle.com\/arcea\/wp-json\/wp\/v2\/pages\/35"}],"wp:attachment":[{"href":"https:\/\/www.vyrhelle.com\/arcea\/wp-json\/wp\/v2\/media?parent=452"}],"curies":[{"name":"wp","href":"https:\/\/api.w.org\/{rel}","templated":true}]}}