{"id":460,"date":"2020-03-20T12:03:53","date_gmt":"2020-03-20T11:03:53","guid":{"rendered":"http:\/\/www.vyrhelle.com\/blog\/?page_id=460"},"modified":"2025-11-10T18:18:39","modified_gmt":"2025-11-10T17:18:39","slug":"kern","status":"publish","type":"page","link":"https:\/\/www.vyrhelle.com\/arcea\/bonus\/personnages\/kern\/","title":{"rendered":"KERN, le Protecteur"},"content":{"rendered":"<div class=\"wp-block-image\">\n<figure class=\"alignleft size-full is-resized\"><img data-recalc-dims=\"1\" loading=\"lazy\" decoding=\"async\" width=\"400\" height=\"600\" src=\"https:\/\/i0.wp.com\/www.vyrhelle.com\/arcea\/wp-content\/uploads\/2020\/03\/avatar-kern.jpg?resize=400%2C600&#038;ssl=1\" alt=\"\" class=\"wp-image-902\" style=\"width:300px;height:450px\" srcset=\"https:\/\/i0.wp.com\/www.vyrhelle.com\/arcea\/wp-content\/uploads\/2020\/03\/avatar-kern.jpg?w=400&amp;ssl=1 400w, https:\/\/i0.wp.com\/www.vyrhelle.com\/arcea\/wp-content\/uploads\/2020\/03\/avatar-kern.jpg?resize=200%2C300&amp;ssl=1 200w\" sizes=\"auto, (max-width: 400px) 100vw, 400px\" \/><\/figure>\n<\/div>\n\n<p><strong>Nom :<\/strong> Kern\u00a0<\/p>\n<p><strong>Age :<\/strong> inconnu<br \/><strong>Race :<\/strong> Loup G\u00e9ant de la for\u00eat de Talinn<br \/><strong>Taille :<\/strong> 1m50 au garrot<br \/><strong>Poids :<\/strong> 110 kg<br \/><strong>Fourrure :<\/strong>\u00a0 brune avec quelques t\u00e2ches fauves<br \/><strong>Yeux :<\/strong> jaune<br \/><strong>Corpulence :<\/strong> massive<\/p>\n<p><strong>Signes particuliers :\u00a0<\/strong>Il est grand, m\u00eame pour un loup g\u00e9ant et pourrait facilement servir de monture \u00e0 <a href=\"https:\/\/www.vyrhelle.com\/arcea\/bonus\/personnages\/elwen\/\">Elwen<\/a>.<\/p>\n\n\n<div style=\"height:20px\" aria-hidden=\"true\" class=\"wp-block-spacer\"><\/div>\n\n\n<p><strong>Apparition :<\/strong> tome 1 page 40<\/p>\n<p style=\"text-align: justify;\">Kern est le p\u00e8re-loup d&rsquo;Elwen. Par sa taille et son poids, il est le plus gros de tous les loups de la meute et en fut le chef avant qu&rsquo;Elwen ne prenne sa place. Quand celle-ci quitte la meute pour aller \u00e0 <a href=\"https:\/\/www.vyrhelle.com\/arcea\/bonus\/lieux\/#Ausros\">Ausros<\/a>, pour trouver le moyen de ma\u00eetriser sa magie, il n&rsquo;est jamais loin et continue \u00e0 la prot\u00e9ger et la garder \u00e0 l\u2019\u0153il.<\/p>\n\n\n<p><\/p>\n","protected":false},"excerpt":{"rendered":"<p>Nom : Kern\u00a0 Age : inconnuRace : Loup G\u00e9ant de la for\u00eat de TalinnTaille : 1m50 au garrotPoids : 110 kgFourrure :\u00a0 brune avec quelques t\u00e2ches fauvesYeux : jauneCorpulence : massive Signes particuliers :\u00a0Il est grand, m\u00eame pour un loup g\u00e9ant et pourrait facilement servir de monture \u00e0 Elwen. Apparition : tome 1 page 40 [&hellip;]<\/p>\n","protected":false},"author":1,"featured_media":0,"parent":35,"menu_order":6,"comment_status":"closed","ping_status":"closed","template":"template-fullwidth.php","meta":{"jetpack_post_was_ever_published":false,"footnotes":""},"class_list":["post-460","page","type-page","status-publish","hentry","post-preview"],"jetpack_sharing_enabled":true,"jetpack_likes_enabled":false,"_links":{"self":[{"href":"https:\/\/www.vyrhelle.com\/arcea\/wp-json\/wp\/v2\/pages\/460","targetHints":{"allow":["GET"]}}],"collection":[{"href":"https:\/\/www.vyrhelle.com\/arcea\/wp-json\/wp\/v2\/pages"}],"about":[{"href":"https:\/\/www.vyrhelle.com\/arcea\/wp-json\/wp\/v2\/types\/page"}],"author":[{"embeddable":true,"href":"https:\/\/www.vyrhelle.com\/arcea\/wp-json\/wp\/v2\/users\/1"}],"replies":[{"embeddable":true,"href":"https:\/\/www.vyrhelle.com\/arcea\/wp-json\/wp\/v2\/comments?post=460"}],"version-history":[{"count":14,"href":"https:\/\/www.vyrhelle.com\/arcea\/wp-json\/wp\/v2\/pages\/460\/revisions"}],"predecessor-version":[{"id":3195,"href":"https:\/\/www.vyrhelle.com\/arcea\/wp-json\/wp\/v2\/pages\/460\/revisions\/3195"}],"up":[{"embeddable":true,"href":"https:\/\/www.vyrhelle.com\/arcea\/wp-json\/wp\/v2\/pages\/35"}],"wp:attachment":[{"href":"https:\/\/www.vyrhelle.com\/arcea\/wp-json\/wp\/v2\/media?parent=460"}],"curies":[{"name":"wp","href":"https:\/\/api.w.org\/{rel}","templated":true}]}}