{"id":462,"date":"2020-03-20T12:06:21","date_gmt":"2020-03-20T11:06:21","guid":{"rendered":"http:\/\/www.vyrhelle.com\/blog\/?page_id=462"},"modified":"2025-11-10T18:18:39","modified_gmt":"2025-11-10T17:18:39","slug":"allart","status":"publish","type":"page","link":"https:\/\/www.vyrhelle.com\/arcea\/bonus\/personnages\/allart\/","title":{"rendered":"ALLART, l&rsquo;Archimage d&rsquo;Ausros"},"content":{"rendered":"<div class=\"wp-block-image\">\n<figure class=\"alignleft size-full is-resized\"><img data-recalc-dims=\"1\" loading=\"lazy\" decoding=\"async\" width=\"400\" height=\"600\" src=\"https:\/\/i0.wp.com\/www.vyrhelle.com\/arcea\/wp-content\/uploads\/2020\/03\/avatar-allart.jpg?resize=400%2C600&#038;ssl=1\" alt=\"\" class=\"wp-image-894\" style=\"width:300px;height:450px\" srcset=\"https:\/\/i0.wp.com\/www.vyrhelle.com\/arcea\/wp-content\/uploads\/2020\/03\/avatar-allart.jpg?w=400&amp;ssl=1 400w, https:\/\/i0.wp.com\/www.vyrhelle.com\/arcea\/wp-content\/uploads\/2020\/03\/avatar-allart.jpg?resize=200%2C300&amp;ssl=1 200w\" sizes=\"auto, (max-width: 400px) 100vw, 400px\" \/><\/figure>\n<\/div>\n\n<p><strong>Nom :<\/strong>\u00a0Del Am\u00e0s Orina<br \/><strong>Pr\u00e9nom :<\/strong>\u00a0Allart<\/p>\n<p><strong>Age :<\/strong> inconnu mais \u00e2g\u00e9<br \/><strong>Race :<\/strong>\u00a0<a href=\"https:\/\/www.vyrhelle.com\/arcea\/bonus\/peuples\/humains\/\">humain<\/a><br \/><strong>Taille :<\/strong>\u00a01 m 87<br \/><strong>Poids :<\/strong> 88 kg<br \/><strong>Cheveux :<\/strong>\u00a0blancs et ondul\u00e9s<br \/><strong>Yeux :<\/strong>\u00a0bleu marine<br \/><strong>Corpulence :<\/strong>\u00a0bien b\u00e2ti<br \/><strong>Couleur de peau :<\/strong>\u00a0tr\u00e8s l\u00e9g\u00e8rement h\u00e2l\u00e9e<\/p>\n<p><strong>Signes particuliers :\u00a0<\/strong>Il a une stature surprenante pour un magicien.<\/p>\n\n\n<div style=\"height:20px\" aria-hidden=\"true\" class=\"wp-block-spacer\"><\/div>\n\n\n<p style=\"text-align: justify;\" align=\"justify\"><strong>Apparition : <\/strong>tome 1 page 11<\/p>\n<p style=\"text-align: justify;\" align=\"justify\">Allart est un homme plut\u00f4t \u00e9trange. En charge de la Tour des Mages de la cit\u00e9 d&rsquo;<a href=\"https:\/\/www.vyrhelle.com\/arcea\/bonus\/lieux\/#Ausros\">Ausros<\/a>, en tant qu&rsquo;Archimage, il semble toujours en savoir beaucoup plus qu&rsquo;il n&rsquo;y parait. Derri\u00e8re son air calme et d\u00e9contract\u00e9, il fait penser \u00e0 un joueur d&rsquo;\u00e9checs qui \u00e9labore ses strat\u00e9gies.<\/p>\n<p style=\"text-align: justify;\" align=\"justify\">Sur son pass\u00e9, on ne sait rien. Il incarne simplement son r\u00f4le et l&rsquo;humain s&rsquo;efface devant le titre. Magicien sans doute puissant, on ne le voit pourtant que tr\u00e8s rarement pratiquer la magie. Peut-\u00eatre parce que ses connaissances \u00e0 elles seules justifient de sa qualit\u00e9. Et pour en avoir accumul\u00e9 autant, rivalisant avec des \u00eatres \u00ab\u00a0immortels\u00a0\u00bb comme des mages elfiques, il doit avoir bien plus que les soixante-dix ans qu&rsquo;il affiche derri\u00e8re sa longue chevelure, sa barbe blanche et sa haute stature imposante.<\/p>\n<p style=\"text-align: justify;\" align=\"justify\">Souvent accompagn\u00e9 d&rsquo;<a href=\"https:\/\/www.vyrhelle.com\/arcea\/bonus\/personnages\/astree\/\">Astr\u00e9e<\/a>, qui le seconde dans la gestion de la Tour, il devient le mentor d&rsquo;<a href=\"https:\/\/www.vyrhelle.com\/arcea\/bonus\/personnages\/elwen\/\">Elwen<\/a>, de mani\u00e8re tr\u00e8s ( trop ? ) rapide d\u00e8s qu&rsquo;il la rencontre et croise son regard dor\u00e9. Enfin, il est aussi ami de longue date avec <a href=\"https:\/\/www.vyrhelle.com\/arcea\/bonus\/personnages\/toran\/\">Toran<\/a> et s&rsquo;il se pr\u00e9sente comme un simple h\u00f4te pour <a href=\"http:\/\/vyrhelle.com\/encyclopedie\/bonus01\/aekina.html\">Aekina<\/a>,\u00a0<a href=\"https:\/\/www.vyrhelle.com\/arcea\/bonus\/personnages\/jollwin\/\">J\u00f6llwin<\/a>\u00a0et\u00a0<a href=\"https:\/\/www.vyrhelle.com\/arcea\/bonus\/personnages\/verminaar\/\">Verminaar<\/a>, il agit \u00e0 l&rsquo;\u00e9vidence \u00e0 dessein. Pour le moment, il est juste impossible d&rsquo;en deviner les tenants et les aboutissants.<\/p>\n\n\n<p><\/p>\n","protected":false},"excerpt":{"rendered":"<p>Nom :\u00a0Del Am\u00e0s OrinaPr\u00e9nom :\u00a0Allart Age : inconnu mais \u00e2g\u00e9Race :\u00a0humainTaille :\u00a01 m 87Poids : 88 kgCheveux :\u00a0blancs et ondul\u00e9sYeux :\u00a0bleu marineCorpulence :\u00a0bien b\u00e2tiCouleur de peau :\u00a0tr\u00e8s l\u00e9g\u00e8rement h\u00e2l\u00e9e Signes particuliers :\u00a0Il a une stature surprenante pour un magicien. Apparition : tome 1 page 11 Allart est un homme plut\u00f4t \u00e9trange. En charge de la [&hellip;]<\/p>\n","protected":false},"author":1,"featured_media":0,"parent":35,"menu_order":16,"comment_status":"closed","ping_status":"closed","template":"template-fullwidth.php","meta":{"jetpack_post_was_ever_published":false,"footnotes":""},"class_list":["post-462","page","type-page","status-publish","hentry","post-preview"],"jetpack_sharing_enabled":true,"jetpack_likes_enabled":false,"_links":{"self":[{"href":"https:\/\/www.vyrhelle.com\/arcea\/wp-json\/wp\/v2\/pages\/462","targetHints":{"allow":["GET"]}}],"collection":[{"href":"https:\/\/www.vyrhelle.com\/arcea\/wp-json\/wp\/v2\/pages"}],"about":[{"href":"https:\/\/www.vyrhelle.com\/arcea\/wp-json\/wp\/v2\/types\/page"}],"author":[{"embeddable":true,"href":"https:\/\/www.vyrhelle.com\/arcea\/wp-json\/wp\/v2\/users\/1"}],"replies":[{"embeddable":true,"href":"https:\/\/www.vyrhelle.com\/arcea\/wp-json\/wp\/v2\/comments?post=462"}],"version-history":[{"count":14,"href":"https:\/\/www.vyrhelle.com\/arcea\/wp-json\/wp\/v2\/pages\/462\/revisions"}],"predecessor-version":[{"id":3221,"href":"https:\/\/www.vyrhelle.com\/arcea\/wp-json\/wp\/v2\/pages\/462\/revisions\/3221"}],"up":[{"embeddable":true,"href":"https:\/\/www.vyrhelle.com\/arcea\/wp-json\/wp\/v2\/pages\/35"}],"wp:attachment":[{"href":"https:\/\/www.vyrhelle.com\/arcea\/wp-json\/wp\/v2\/media?parent=462"}],"curies":[{"name":"wp","href":"https:\/\/api.w.org\/{rel}","templated":true}]}}