{"id":508,"date":"2020-03-20T19:51:24","date_gmt":"2020-03-20T18:51:24","guid":{"rendered":"http:\/\/www.vyrhelle.com\/blog\/?page_id=508"},"modified":"2025-11-10T18:18:39","modified_gmt":"2025-11-10T17:18:39","slug":"senno","status":"publish","type":"page","link":"https:\/\/www.vyrhelle.com\/arcea\/bonus\/personnages\/senno\/","title":{"rendered":"SENNO, le Jeune Archimage"},"content":{"rendered":"<div class=\"wp-block-image\">\n<figure class=\"alignleft size-full is-resized\"><img data-recalc-dims=\"1\" loading=\"lazy\" decoding=\"async\" width=\"400\" height=\"600\" src=\"https:\/\/i0.wp.com\/www.vyrhelle.com\/arcea\/wp-content\/uploads\/2020\/03\/avatar-senno.jpg?resize=400%2C600&#038;ssl=1\" alt=\"\" class=\"wp-image-910\" style=\"width:300px;height:450px\" srcset=\"https:\/\/i0.wp.com\/www.vyrhelle.com\/arcea\/wp-content\/uploads\/2020\/03\/avatar-senno.jpg?w=400&amp;ssl=1 400w, https:\/\/i0.wp.com\/www.vyrhelle.com\/arcea\/wp-content\/uploads\/2020\/03\/avatar-senno.jpg?resize=200%2C300&amp;ssl=1 200w\" sizes=\"auto, (max-width: 400px) 100vw, 400px\" \/><\/figure>\n<\/div>\n\n<p><strong>Nom :<\/strong> Seyor<br \/><strong>Pr\u00e9nom :<\/strong> Senno<\/p>\n<p><strong>Age :<\/strong> 26 ans<br \/><strong>Race :<\/strong> Humain<br \/><strong>Taille :<\/strong> 1m80<br \/><strong>Poids :<\/strong> 70 kg<br \/><strong>Cheveux :<\/strong> Ch\u00e2tain fonc\u00e9, mi-longs et indisciplin\u00e9s<br \/><strong>Yeux :<\/strong> bleus<br \/><strong>Corpulence :<\/strong> \u00e9lanc\u00e9e<br \/><strong>Couleur de peau : <\/strong>rose p\u00e2le<\/p>\n<p><strong>Signes particuliers :<\/strong> Surdou\u00e9 trop s\u00e9rieux, il adopte toujours une attitude tr\u00e8s guind\u00e9e pour se faire passer pour plus \u00e2g\u00e9 qu&rsquo;il ne l&rsquo;est en r\u00e9alit\u00e9.<\/p>\n\n\n<div style=\"height:20px\" aria-hidden=\"true\" class=\"wp-block-spacer\"><\/div>\n\n\n<p style=\"text-align: justify;\"><strong>Apparition :<\/strong> tome 2 page 36<\/p>\n<p style=\"text-align: justify;\">Senno est jeune, tr\u00e8s jeune pour un mage exp\u00e9riment\u00e9. Il est donc d&rsquo;autant plus difficile de concevoir qu&rsquo;il ait \u00e9t\u00e9 nomm\u00e9 Archimage de <a href=\"https:\/\/www.vyrhelle.com\/arcea\/bonus\/lieux\/#Lieffelen\">Lieffelen<\/a>, l&rsquo;autre Cit\u00e9 des Mages, celle du continent de Varen&rsquo;ka. Ce qui fait de lui, l&rsquo;\u00e9gal d&rsquo;<a href=\"https:\/\/www.vyrhelle.com\/arcea\/bonus\/personnages\/allart\/\">Allart<\/a>. Mais il est clair que si l&rsquo;Archimage d&rsquo;<a href=\"https:\/\/www.vyrhelle.com\/arcea\/bonus\/lieux\/#Ausros\">Ausros<\/a> est \u00e0 ce poste gr\u00e2ce \u00e0 son exp\u00e9rience, Senno l&rsquo;est gr\u00e2ce \u00e0 ses dons extraordinaires en magie. En particulier sa ma\u00eetrise unique de la foudre, qui na\u00eet d&rsquo;une combinaison difficile des magies de feu, d&rsquo;air et de terre. Mais ce sont aussi ses c\u00f4t\u00e9s s\u00e9rieux et responsable qui ont fini de convaincre ses a\u00een\u00e9s de l&rsquo;\u00e9lire \u00e0 un poste aussi important.<\/p>\n<p style=\"text-align: justify;\">En r\u00e9alit\u00e9, ses dons sont tellement exceptionnels, et ce, depuis son plus jeune \u00e2ge, que beaucoup se demandent si cette pr\u00e9cocit\u00e9 n&rsquo;a pas une origine douteuse ou m\u00eame divine.<\/p>\n<p style=\"text-align: justify;\">Lui, se voit surtout comme un \u00e9ternel \u00e9tudiant. Car pour compenser son manque d&rsquo;exp\u00e9rience, Senno est en qu\u00eate continue de savoir. Au point qu&rsquo;il passe toujours ses rares temps libres avec plusieurs livres en main.\u00a0 Quant des jeunes hommes de son \u00e2ge pensent plut\u00f4t \u00e0 se trouver une compagne et fonder une famille, lui, a clairement offert sa vie \u00e0 sa vocation de mage. Et vise l&rsquo;excellence.<\/p>","protected":false},"excerpt":{"rendered":"<p>Nom : SeyorPr\u00e9nom : Senno Age : 26 ansRace : HumainTaille : 1m80Poids : 70 kgCheveux : Ch\u00e2tain fonc\u00e9, mi-longs et indisciplin\u00e9sYeux : bleusCorpulence : \u00e9lanc\u00e9eCouleur de peau : rose p\u00e2le Signes particuliers : Surdou\u00e9 trop s\u00e9rieux, il adopte toujours une attitude tr\u00e8s guind\u00e9e pour se faire passer pour plus \u00e2g\u00e9 qu&rsquo;il ne l&rsquo;est en [&hellip;]<\/p>\n","protected":false},"author":1,"featured_media":0,"parent":35,"menu_order":8,"comment_status":"closed","ping_status":"closed","template":"template-fullwidth.php","meta":{"jetpack_post_was_ever_published":false,"footnotes":""},"class_list":["post-508","page","type-page","status-publish","hentry","post-preview"],"jetpack_sharing_enabled":true,"jetpack_likes_enabled":false,"_links":{"self":[{"href":"https:\/\/www.vyrhelle.com\/arcea\/wp-json\/wp\/v2\/pages\/508","targetHints":{"allow":["GET"]}}],"collection":[{"href":"https:\/\/www.vyrhelle.com\/arcea\/wp-json\/wp\/v2\/pages"}],"about":[{"href":"https:\/\/www.vyrhelle.com\/arcea\/wp-json\/wp\/v2\/types\/page"}],"author":[{"embeddable":true,"href":"https:\/\/www.vyrhelle.com\/arcea\/wp-json\/wp\/v2\/users\/1"}],"replies":[{"embeddable":true,"href":"https:\/\/www.vyrhelle.com\/arcea\/wp-json\/wp\/v2\/comments?post=508"}],"version-history":[{"count":16,"href":"https:\/\/www.vyrhelle.com\/arcea\/wp-json\/wp\/v2\/pages\/508\/revisions"}],"predecessor-version":[{"id":3199,"href":"https:\/\/www.vyrhelle.com\/arcea\/wp-json\/wp\/v2\/pages\/508\/revisions\/3199"}],"up":[{"embeddable":true,"href":"https:\/\/www.vyrhelle.com\/arcea\/wp-json\/wp\/v2\/pages\/35"}],"wp:attachment":[{"href":"https:\/\/www.vyrhelle.com\/arcea\/wp-json\/wp\/v2\/media?parent=508"}],"curies":[{"name":"wp","href":"https:\/\/api.w.org\/{rel}","templated":true}]}}