{"id":510,"date":"2020-03-20T19:53:11","date_gmt":"2020-03-20T18:53:11","guid":{"rendered":"http:\/\/www.vyrhelle.com\/blog\/?page_id=510"},"modified":"2025-11-10T18:18:39","modified_gmt":"2025-11-10T17:18:39","slug":"tania","status":"publish","type":"page","link":"https:\/\/www.vyrhelle.com\/arcea\/bonus\/personnages\/tania\/","title":{"rendered":"TANIA, la Magicienne"},"content":{"rendered":"<div class=\"wp-block-image\">\n<figure class=\"alignleft size-full is-resized\"><img data-recalc-dims=\"1\" loading=\"lazy\" decoding=\"async\" width=\"400\" height=\"600\" src=\"https:\/\/i0.wp.com\/www.vyrhelle.com\/arcea\/wp-content\/uploads\/2020\/03\/avatar-tania.jpg?resize=400%2C600&#038;ssl=1\" alt=\"\" class=\"wp-image-912\" style=\"width:300px;height:450px\" srcset=\"https:\/\/i0.wp.com\/www.vyrhelle.com\/arcea\/wp-content\/uploads\/2020\/03\/avatar-tania.jpg?w=400&amp;ssl=1 400w, https:\/\/i0.wp.com\/www.vyrhelle.com\/arcea\/wp-content\/uploads\/2020\/03\/avatar-tania.jpg?resize=200%2C300&amp;ssl=1 200w\" sizes=\"auto, (max-width: 400px) 100vw, 400px\" \/><\/figure>\n<\/div>\n\n<p><strong>Nom :<\/strong> Valsen<br \/><strong>Pr\u00e9nom :<\/strong> Tania<\/p>\n<p><strong>Age :<\/strong> 24 ans<br \/><strong>Race :<\/strong> humaine<br \/><strong>Taille :<\/strong> 1m65<br \/><strong>Poids :<\/strong> 53 kg<br \/><strong>Cheveux :<\/strong> roux, lisses et mi-longs<br \/><strong>Yeux :<\/strong> vert\u00a0<br \/><strong>Corpulence :<\/strong> menue<br \/><strong>Couleur de peau :\u00a0<\/strong>rose p\u00e2le<\/p>\n<p><strong>Signes particuliers :\u00a0<\/strong>discr\u00e8te et douce, elle est \u00e0 l&rsquo;image de l&rsquo;eau, son \u00e9l\u00e9ment.<\/p>\n\n\n<div style=\"height:20px\" aria-hidden=\"true\" class=\"wp-block-spacer\"><\/div>\n\n\n<p><strong>Apparition :<\/strong> tome 1 page 28<\/p>\n<p style=\"text-align: justify;\">Enfant d&rsquo;<a href=\"https:\/\/www.vyrhelle.com\/arcea\/bonus\/lieux\/#Ausros\">Ausros<\/a> qui montra tr\u00e8s t\u00f4t des pr\u00e9dispositions pour la magie de l&rsquo;eau, c&rsquo;est tout naturellement que Tania entra \u00e0 la Tour pour y apprendre \u00e0 ma\u00eetriser ses dons. Jeune femme charmante et enjou\u00e9e, sans talent particulier, elle fut tr\u00e8s \u00e9tonn\u00e9e quand <a href=\"https:\/\/www.vyrhelle.com\/arcea\/bonus\/personnages\/allart\/\">Allart<\/a> la nomma pour faire partie des P\u00e8lerins.<\/p>","protected":false},"excerpt":{"rendered":"<p>Nom : ValsenPr\u00e9nom : Tania Age : 24 ansRace : humaineTaille : 1m65Poids : 53 kgCheveux : roux, lisses et mi-longsYeux : vert\u00a0Corpulence : menueCouleur de peau :\u00a0rose p\u00e2le Signes particuliers :\u00a0discr\u00e8te et douce, elle est \u00e0 l&rsquo;image de l&rsquo;eau, son \u00e9l\u00e9ment. Apparition : tome 1 page 28 Enfant d&rsquo;Ausros qui montra tr\u00e8s t\u00f4t des [&hellip;]<\/p>\n","protected":false},"author":1,"featured_media":0,"parent":35,"menu_order":9,"comment_status":"closed","ping_status":"closed","template":"template-fullwidth.php","meta":{"jetpack_post_was_ever_published":false,"footnotes":""},"class_list":["post-510","page","type-page","status-publish","hentry","post-preview"],"jetpack_sharing_enabled":true,"jetpack_likes_enabled":false,"_links":{"self":[{"href":"https:\/\/www.vyrhelle.com\/arcea\/wp-json\/wp\/v2\/pages\/510","targetHints":{"allow":["GET"]}}],"collection":[{"href":"https:\/\/www.vyrhelle.com\/arcea\/wp-json\/wp\/v2\/pages"}],"about":[{"href":"https:\/\/www.vyrhelle.com\/arcea\/wp-json\/wp\/v2\/types\/page"}],"author":[{"embeddable":true,"href":"https:\/\/www.vyrhelle.com\/arcea\/wp-json\/wp\/v2\/users\/1"}],"replies":[{"embeddable":true,"href":"https:\/\/www.vyrhelle.com\/arcea\/wp-json\/wp\/v2\/comments?post=510"}],"version-history":[{"count":17,"href":"https:\/\/www.vyrhelle.com\/arcea\/wp-json\/wp\/v2\/pages\/510\/revisions"}],"predecessor-version":[{"id":3200,"href":"https:\/\/www.vyrhelle.com\/arcea\/wp-json\/wp\/v2\/pages\/510\/revisions\/3200"}],"up":[{"embeddable":true,"href":"https:\/\/www.vyrhelle.com\/arcea\/wp-json\/wp\/v2\/pages\/35"}],"wp:attachment":[{"href":"https:\/\/www.vyrhelle.com\/arcea\/wp-json\/wp\/v2\/media?parent=510"}],"curies":[{"name":"wp","href":"https:\/\/api.w.org\/{rel}","templated":true}]}}