{"id":516,"date":"2020-03-20T19:56:51","date_gmt":"2020-03-20T18:56:51","guid":{"rendered":"http:\/\/www.vyrhelle.com\/blog\/?page_id=516"},"modified":"2025-11-10T18:18:39","modified_gmt":"2025-11-10T17:18:39","slug":"toran","status":"publish","type":"page","link":"https:\/\/www.vyrhelle.com\/arcea\/bonus\/personnages\/toran\/","title":{"rendered":"TORAN, le Forgeron"},"content":{"rendered":"<div class=\"wp-block-image\">\n<figure class=\"alignleft size-full is-resized\"><img data-recalc-dims=\"1\" loading=\"lazy\" decoding=\"async\" width=\"400\" height=\"600\" src=\"https:\/\/i0.wp.com\/www.vyrhelle.com\/arcea\/wp-content\/uploads\/2020\/03\/avatar-toran.jpg?resize=400%2C600&#038;ssl=1\" alt=\"\" class=\"wp-image-913\" style=\"width:300px;height:450px\" srcset=\"https:\/\/i0.wp.com\/www.vyrhelle.com\/arcea\/wp-content\/uploads\/2020\/03\/avatar-toran.jpg?w=400&amp;ssl=1 400w, https:\/\/i0.wp.com\/www.vyrhelle.com\/arcea\/wp-content\/uploads\/2020\/03\/avatar-toran.jpg?resize=200%2C300&amp;ssl=1 200w\" sizes=\"auto, (max-width: 400px) 100vw, 400px\" \/><\/figure>\n<\/div>\n\n<p><strong>Nom :<\/strong>\u00a0Ordabock<br \/><strong>Pr\u00e9nom :<\/strong>\u00a0Toran<\/p>\n<p><strong>Age :<\/strong>\u00a087 ans<br \/><strong>Race :<\/strong>\u00a0<a href=\"https:\/\/www.vyrhelle.com\/arcea\/bonus\/peuples\/nains\/\">nain<\/a><br \/><strong>Taille :<\/strong>\u00a01 m 30<br \/><strong>Poids :<\/strong> 57 kg<br \/><strong>Cheveux :<\/strong> brun roux, mi-longs<br \/><strong>Yeux :\u00a0<\/strong>marrons<br \/><strong>Corpulence :<\/strong>\u00a0massive<br \/><strong>Couleur de peau :<\/strong>\u00a0h\u00e2l\u00e9e<\/p>\n<p><strong>Signes particuliers :<\/strong> une barbe bien taill\u00e9e et une hache toujours \u00e0 proximit\u00e9, m\u00eame s\u2019il est davantage un forgeron qu\u2019un guerrier. Mais les deux vont souvent de pair chez les nains.<\/p>\n\n\n<div style=\"height:20px\" aria-hidden=\"true\" class=\"wp-block-spacer\"><\/div>\n\n\n<p style=\"text-align: justify;\" align=\"justify\"><strong>Apparition :<\/strong> tome 1 page 41<\/p>\n<p style=\"text-align: justify;\" align=\"justify\">Il a deux choses qui sont \u00e9videntes en voyant Toran : c&rsquo;est un nain et un forgeron. Mais il en est d&rsquo;autres qui sautent moins aux yeux. D&rsquo;abord, <a href=\"https:\/\/www.vyrhelle.com\/arcea\/bonus\/peuples\/nains\/\">les nains<\/a> ne sont pas l\u00e9gion en dehors de leurs territoires et, pour une tr\u00e8s large majorit\u00e9, ce sont des criminels bannis qui font de redoutables mercenaires, faisant croire \u00e0 tort que les nains sont un peuple guerrier\u2026 C\u00e9libataire et apparemment sans attache, Toran \u00e9tait-il l&rsquo;un d&rsquo;eux ? Si c&rsquo;est le cas, comme le laisse soup\u00e7onner l&rsquo;imposante hache qui tr\u00f4ne dans sa forge, il s&rsquo;est \u00e0 l&rsquo;\u00e9vidence reconverti. Et sinon, on peut se demander ce qui a pouss\u00e9 Toran \u00e0 venir s&rsquo;installer \u00e0 <a href=\"https:\/\/www.vyrhelle.com\/arcea\/bonus\/lieux\/#Calheta\">Caletha Rivne<\/a>, si loin de Drammen, sa ville d&rsquo;origine (cf\u00a0<a href=\"https:\/\/www.vyrhelle.com\/arcea\/bonus\/cartes\/\">carte d&rsquo;Aekkylinie<\/a> ).<\/p>\n<p style=\"text-align: justify;\" align=\"justify\">Autre d\u00e9tail incongru, il connait <a href=\"http:\/\/www.vyrhelle.com\/blog\/bonus\/personnages\/allart\/\">Allart<\/a> et pas vraiment en tant qu&rsquo;Archimage. Allart qui lui fait visiblement suffisamment confiance pour lui confier un travail sur un artefact tr\u00e8s pr\u00e9cieux. Sont-ils des connaissances de longue date ? Sont-ils amis ? Quelles comp\u00e9tences particuli\u00e8res poss\u00e8dent Toran pour qu&rsquo;Allart le pr\u00e9f\u00e8re \u00e0 un forgeron d&rsquo;<a href=\"https:\/\/www.vyrhelle.com\/arcea\/bonus\/lieux\/#Ausros\">Ausros<\/a> ?<\/p>\n<p style=\"text-align: justify;\" align=\"justify\">En tout cas, quelqu&rsquo;ait \u00e9t\u00e9 le pass\u00e9 de Toran, il partage certains secrets avec Allart autour de <a href=\"https:\/\/www.vyrhelle.com\/arcea\/bonus\/objets\/#athame\">l&rsquo;Atham\u00e9<\/a> et\u00a0<a href=\"https:\/\/www.vyrhelle.com\/arcea\/bonus\/personnages\/elwen\/\">Elwen<\/a> se retrouve impliqu\u00e9e dans tout cela, sans en conna\u00eetre grand-chose pour le moment.<\/p>","protected":false},"excerpt":{"rendered":"<p>Nom :\u00a0OrdabockPr\u00e9nom :\u00a0Toran Age :\u00a087 ansRace :\u00a0nainTaille :\u00a01 m 30Poids : 57 kgCheveux : brun roux, mi-longsYeux :\u00a0marronsCorpulence :\u00a0massiveCouleur de peau :\u00a0h\u00e2l\u00e9e Signes particuliers : une barbe bien taill\u00e9e et une hache toujours \u00e0 proximit\u00e9, m\u00eame s\u2019il est davantage un forgeron qu\u2019un guerrier. Mais les deux vont souvent de pair chez les nains. Apparition : [&hellip;]<\/p>\n","protected":false},"author":1,"featured_media":0,"parent":35,"menu_order":12,"comment_status":"closed","ping_status":"closed","template":"template-fullwidth.php","meta":{"jetpack_post_was_ever_published":false,"footnotes":""},"class_list":["post-516","page","type-page","status-publish","hentry","post-preview"],"jetpack_sharing_enabled":true,"jetpack_likes_enabled":false,"_links":{"self":[{"href":"https:\/\/www.vyrhelle.com\/arcea\/wp-json\/wp\/v2\/pages\/516","targetHints":{"allow":["GET"]}}],"collection":[{"href":"https:\/\/www.vyrhelle.com\/arcea\/wp-json\/wp\/v2\/pages"}],"about":[{"href":"https:\/\/www.vyrhelle.com\/arcea\/wp-json\/wp\/v2\/types\/page"}],"author":[{"embeddable":true,"href":"https:\/\/www.vyrhelle.com\/arcea\/wp-json\/wp\/v2\/users\/1"}],"replies":[{"embeddable":true,"href":"https:\/\/www.vyrhelle.com\/arcea\/wp-json\/wp\/v2\/comments?post=516"}],"version-history":[{"count":13,"href":"https:\/\/www.vyrhelle.com\/arcea\/wp-json\/wp\/v2\/pages\/516\/revisions"}],"predecessor-version":[{"id":3212,"href":"https:\/\/www.vyrhelle.com\/arcea\/wp-json\/wp\/v2\/pages\/516\/revisions\/3212"}],"up":[{"embeddable":true,"href":"https:\/\/www.vyrhelle.com\/arcea\/wp-json\/wp\/v2\/pages\/35"}],"wp:attachment":[{"href":"https:\/\/www.vyrhelle.com\/arcea\/wp-json\/wp\/v2\/media?parent=516"}],"curies":[{"name":"wp","href":"https:\/\/api.w.org\/{rel}","templated":true}]}}