{"id":522,"date":"2020-03-20T20:00:47","date_gmt":"2020-03-20T19:00:47","guid":{"rendered":"http:\/\/www.vyrhelle.com\/blog\/?page_id=522"},"modified":"2025-11-10T18:18:39","modified_gmt":"2025-11-10T17:18:39","slug":"ikyse","status":"publish","type":"page","link":"https:\/\/www.vyrhelle.com\/arcea\/bonus\/personnages\/ikyse\/","title":{"rendered":"IKYSE, le Dragon Blanc"},"content":{"rendered":"<div class=\"wp-block-image\">\n<figure class=\"alignleft size-full is-resized\"><img data-recalc-dims=\"1\" loading=\"lazy\" decoding=\"async\" width=\"400\" height=\"600\" src=\"https:\/\/i0.wp.com\/www.vyrhelle.com\/arcea\/wp-content\/uploads\/2020\/03\/avatar-ikyse.jpg?resize=400%2C600&#038;ssl=1\" alt=\"\" class=\"wp-image-900\" style=\"width:300px;height:450px\" srcset=\"https:\/\/i0.wp.com\/www.vyrhelle.com\/arcea\/wp-content\/uploads\/2020\/03\/avatar-ikyse.jpg?w=400&amp;ssl=1 400w, https:\/\/i0.wp.com\/www.vyrhelle.com\/arcea\/wp-content\/uploads\/2020\/03\/avatar-ikyse.jpg?resize=200%2C300&amp;ssl=1 200w\" sizes=\"auto, (max-width: 400px) 100vw, 400px\" \/><\/figure>\n<\/div>\n\n<p><strong>Nom :<\/strong>\u00a0Ikyse<\/p>\n<p><strong>Age :<\/strong>\u00a0inconnu<br \/><strong>Race :<\/strong>\u00a0dragon divin<br \/><strong>Taille :<\/strong>\u00a030m d\u2019envergure, 1m80 en forme elfique.<br \/><strong>Poids :<\/strong> 25 tonnes, 120 kg forme elfique.<\/p>\n<p><strong>Forme elfique :<\/strong>\u00a0<br \/><strong>Cheveux :<\/strong> blancs, longs et lisses<br \/><strong>Yeux :<\/strong>\u00a0vert d\u2019eau<br \/><strong>Corpulence :<\/strong>\u00a0\u00e9lanc\u00e9e<br \/><strong>Couleur de peau :<\/strong>\u00a0tr\u00e8s p\u00e2le<\/p>\n<p><strong>Signes particuliers :\u00a0<\/strong>Des pupilles fendues m\u00eame en forme elfique et bien plus lourd que le laisse soup\u00e7onner son apparence.<\/p>\n<p><strong>Forme draconique :<\/strong><br \/><strong>Couleur :<\/strong>\u00a0blanc nacr\u00e9<br \/><strong>Yeux :<\/strong>\u00a0bleu-vert<\/p>\n\n\n<div style=\"height:20px\" aria-hidden=\"true\" class=\"wp-block-spacer\"><\/div>\n\n\n<p style=\"text-align: justify;\" align=\"justify\"><strong>Apparition : <\/strong>Tome 1 page 60<\/p>\n<p style=\"text-align: justify;\" align=\"justify\">Ikyse est le gardien d&rsquo;<a href=\"http:\/\/www.vyrhelle.com\/blog\/bonus\/lieux\/\">Ausros<\/a>\u00a0offert par la d\u00e9esse\u00a0<a href=\"https:\/\/www.vyrhelle.com\/arcea\/bonus\/dieux\/#Irisanne\">Irisanne<\/a> pour prot\u00e9ger cette cit\u00e9 de lumi\u00e8re. \u00catre d&rsquo;origine divine, il appara\u00eet et dispara\u00eet au gr\u00e9 des augures de la <a href=\"https:\/\/www.vyrhelle.com\/arcea\/bonus\/personnages\/reveuse\/\">R\u00eaveuse<\/a>\u00a0pour intervenir quand cela s&rsquo;av\u00e8re n\u00e9cessaire. Mais d\u00e9pourvu du don de vision que seule offre Ylia, il ne peut se fier qu&rsquo;\u00e0 ses sens pour agir. Cependant, il est si sensible \u00e0 la magie et \u00e0 ses effets qu&rsquo;il peut ressentir les troubles dans celle-ci et ses effets les plus subtils.<\/p>\n<p style=\"text-align: justify;\" align=\"justify\">Gigantesque animal de l\u00e9gende, il n&rsquo;y a bien que les habitants d&rsquo;<a href=\"http:\/\/www.vyrhelle.com\/blog\/bonus\/lieux\/\">Ausros<\/a> pour ne pas s&rsquo;\u00e9mouvoir de sa pr\u00e9sence.<\/p>\n<p style=\"text-align: justify;\" align=\"justify\">Petit d\u00e9tail \u00e0 remarquer, Ikyse ne parle que par t\u00e9l\u00e9pathie, la gueule des dragons n&rsquo;\u00e9tant pas faite pour articuler autre chose que des mots en langue draconique. Cependant, il ne faut pas se tromper, le grand dragon blanc comprend et parle toutes les langues existantes.<\/p>\n<p style=\"text-align: justify;\" align=\"justify\">Ikyse est tr\u00e8s li\u00e9 \u00e0 la R\u00eaveuse. De part leurs r\u00f4les respectifs, mais aussi parce qu&rsquo;il semble avoir d\u00e9velopp\u00e9 une tendresse toute particuli\u00e8re pour cette jeune femme, simple d&rsquo;esprit quand la D\u00e9esse Supr\u00eame ne parle pas par sa bouche.<\/p>","protected":false},"excerpt":{"rendered":"<p>Nom :\u00a0Ikyse Age :\u00a0inconnuRace :\u00a0dragon divinTaille :\u00a030m d\u2019envergure, 1m80 en forme elfique.Poids : 25 tonnes, 120 kg forme elfique. Forme elfique :\u00a0Cheveux : blancs, longs et lissesYeux :\u00a0vert d\u2019eauCorpulence :\u00a0\u00e9lanc\u00e9eCouleur de peau :\u00a0tr\u00e8s p\u00e2le Signes particuliers :\u00a0Des pupilles fendues m\u00eame en forme elfique et bien plus lourd que le laisse soup\u00e7onner son apparence. Forme draconique [&hellip;]<\/p>\n","protected":false},"author":1,"featured_media":0,"parent":35,"menu_order":15,"comment_status":"closed","ping_status":"closed","template":"template-fullwidth.php","meta":{"jetpack_post_was_ever_published":false,"footnotes":""},"class_list":["post-522","page","type-page","status-publish","hentry","post-preview"],"jetpack_sharing_enabled":true,"jetpack_likes_enabled":false,"_links":{"self":[{"href":"https:\/\/www.vyrhelle.com\/arcea\/wp-json\/wp\/v2\/pages\/522","targetHints":{"allow":["GET"]}}],"collection":[{"href":"https:\/\/www.vyrhelle.com\/arcea\/wp-json\/wp\/v2\/pages"}],"about":[{"href":"https:\/\/www.vyrhelle.com\/arcea\/wp-json\/wp\/v2\/types\/page"}],"author":[{"embeddable":true,"href":"https:\/\/www.vyrhelle.com\/arcea\/wp-json\/wp\/v2\/users\/1"}],"replies":[{"embeddable":true,"href":"https:\/\/www.vyrhelle.com\/arcea\/wp-json\/wp\/v2\/comments?post=522"}],"version-history":[{"count":12,"href":"https:\/\/www.vyrhelle.com\/arcea\/wp-json\/wp\/v2\/pages\/522\/revisions"}],"predecessor-version":[{"id":3219,"href":"https:\/\/www.vyrhelle.com\/arcea\/wp-json\/wp\/v2\/pages\/522\/revisions\/3219"}],"up":[{"embeddable":true,"href":"https:\/\/www.vyrhelle.com\/arcea\/wp-json\/wp\/v2\/pages\/35"}],"wp:attachment":[{"href":"https:\/\/www.vyrhelle.com\/arcea\/wp-json\/wp\/v2\/media?parent=522"}],"curies":[{"name":"wp","href":"https:\/\/api.w.org\/{rel}","templated":true}]}}