{"id":524,"date":"2020-03-20T20:03:12","date_gmt":"2020-03-20T19:03:12","guid":{"rendered":"http:\/\/www.vyrhelle.com\/blog\/?page_id=524"},"modified":"2025-11-10T18:18:39","modified_gmt":"2025-11-10T17:18:39","slug":"latosca","status":"publish","type":"page","link":"https:\/\/www.vyrhelle.com\/arcea\/bonus\/personnages\/latosca\/","title":{"rendered":"Narcissa Tosca dite LA TOSCA"},"content":{"rendered":"<div class=\"wp-block-image\">\n<figure class=\"alignleft size-full is-resized\"><img data-recalc-dims=\"1\" loading=\"lazy\" decoding=\"async\" width=\"400\" height=\"600\" src=\"https:\/\/i0.wp.com\/www.vyrhelle.com\/arcea\/wp-content\/uploads\/2020\/03\/avatar-tosca.jpg?resize=400%2C600&#038;ssl=1\" alt=\"\" class=\"wp-image-914\" style=\"width:300px;height:450px\" srcset=\"https:\/\/i0.wp.com\/www.vyrhelle.com\/arcea\/wp-content\/uploads\/2020\/03\/avatar-tosca.jpg?w=400&amp;ssl=1 400w, https:\/\/i0.wp.com\/www.vyrhelle.com\/arcea\/wp-content\/uploads\/2020\/03\/avatar-tosca.jpg?resize=200%2C300&amp;ssl=1 200w\" sizes=\"auto, (max-width: 400px) 100vw, 400px\" \/><\/figure>\n<\/div>\n\n<p><strong>Nom :<\/strong> Tosca<br \/><strong>Pr\u00e9nom :<\/strong> Narcissa<br \/><strong>Surnom :<\/strong> La Tosca<\/p>\n<p><strong>Age :<\/strong> inconnu<br \/><strong>Race :<\/strong> <a href=\"https:\/\/www.vyrhelle.com\/arcea\/bonus\/peuples\/humains\/\">humaine<\/a><br \/><strong>Taille :<\/strong> 1m65<br \/><strong>Poids :<\/strong> 50 kg<br \/><strong>Cheveux :<\/strong> rouges et ondul\u00e9s, toujours relev\u00e9s dans une coiffure complexe.<br \/><strong>Yeux :<\/strong> verts<br \/><strong>Corpulence :<\/strong> maigre<br \/><strong>Couleur de peau : <\/strong>ros\u00e9e<\/p>\n<p style=\"text-align: justify;\"><strong>Signes particuliers :<\/strong> elle est toujours tr\u00e8s richement v\u00eatue, dans un style antique qui d\u00e9note g\u00e9n\u00e9ralement avec les tenues des gens autour d&rsquo;elle. Elle affiche aussi de nombreux bijoux en or.<\/p>\n\n\n<div style=\"height:20px\" aria-hidden=\"true\" class=\"wp-block-spacer\"><\/div>\n\n\n<p><strong>Apparition :<\/strong> tome 2 page 37<\/p>\n<p style=\"text-align: justify;\">Magicienne reconnue \u00e0 <a href=\"https:\/\/www.vyrhelle.com\/arcea\/bonus\/lieux\/#Ausros\">Ausros<\/a>, descendante d&rsquo;une longue lign\u00e9e de magiciennes, la Tosca devient r\u00e9gente de la ville \u00e0 la mort de la famille r\u00e9gnante. Ses connaissances et ses talents politiques la rendent redoutable. F\u00e9roce protectrice de la cit\u00e9, elle reste cependant farouchement ind\u00e9pendante et f\u00e9ministe \u00e0 l\u2019extr\u00eame, ce qui fait d&rsquo;elle une des seules personnes d&rsquo;Ausros \u00e0 tenir t\u00eate \u00e0 l&rsquo;archimage de la Tour, <a href=\"https:\/\/www.vyrhelle.com\/arcea\/bonus\/personnages\/allart\/\">Allart<\/a>.<\/p>\n\n\n<p><\/p>\n","protected":false},"excerpt":{"rendered":"<p>Nom : ToscaPr\u00e9nom : NarcissaSurnom : La Tosca Age : inconnuRace : humaineTaille : 1m65Poids : 50 kgCheveux : rouges et ondul\u00e9s, toujours relev\u00e9s dans une coiffure complexe.Yeux : vertsCorpulence : maigreCouleur de peau : ros\u00e9e Signes particuliers : elle est toujours tr\u00e8s richement v\u00eatue, dans un style antique qui d\u00e9note g\u00e9n\u00e9ralement avec les tenues [&hellip;]<\/p>\n","protected":false},"author":1,"featured_media":0,"parent":35,"menu_order":18,"comment_status":"closed","ping_status":"closed","template":"template-fullwidth.php","meta":{"jetpack_post_was_ever_published":false,"footnotes":""},"class_list":["post-524","page","type-page","status-publish","hentry","post-preview"],"jetpack_sharing_enabled":true,"jetpack_likes_enabled":false,"_links":{"self":[{"href":"https:\/\/www.vyrhelle.com\/arcea\/wp-json\/wp\/v2\/pages\/524","targetHints":{"allow":["GET"]}}],"collection":[{"href":"https:\/\/www.vyrhelle.com\/arcea\/wp-json\/wp\/v2\/pages"}],"about":[{"href":"https:\/\/www.vyrhelle.com\/arcea\/wp-json\/wp\/v2\/types\/page"}],"author":[{"embeddable":true,"href":"https:\/\/www.vyrhelle.com\/arcea\/wp-json\/wp\/v2\/users\/1"}],"replies":[{"embeddable":true,"href":"https:\/\/www.vyrhelle.com\/arcea\/wp-json\/wp\/v2\/comments?post=524"}],"version-history":[{"count":13,"href":"https:\/\/www.vyrhelle.com\/arcea\/wp-json\/wp\/v2\/pages\/524\/revisions"}],"predecessor-version":[{"id":3227,"href":"https:\/\/www.vyrhelle.com\/arcea\/wp-json\/wp\/v2\/pages\/524\/revisions\/3227"}],"up":[{"embeddable":true,"href":"https:\/\/www.vyrhelle.com\/arcea\/wp-json\/wp\/v2\/pages\/35"}],"wp:attachment":[{"href":"https:\/\/www.vyrhelle.com\/arcea\/wp-json\/wp\/v2\/media?parent=524"}],"curies":[{"name":"wp","href":"https:\/\/api.w.org\/{rel}","templated":true}]}}