{"id":703,"date":"2020-03-26T13:18:10","date_gmt":"2020-03-26T12:18:10","guid":{"rendered":"http:\/\/www.vyrhelle.com\/blog\/?page_id=703"},"modified":"2025-11-10T18:18:39","modified_gmt":"2025-11-10T17:18:39","slug":"linea","status":"publish","type":"page","link":"https:\/\/www.vyrhelle.com\/arcea\/bonus\/personnages\/linea\/","title":{"rendered":"LIN\u00c9A, la Veuve"},"content":{"rendered":"<div class=\"wp-block-image\">\n<figure class=\"alignleft size-full is-resized\"><img data-recalc-dims=\"1\" loading=\"lazy\" decoding=\"async\" width=\"400\" height=\"600\" src=\"https:\/\/i0.wp.com\/www.vyrhelle.com\/arcea\/wp-content\/uploads\/2020\/03\/avatar-linea.jpg?resize=400%2C600&#038;ssl=1\" alt=\"\" class=\"wp-image-903\" style=\"width:300px;height:450px\" srcset=\"https:\/\/i0.wp.com\/www.vyrhelle.com\/arcea\/wp-content\/uploads\/2020\/03\/avatar-linea.jpg?w=400&amp;ssl=1 400w, https:\/\/i0.wp.com\/www.vyrhelle.com\/arcea\/wp-content\/uploads\/2020\/03\/avatar-linea.jpg?resize=200%2C300&amp;ssl=1 200w\" sizes=\"auto, (max-width: 400px) 100vw, 400px\" \/><\/figure>\n<\/div>\n\n<p><strong>Nom :<\/strong> Lonegreen<br \/><strong>Pr\u00e9nom :<\/strong> Lin\u00e9a<\/p>\n<p><strong>Age :<\/strong> 476 ans<br \/><strong>Race :<\/strong> demi-elfe sylvaine<br \/><strong>Taille :<\/strong> 1m65<br \/><strong>Poids :<\/strong> 54 kg<br \/><strong>Cheveux :<\/strong> brun-roux, longs et souvent natt\u00e9s<br \/><strong>Yeux :<\/strong> gris bleu<br \/><strong>Corpulence :<\/strong> menue<br \/><strong>Couleur de peau : <\/strong>ros\u00e9e<\/p>\n<p style=\"text-align: justify;\"><strong>Signes particuliers :\u00a0<\/strong>Elle ressemble beaucoup \u00e0 son fils, <a href=\"https:\/\/www.vyrhelle.com\/arcea\/bonus\/personnages\/jollwin\/\">J\u00f6llwin<\/a>.<\/p>\n\n\n<div style=\"height:20px\" aria-hidden=\"true\" class=\"wp-block-spacer\"><\/div>\n\n\n\n<p><strong>Apparition :<\/strong> tome 3 page 30<\/p>\n\n\n<p style=\"text-align: justify;\">Demi-elfe noble qui vit depuis longtemps chez les <a href=\"https:\/\/www.vyrhelle.com\/arcea\/bonus\/peuples\/lunaires\/\">elfes lunaires<\/a>, meilleure amie de la reine d&rsquo;Eladam, Lin\u00e9a prot\u00e8ge \u00e0 tout prix son fils unique, J\u00f6llwin, au point de parfois l&rsquo;\u00e9touffer. Elle prit mal la d\u00e9cision de ce dernier de quitter la cit\u00e9 lunaire pour voyager dans le monde, mais le laissa faire pendant dix ans. Qu&rsquo;elle r\u00e9apparaisse inopin\u00e9ment devant lui, quand elle ne quittait jamais Eladam, va donc soulever beaucoup de questions.<\/p>\n\n\n<p><\/p>\n","protected":false},"excerpt":{"rendered":"<p>Nom : LonegreenPr\u00e9nom : Lin\u00e9a Age : 476 ansRace : demi-elfe sylvaineTaille : 1m65Poids : 54 kgCheveux : brun-roux, longs et souvent natt\u00e9sYeux : gris bleuCorpulence : menueCouleur de peau : ros\u00e9e Signes particuliers :\u00a0Elle ressemble beaucoup \u00e0 son fils, J\u00f6llwin. Apparition : tome 3 page 30 Demi-elfe noble qui vit depuis longtemps chez les [&hellip;]<\/p>\n","protected":false},"author":1,"featured_media":0,"parent":35,"menu_order":12,"comment_status":"closed","ping_status":"closed","template":"template-fullwidth.php","meta":{"jetpack_post_was_ever_published":false,"footnotes":""},"class_list":["post-703","page","type-page","status-publish","hentry","post-preview"],"jetpack_sharing_enabled":true,"jetpack_likes_enabled":false,"_links":{"self":[{"href":"https:\/\/www.vyrhelle.com\/arcea\/wp-json\/wp\/v2\/pages\/703","targetHints":{"allow":["GET"]}}],"collection":[{"href":"https:\/\/www.vyrhelle.com\/arcea\/wp-json\/wp\/v2\/pages"}],"about":[{"href":"https:\/\/www.vyrhelle.com\/arcea\/wp-json\/wp\/v2\/types\/page"}],"author":[{"embeddable":true,"href":"https:\/\/www.vyrhelle.com\/arcea\/wp-json\/wp\/v2\/users\/1"}],"replies":[{"embeddable":true,"href":"https:\/\/www.vyrhelle.com\/arcea\/wp-json\/wp\/v2\/comments?post=703"}],"version-history":[{"count":13,"href":"https:\/\/www.vyrhelle.com\/arcea\/wp-json\/wp\/v2\/pages\/703\/revisions"}],"predecessor-version":[{"id":3206,"href":"https:\/\/www.vyrhelle.com\/arcea\/wp-json\/wp\/v2\/pages\/703\/revisions\/3206"}],"up":[{"embeddable":true,"href":"https:\/\/www.vyrhelle.com\/arcea\/wp-json\/wp\/v2\/pages\/35"}],"wp:attachment":[{"href":"https:\/\/www.vyrhelle.com\/arcea\/wp-json\/wp\/v2\/media?parent=703"}],"curies":[{"name":"wp","href":"https:\/\/api.w.org\/{rel}","templated":true}]}}