{"id":712,"date":"2020-03-26T13:54:16","date_gmt":"2020-03-26T12:54:16","guid":{"rendered":"http:\/\/www.vyrhelle.com\/blog\/?page_id=712"},"modified":"2025-11-10T18:18:39","modified_gmt":"2025-11-10T17:18:39","slug":"baron","status":"publish","type":"page","link":"https:\/\/www.vyrhelle.com\/arcea\/bonus\/personnages\/baron\/","title":{"rendered":"LE BARON NOIR"},"content":{"rendered":"<div class=\"wp-block-image\">\n<figure class=\"alignleft size-full is-resized\"><img data-recalc-dims=\"1\" loading=\"lazy\" decoding=\"async\" width=\"400\" height=\"600\" src=\"https:\/\/i0.wp.com\/www.vyrhelle.com\/arcea\/wp-content\/uploads\/2020\/03\/avatar-baron.jpg?resize=400%2C600&#038;ssl=1\" alt=\"\" class=\"wp-image-896\" style=\"width:300px;height:450px\" srcset=\"https:\/\/i0.wp.com\/www.vyrhelle.com\/arcea\/wp-content\/uploads\/2020\/03\/avatar-baron.jpg?w=400&amp;ssl=1 400w, https:\/\/i0.wp.com\/www.vyrhelle.com\/arcea\/wp-content\/uploads\/2020\/03\/avatar-baron.jpg?resize=200%2C300&amp;ssl=1 200w\" sizes=\"auto, (max-width: 400px) 100vw, 400px\" \/><\/figure>\n<\/div>\n\n<p><strong>Nom :<\/strong> Suthor<br \/><strong>Pr\u00e9nom :<\/strong> M\u00f6hrn<br \/><strong>Surnom :<\/strong> le Baron Noir<\/p>\n<p><strong>Age :<\/strong> inconnu<br \/><strong>Race :<\/strong> inconnu<br \/><strong>Taille :<\/strong> 1m95<br \/><strong>Poids :<\/strong> 150 kg, avec l&rsquo;armure <br \/><strong>Cheveux :<\/strong> inconnu<br \/><strong>Yeux :<\/strong> une sorte de luminescence en \u00e9mane<br \/><strong>Corpulence :<\/strong> inconnu<br \/><strong>Couleur de peau : <\/strong>inconnu<\/p>\n<p style=\"text-align: justify;\"><strong>Signes particuliers : <\/strong>\u00a0Il porte une immense \u00e9p\u00e9e magique, donn\u00e9e par Azhram, qui lui permet d&rsquo;appeler et de contr\u00f4ler tous les \u00eatres li\u00e9s aux t\u00e9n\u00e8bres. Sa r\u00e9elle apparence reste un myst\u00e8re.<\/p>\n\n\n<div style=\"height:20px\" aria-hidden=\"true\" class=\"wp-block-spacer\"><\/div>\n\n\n<p><strong>Apparition :<\/strong> tome 1 page 68<\/p>\n<p style=\"text-align: justify;\">Personne ne peut se vanter de savoir qui est ou \u00e0 quoi ressemble le Baron Noir. Enferm\u00e9 en permanence dans une lourde et inqui\u00e9tante armure, il \u00e9mane de lui des fumerolles color\u00e9es, parfois bleues, parfois orang\u00e9es, ce qui pousse certains \u00e0 croire qu&rsquo;il ne reste rien de l&rsquo;homme qu&rsquo;il a \u00e9t\u00e9. D&rsquo;autres pr\u00e9tendent qu&rsquo;il a vendu son \u00e2me \u00e0 la d\u00e9esse du chaos pour obtenir plus de pouvoir. Son corps en a \u00e9t\u00e9 le prix et son armure est d\u00e9sormais le r\u00e9ceptacle d&rsquo;une \u00e2me tortur\u00e9e, qui sert d&rsquo;avatar \u00e0 <a href=\"https:\/\/www.vyrhelle.com\/arcea\/bonus\/dieux\/#Azhram\">Azhram<\/a>.<\/p>","protected":false},"excerpt":{"rendered":"<p>Nom : SuthorPr\u00e9nom : M\u00f6hrnSurnom : le Baron Noir Age : inconnuRace : inconnuTaille : 1m95Poids : 150 kg, avec l&rsquo;armure Cheveux : inconnuYeux : une sorte de luminescence en \u00e9maneCorpulence : inconnuCouleur de peau : inconnu Signes particuliers : \u00a0Il porte une immense \u00e9p\u00e9e magique, donn\u00e9e par Azhram, qui lui permet d&rsquo;appeler et de [&hellip;]<\/p>\n","protected":false},"author":1,"featured_media":0,"parent":35,"menu_order":25,"comment_status":"closed","ping_status":"closed","template":"template-fullwidth.php","meta":{"jetpack_post_was_ever_published":false,"footnotes":""},"class_list":["post-712","page","type-page","status-publish","hentry","post-preview"],"jetpack_sharing_enabled":true,"jetpack_likes_enabled":false,"_links":{"self":[{"href":"https:\/\/www.vyrhelle.com\/arcea\/wp-json\/wp\/v2\/pages\/712","targetHints":{"allow":["GET"]}}],"collection":[{"href":"https:\/\/www.vyrhelle.com\/arcea\/wp-json\/wp\/v2\/pages"}],"about":[{"href":"https:\/\/www.vyrhelle.com\/arcea\/wp-json\/wp\/v2\/types\/page"}],"author":[{"embeddable":true,"href":"https:\/\/www.vyrhelle.com\/arcea\/wp-json\/wp\/v2\/users\/1"}],"replies":[{"embeddable":true,"href":"https:\/\/www.vyrhelle.com\/arcea\/wp-json\/wp\/v2\/comments?post=712"}],"version-history":[{"count":14,"href":"https:\/\/www.vyrhelle.com\/arcea\/wp-json\/wp\/v2\/pages\/712\/revisions"}],"predecessor-version":[{"id":3233,"href":"https:\/\/www.vyrhelle.com\/arcea\/wp-json\/wp\/v2\/pages\/712\/revisions\/3233"}],"up":[{"embeddable":true,"href":"https:\/\/www.vyrhelle.com\/arcea\/wp-json\/wp\/v2\/pages\/35"}],"wp:attachment":[{"href":"https:\/\/www.vyrhelle.com\/arcea\/wp-json\/wp\/v2\/media?parent=712"}],"curies":[{"name":"wp","href":"https:\/\/api.w.org\/{rel}","templated":true}]}}