{"id":725,"date":"2020-03-26T15:42:53","date_gmt":"2020-03-26T14:42:53","guid":{"rendered":"http:\/\/www.vyrhelle.com\/blog\/?page_id=725"},"modified":"2025-11-10T18:18:39","modified_gmt":"2025-11-10T17:18:39","slug":"miriel","status":"publish","type":"page","link":"https:\/\/www.vyrhelle.com\/arcea\/bonus\/personnages\/miriel\/","title":{"rendered":"MIRIEL OMBRE D&rsquo;ARGENT"},"content":{"rendered":"<div class=\"wp-block-image\">\n<figure class=\"alignleft size-full is-resized\"><img data-recalc-dims=\"1\" loading=\"lazy\" decoding=\"async\" width=\"400\" height=\"600\" src=\"https:\/\/i0.wp.com\/www.vyrhelle.com\/arcea\/wp-content\/uploads\/2020\/03\/avatar-miriel.jpg?resize=400%2C600&#038;ssl=1\" alt=\"\" class=\"wp-image-1405\" style=\"width:300px;height:450px\" srcset=\"https:\/\/i0.wp.com\/www.vyrhelle.com\/arcea\/wp-content\/uploads\/2020\/03\/avatar-miriel.jpg?w=400&amp;ssl=1 400w, https:\/\/i0.wp.com\/www.vyrhelle.com\/arcea\/wp-content\/uploads\/2020\/03\/avatar-miriel.jpg?resize=200%2C300&amp;ssl=1 200w\" sizes=\"auto, (max-width: 400px) 100vw, 400px\" \/><\/figure>\n<\/div>\n\n<p style=\"text-align: justify;\"><strong>Nom :\u00a0Ombre d&rsquo;Argent<br data-rich-text-line-break=\"true\" \/>Pr\u00e9nom :\u00a0Miriel<\/strong><\/p>\n<p style=\"text-align: justify;\"><strong>Age :<\/strong>\u00a0inconnu<br \/><strong>Race :<\/strong>\u00a0<a href=\"https:\/\/www.vyrhelle.com\/arcea\/bonus\/peuples\/lunaires\/\">elfe lunaire<\/a><br \/><strong>Taille :<\/strong> 1m75<br \/><strong>Poids :<\/strong> 60 kg<br \/><strong>Cheveux :<\/strong>\u00a0tr\u00e8s longs, blancs et lisses<br \/><strong>Yeux :<\/strong>\u00a0verts<br \/><strong>Corpulence :<\/strong>\u00a0\u00e9lanc\u00e9e<br \/><strong>Couleur de peau :\u00a0<\/strong>ros\u00e9e<\/p>\n<p><strong>Signes particuliers :\u00a0<\/strong> Miriel est une elfe \u00e9l\u00e9gante et d\u00e9licate, aux doigts fins, qui ne donne pourtant aucun signe de fragilit\u00e9. Qu&rsquo;elle parle ou qu&rsquo;elle chante, elle a une voix envo\u00fbtante qui ne laisse personne de marbre.<\/p>\n\n\n<p><\/p>\n\n\n<p><strong>Apparition :<\/strong> tome 1 page 9<\/p>\n<p style=\"text-align: justify;\">Fille d&rsquo;une longue lign\u00e9e de bardes, Miriel ne s&rsquo;est pas cantonn\u00e9e \u00e0 ce seul r\u00f4le. Au fil des ans et de ses voyages, elle a nou\u00e9 des liens avec toutes sortes de gens. Intelligente, douce et sachant utiliser les mots aussi bien que les notes, elle s&rsquo;est d&rsquo;abord retrouv\u00e9e porteuse de messages importants et a fini par devenir l&rsquo;ambassadrice de bien des nobles elfiques. Cela sans n\u00e9anmoins renier son statut de barde ni abandonner ses instruments de musique.<\/p>\n<p style=\"text-align: justify;\"><!-- \/wp:post-content --> <!-- wp:paragraph --><\/p>\n<p style=\"text-align: justify;\">Malgr\u00e9 sa beaut\u00e9 et sa gr\u00e2ce, elle est toujours rest\u00e9e c\u00e9libataire, donnant l&rsquo;image d&rsquo;une femme tout \u00e0 son m\u00e9tier, d\u00e9sireuse de toujours conserver son ind\u00e9pendance et sa libert\u00e9 de mouvement, et ce, jusqu&rsquo;\u00e0 la Grande Guerre. Elle y rencontre les P\u00e8lerins et peu de temps apr\u00e8s la fin du conflit, on la verra glanant toutes les informations possibles autour de ce groupe de personnes. La raison de cette v\u00e9ritable enqu\u00eate reste myst\u00e9rieuse, mais Miriel y consacrera de nombreuses ann\u00e9es. C&rsquo;est ce qui justifie d&rsquo;ailleurs sa pr\u00e9sence au proc\u00e8s d&rsquo;Ost\u00e9ryld, invit\u00e9 par <a href=\"https:\/\/www.vyrhelle.com\/arcea\/bonus\/personnages\/jures\/\">Wynnel Celebalda<\/a> \u00e0 exposer ses connaissances sur la question.<\/p>\n<p><!-- wp:spacer {\"height\":20} --><\/p>\n<div class=\"wp-block-spacer\" style=\"height: 20px;\" aria-hidden=\"true\">\u00a0<\/div>\n<p><!-- \/wp:spacer --><\/p>","protected":false},"excerpt":{"rendered":"<p>Nom :\u00a0Ombre d&rsquo;ArgentPr\u00e9nom :\u00a0Miriel Age :\u00a0inconnuRace :\u00a0elfe lunaireTaille : 1m75Poids : 60 kgCheveux :\u00a0tr\u00e8s longs, blancs et lissesYeux :\u00a0vertsCorpulence :\u00a0\u00e9lanc\u00e9eCouleur de peau :\u00a0ros\u00e9e Signes particuliers :\u00a0 Miriel est une elfe \u00e9l\u00e9gante et d\u00e9licate, aux doigts fins, qui ne donne pourtant aucun signe de fragilit\u00e9. Qu&rsquo;elle parle ou qu&rsquo;elle chante, elle a une voix envo\u00fbtante qui [&hellip;]<\/p>\n","protected":false},"author":1,"featured_media":0,"parent":35,"menu_order":26,"comment_status":"closed","ping_status":"closed","template":"template-fullwidth.php","meta":{"jetpack_post_was_ever_published":false,"footnotes":""},"class_list":["post-725","page","type-page","status-publish","hentry","post-preview"],"jetpack_sharing_enabled":true,"jetpack_likes_enabled":false,"_links":{"self":[{"href":"https:\/\/www.vyrhelle.com\/arcea\/wp-json\/wp\/v2\/pages\/725","targetHints":{"allow":["GET"]}}],"collection":[{"href":"https:\/\/www.vyrhelle.com\/arcea\/wp-json\/wp\/v2\/pages"}],"about":[{"href":"https:\/\/www.vyrhelle.com\/arcea\/wp-json\/wp\/v2\/types\/page"}],"author":[{"embeddable":true,"href":"https:\/\/www.vyrhelle.com\/arcea\/wp-json\/wp\/v2\/users\/1"}],"replies":[{"embeddable":true,"href":"https:\/\/www.vyrhelle.com\/arcea\/wp-json\/wp\/v2\/comments?post=725"}],"version-history":[{"count":12,"href":"https:\/\/www.vyrhelle.com\/arcea\/wp-json\/wp\/v2\/pages\/725\/revisions"}],"predecessor-version":[{"id":3235,"href":"https:\/\/www.vyrhelle.com\/arcea\/wp-json\/wp\/v2\/pages\/725\/revisions\/3235"}],"up":[{"embeddable":true,"href":"https:\/\/www.vyrhelle.com\/arcea\/wp-json\/wp\/v2\/pages\/35"}],"wp:attachment":[{"href":"https:\/\/www.vyrhelle.com\/arcea\/wp-json\/wp\/v2\/media?parent=725"}],"curies":[{"name":"wp","href":"https:\/\/api.w.org\/{rel}","templated":true}]}}