{"id":758,"date":"2020-03-26T16:18:45","date_gmt":"2020-03-26T15:18:45","guid":{"rendered":"http:\/\/www.vyrhelle.com\/blog\/?page_id=758"},"modified":"2025-11-10T18:18:39","modified_gmt":"2025-11-10T17:18:39","slug":"lena","status":"publish","type":"page","link":"https:\/\/www.vyrhelle.com\/arcea\/bonus\/personnages\/lena\/","title":{"rendered":"LENA, la Paladin"},"content":{"rendered":"<div class=\"wp-block-image\">\n<figure class=\"alignleft size-full is-resized\"><img data-recalc-dims=\"1\" loading=\"lazy\" decoding=\"async\" width=\"400\" height=\"600\" src=\"https:\/\/i0.wp.com\/www.vyrhelle.com\/arcea\/wp-content\/uploads\/2020\/03\/avatar-lena.jpg?resize=400%2C600&#038;ssl=1\" alt=\"\" class=\"wp-image-1063\" style=\"width:300px;height:450px\" srcset=\"https:\/\/i0.wp.com\/www.vyrhelle.com\/arcea\/wp-content\/uploads\/2020\/03\/avatar-lena.jpg?w=400&amp;ssl=1 400w, https:\/\/i0.wp.com\/www.vyrhelle.com\/arcea\/wp-content\/uploads\/2020\/03\/avatar-lena.jpg?resize=200%2C300&amp;ssl=1 200w\" sizes=\"auto, (max-width: 400px) 100vw, 400px\" \/><\/figure>\n<\/div>\n\n<p style=\"text-align: justify;\"><strong>Nom :<\/strong> Althaea<br \/><strong>Pr\u00e9nom :<\/strong> L\u00e9na<\/p>\n<p style=\"text-align: justify;\"><strong>Age :<\/strong> 19 ans<br \/><strong>Race\u00a0<\/strong>: humaine<br \/><strong>Taille :<\/strong> 1m65<br \/><strong>Poids :<\/strong> 56 kg<br \/><strong>Cheveux :<\/strong> roux, mi-longs et ondul\u00e9s<br \/><strong>Yeux :<\/strong> verts<br \/><strong>Corpulence :<\/strong> menue mais muscl\u00e9e<br \/><strong>Couleur de peau :<\/strong> p\u00e2le<\/p>\n<p style=\"text-align: justify;\"><strong>Signes particuliers :\u00a0<\/strong>des taches de rousseur et de nombreuses cicatrices.<\/p>\n<p style=\"text-align: justify;\">Seule rescap\u00e9e de son village, d\u00e9truit par les sbires d&rsquo;un n\u00e9cromant, L\u00e9na fut recueillie \u00e0 douze ans par l&rsquo;ordre des paladins d&rsquo;Irisanne, o\u00f9 elle apprit le m\u00e9tier des armes. Une fois sa formation termin\u00e9e, elle fut envoy\u00e9e <a href=\"https:\/\/www.vyrhelle.com\/arcea\/bonus\/lieux\/#Calheta\">Calheta Rivne<\/a> accomplir sa toute premi\u00e8re mission : arr\u00eater un demi dragon fauteur de troubles. \u00ab\u00a0Un demi quoi ?\u00a0\u00bb<\/p>","protected":false},"excerpt":{"rendered":"<p>Nom : AlthaeaPr\u00e9nom : L\u00e9na Age : 19 ansRace\u00a0: humaineTaille : 1m65Poids : 56 kgCheveux : roux, mi-longs et ondul\u00e9sYeux : vertsCorpulence : menue mais muscl\u00e9eCouleur de peau : p\u00e2le Signes particuliers :\u00a0des taches de rousseur et de nombreuses cicatrices. Seule rescap\u00e9e de son village, d\u00e9truit par les sbires d&rsquo;un n\u00e9cromant, L\u00e9na fut recueillie \u00e0 [&hellip;]<\/p>\n","protected":false},"author":1,"featured_media":0,"parent":35,"menu_order":37,"comment_status":"closed","ping_status":"closed","template":"template-fullwidth.php","meta":{"jetpack_post_was_ever_published":false,"footnotes":""},"class_list":["post-758","page","type-page","status-publish","hentry","post-preview"],"jetpack_sharing_enabled":true,"jetpack_likes_enabled":false,"_links":{"self":[{"href":"https:\/\/www.vyrhelle.com\/arcea\/wp-json\/wp\/v2\/pages\/758","targetHints":{"allow":["GET"]}}],"collection":[{"href":"https:\/\/www.vyrhelle.com\/arcea\/wp-json\/wp\/v2\/pages"}],"about":[{"href":"https:\/\/www.vyrhelle.com\/arcea\/wp-json\/wp\/v2\/types\/page"}],"author":[{"embeddable":true,"href":"https:\/\/www.vyrhelle.com\/arcea\/wp-json\/wp\/v2\/users\/1"}],"replies":[{"embeddable":true,"href":"https:\/\/www.vyrhelle.com\/arcea\/wp-json\/wp\/v2\/comments?post=758"}],"version-history":[{"count":12,"href":"https:\/\/www.vyrhelle.com\/arcea\/wp-json\/wp\/v2\/pages\/758\/revisions"}],"predecessor-version":[{"id":3242,"href":"https:\/\/www.vyrhelle.com\/arcea\/wp-json\/wp\/v2\/pages\/758\/revisions\/3242"}],"up":[{"embeddable":true,"href":"https:\/\/www.vyrhelle.com\/arcea\/wp-json\/wp\/v2\/pages\/35"}],"wp:attachment":[{"href":"https:\/\/www.vyrhelle.com\/arcea\/wp-json\/wp\/v2\/media?parent=758"}],"curies":[{"name":"wp","href":"https:\/\/api.w.org\/{rel}","templated":true}]}}