{"id":8,"date":"2016-03-05T19:25:14","date_gmt":"2016-03-05T18:25:14","guid":{"rendered":"http:\/\/www.vyrhelle.com\/over-a-single-tango\/?page_id=8"},"modified":"2025-11-10T18:18:39","modified_gmt":"2025-11-10T17:18:39","slug":"presentation","status":"publish","type":"page","link":"https:\/\/www.vyrhelle.com\/arcea\/presentation\/","title":{"rendered":"Pr\u00e9sentation"},"content":{"rendered":"\n<div class=\"wp-block-image\"><figure class=\"alignleft size-large\"><img data-recalc-dims=\"1\" loading=\"lazy\" decoding=\"async\" width=\"600\" height=\"751\" src=\"https:\/\/i0.wp.com\/www.vyrhelle.com\/arcea\/wp-content\/uploads\/2020\/03\/visuel_presentation.jpg?resize=600%2C751&#038;ssl=1\" alt=\"\" class=\"wp-image-984\" srcset=\"https:\/\/i0.wp.com\/www.vyrhelle.com\/arcea\/wp-content\/uploads\/2020\/03\/visuel_presentation.jpg?w=600&amp;ssl=1 600w, https:\/\/i0.wp.com\/www.vyrhelle.com\/arcea\/wp-content\/uploads\/2020\/03\/visuel_presentation.jpg?resize=200%2C250&amp;ssl=1 200w, https:\/\/i0.wp.com\/www.vyrhelle.com\/arcea\/wp-content\/uploads\/2020\/03\/visuel_presentation.jpg?resize=240%2C300&amp;ssl=1 240w\" sizes=\"auto, (max-width: 600px) 100vw, 600px\" \/><\/figure><\/div>\n\n\n<p style=\"text-align: justify;\">Bienvenue voyageur ! Entre, entre, n&rsquo;aie pas peur, je ne mords pas. Tu es venu jusqu&rsquo;ici pour entendre les r\u00e9cits de ce monde que l&rsquo;on nomme Arcea ? Tu es au bon endroit ! Assieds-toi, prends tes aises, mais surtout, garde les yeux ouverts et ton esprit plus encore, car dans ces terres \u00e9tranges, \u00e0 la fois sublimes et redoutables, o\u00f9 magie et passions se d\u00e9cha\u00eenent, o\u00f9 elfes et humains c\u00f4toient &#8211; pour leur plus grand malheur &#8211; dieux, d\u00e9mons et dragons, tu ne trouveras rien pour t&rsquo;\u00e9pargner.<br data-rich-text-line-break=\"true\" \/>Laisse-moi te parler de ce vaste \u00e9chiquier sur lequel les dieux sont pench\u00e9s, ce monde o\u00f9 les destin\u00e9es se tissent entre choix, h\u00e9ritage et chaos, o\u00f9 l&rsquo;esp\u00e9rance et les r\u00eaves changent ta vie \u00e0 jamais, o\u00f9 les id\u00e9aux peuvent tuer.<br data-rich-text-line-break=\"true\" \/>Je pourrais remonter \u00e0 l&rsquo;aube des temps et te narrer les plus invraisemblables histoires, mais \u00e7a risquerait de prendre quelques ann\u00e9es. Or, tu es humain, mon ami, et tu ne seras peut-\u00eatre pas d&rsquo;accord. Alors commen\u00e7ons par l&rsquo;histoire qui a boulevers\u00e9 l&rsquo;ordre du monde, celle de la Grande Guerre, qui est aussi celle d&rsquo;Azhram, d\u00e9esse du chaos. Je t&rsquo;entends d\u00e9j\u00e0 protester : cette d\u00e9esse apporte \u00e0 sa guise la destruction dans le monde, pourquoi cette guerre-ci devrait-elle changer quoi que ce soit ? Parce que, mon ami, parce que cette fois, la d\u00e9esse s&rsquo;est surpass\u00e9e, que le chaos s&rsquo;est r\u00e9pandu comme une peste insidieuse, que des h\u00e9ros se sont dress\u00e9s sur son chemin. Ces h\u00e9ros, que l&rsquo;on nomme d\u00e9sormais les P\u00e8lerins, partis dans une qu\u00eate presque impossible pour sauver Arcea de la destruction. Et leur destin\u00e9e a chang\u00e9 l&rsquo;Histoire \u00e0 jamais. Leur pass\u00e9, leur h\u00e9ritage, leurs r\u00eaves, leurs rencontres&#8230; tous ont d\u00fb faire face \u00e0 ce qu&rsquo;ils sont, et tous n&rsquo;\u00e9taient pas humains ou elfes, loin de l\u00e0.<br data-rich-text-line-break=\"true\" \/>Ceci dit&#8230; si tu me permets un avis personnel, mon ami, peut-\u00eatre la d\u00e9esse du chaos aurait-elle d\u00fb mieux choisir ceux qui la servaient, et \u00eatre plus prudente avec certains&#8230; Qui sait ?<\/p>\n\n\n<div class=\"wp-block-image\"><figure class=\"aligncenter size-large\"><img data-recalc-dims=\"1\" loading=\"lazy\" decoding=\"async\" width=\"50\" height=\"52\" src=\"https:\/\/i0.wp.com\/www.vyrhelle.com\/arcea\/wp-content\/uploads\/2020\/03\/celtic_knot_titre.png?resize=50%2C52&#038;ssl=1\" alt=\"\" class=\"wp-image-310\"\/><\/figure><\/div>\n","protected":false},"excerpt":{"rendered":"<p>Bienvenue voyageur ! Entre, entre, n&rsquo;aie pas peur, je ne mords pas. Tu es venu jusqu&rsquo;ici pour entendre les r\u00e9cits de ce monde que l&rsquo;on nomme Arcea ? Tu es au bon endroit ! Assieds-toi, prends tes aises, mais surtout, garde les yeux ouverts et ton esprit plus encore, car dans ces terres \u00e9tranges, \u00e0 [&hellip;]<\/p>\n","protected":false},"author":1,"featured_media":0,"parent":0,"menu_order":0,"comment_status":"closed","ping_status":"closed","template":"template-fullwidth.php","meta":{"jetpack_post_was_ever_published":false,"footnotes":""},"class_list":["post-8","page","type-page","status-publish","hentry","post-preview"],"jetpack_sharing_enabled":true,"jetpack_likes_enabled":false,"_links":{"self":[{"href":"https:\/\/www.vyrhelle.com\/arcea\/wp-json\/wp\/v2\/pages\/8","targetHints":{"allow":["GET"]}}],"collection":[{"href":"https:\/\/www.vyrhelle.com\/arcea\/wp-json\/wp\/v2\/pages"}],"about":[{"href":"https:\/\/www.vyrhelle.com\/arcea\/wp-json\/wp\/v2\/types\/page"}],"author":[{"embeddable":true,"href":"https:\/\/www.vyrhelle.com\/arcea\/wp-json\/wp\/v2\/users\/1"}],"replies":[{"embeddable":true,"href":"https:\/\/www.vyrhelle.com\/arcea\/wp-json\/wp\/v2\/comments?post=8"}],"version-history":[{"count":23,"href":"https:\/\/www.vyrhelle.com\/arcea\/wp-json\/wp\/v2\/pages\/8\/revisions"}],"predecessor-version":[{"id":1727,"href":"https:\/\/www.vyrhelle.com\/arcea\/wp-json\/wp\/v2\/pages\/8\/revisions\/1727"}],"wp:attachment":[{"href":"https:\/\/www.vyrhelle.com\/arcea\/wp-json\/wp\/v2\/media?parent=8"}],"curies":[{"name":"wp","href":"https:\/\/api.w.org\/{rel}","templated":true}]}}