{"id":1514,"date":"2020-04-09T17:56:53","date_gmt":"2020-04-09T15:56:53","guid":{"rendered":"http:\/\/www.vyrhelle.com\/blog\/?post_type=product&#038;p=1514"},"modified":"2026-03-06T19:19:56","modified_gmt":"2026-03-06T18:19:56","slug":"tome-1-lathame","status":"publish","type":"product","link":"https:\/\/www.vyrhelle.com\/arcea\/produit\/tome-1-lathame\/","title":{"rendered":"Les Chroniques d&rsquo;Arcea &#8211; T.1"},"content":{"rendered":"<h3 style=\"text-align: justify;\"><strong>Premier tome\u00a0 de la s\u00e9rie de bandes dessin\u00e9es des Chroniques d&rsquo;Arcea.<\/strong><\/h3>\n<h4>\u00a0<img data-recalc-dims=\"1\" loading=\"lazy\" decoding=\"async\" class=\"wp-image-1517 size-medium alignleft\" src=\"https:\/\/i0.wp.com\/www.vyrhelle.com\/arcea\/wp-content\/uploads\/2020\/04\/DSC_0809.jpg?resize=300%2C300&#038;ssl=1\" alt=\"\" width=\"300\" height=\"300\" srcset=\"https:\/\/i0.wp.com\/www.vyrhelle.com\/arcea\/wp-content\/uploads\/2020\/04\/DSC_0809.jpg?resize=300%2C300&amp;ssl=1 300w, https:\/\/i0.wp.com\/www.vyrhelle.com\/arcea\/wp-content\/uploads\/2020\/04\/DSC_0809.jpg?resize=200%2C200&amp;ssl=1 200w, https:\/\/i0.wp.com\/www.vyrhelle.com\/arcea\/wp-content\/uploads\/2020\/04\/DSC_0809.jpg?resize=100%2C100&amp;ssl=1 100w, https:\/\/i0.wp.com\/www.vyrhelle.com\/arcea\/wp-content\/uploads\/2020\/04\/DSC_0809.jpg?resize=150%2C150&amp;ssl=1 150w, https:\/\/i0.wp.com\/www.vyrhelle.com\/arcea\/wp-content\/uploads\/2020\/04\/DSC_0809.jpg?w=450&amp;ssl=1 450w\" sizes=\"auto, (max-width: 300px) 100vw, 300px\" \/><strong>Le d\u00e9but d&rsquo;une nouvelle aventure.<\/strong><\/h4>\n<p style=\"text-align: justify;\">Pr\u00e9vu en 5 tomes, le cycle des P\u00e8lerins commence avec ce premier album intitul\u00e9 \u00ab\u00a0L&rsquo;Atham\u00e9\u00a0\u00bb. Dans un univers de fantasy, aux accents de l\u00e9gende, vous pourrez d\u00e9couvrir des protagonistes dans les pr\u00e9mices de leurs aventures et pr\u00eats \u00e0 vous d\u00e9voiler tous leurs secrets&#8230;<\/p>\n<h4 style=\"text-align: justify;\"><strong>Un format diff\u00e9rent.<\/strong><\/h4>\n<p style=\"text-align: justify;\">R\u00e9sultant d&rsquo;un choix d\u00e9lib\u00e9r\u00e9, les Chroniques d&rsquo;Arcea seront une s\u00e9rie d&rsquo;albums au format peu conventionnel dit \u00ab\u00a0crown quarto\u00a0\u00bb, en version optimis\u00e9 eaux standards fran\u00e7ais, pour une meilleure gestion du papier ( environ 25 x 17,5 cm ).\u00a0 Avec un nombre de pages sup\u00e9rieur aux paginations traditionnelles, \u00e0 savoir 68 planches au lieu de 46, cet album est plus pratique que les grands albums de BD classiques,\u00a0 sans perdre en richesse de l&rsquo;histoire ni en finesse des images. Il pr\u00e9sente aussi une couverture rigide avec vernis s\u00e9lectif et des pages enti\u00e8rement couleur.<\/p>\n<h4>Seconde \u00e9dition<\/h4>\n<p>Victime de son succ\u00e8s, le tome 1 de la s\u00e9rie est parti en r\u00e9impression en mars 2020. Les albums en vente seront donc des albums de \u00ab\u00a0seconde \u00e9dition\u00a0\u00bb, corrig\u00e9s au niveau de quelques textes et des r\u00e9glages de colorim\u00e9trie.<\/p>\n<p style=\"text-align: justify;\">Alors venez !<br \/>\nOui, venez rencontrer Elwen, J\u00f6llwin et leurs compagnons dans un monde de magie qui s&rsquo;appr\u00eate \u00e0 basculer vers des heures de plus en plus sombres, si personne n&rsquo;y fait rien&#8230;<\/p>\n","protected":false},"excerpt":{"rendered":"<h5>Album de bandes dessin\u00e9es couleur<br \/>\nCouverture rigide avec vernis s\u00e9lectif.<br \/>\nFormat : 17,5 x 25 cm environ.<\/h5>\n<p>Attention, les aper\u00e7us des planches ci-contre peuvent \u00eatre un peu longs \u00e0 charger.<\/p>\n","protected":false},"featured_media":1929,"template":"","meta":{"jetpack_post_was_ever_published":false},"product_brand":[],"product_cat":[17],"product_tag":[],"class_list":{"0":"post-1514","1":"product","2":"type-product","3":"status-publish","4":"has-post-thumbnail","6":"product_cat-les-albums","7":"product_shipping_class-fdp-tome-1","8":"post-preview","10":"first","11":"instock","12":"shipping-taxable","13":"purchasable","14":"product-type-simple"},"jetpack_sharing_enabled":true,"jetpack_likes_enabled":false,"_links":{"self":[{"href":"https:\/\/www.vyrhelle.com\/arcea\/wp-json\/wp\/v2\/product\/1514","targetHints":{"allow":["GET"]}}],"collection":[{"href":"https:\/\/www.vyrhelle.com\/arcea\/wp-json\/wp\/v2\/product"}],"about":[{"href":"https:\/\/www.vyrhelle.com\/arcea\/wp-json\/wp\/v2\/types\/product"}],"wp:featuredmedia":[{"embeddable":true,"href":"https:\/\/www.vyrhelle.com\/arcea\/wp-json\/wp\/v2\/media\/1929"}],"wp:attachment":[{"href":"https:\/\/www.vyrhelle.com\/arcea\/wp-json\/wp\/v2\/media?parent=1514"}],"wp:term":[{"taxonomy":"product_brand","embeddable":true,"href":"https:\/\/www.vyrhelle.com\/arcea\/wp-json\/wp\/v2\/product_brand?post=1514"},{"taxonomy":"product_cat","embeddable":true,"href":"https:\/\/www.vyrhelle.com\/arcea\/wp-json\/wp\/v2\/product_cat?post=1514"},{"taxonomy":"product_tag","embeddable":true,"href":"https:\/\/www.vyrhelle.com\/arcea\/wp-json\/wp\/v2\/product_tag?post=1514"}],"curies":[{"name":"wp","href":"https:\/\/api.w.org\/{rel}","templated":true}]}}