{"id":1520,"date":"2020-04-09T17:55:14","date_gmt":"2020-04-09T15:55:14","guid":{"rendered":"https:\/\/www.vyrhelle.com\/blog\/?post_type=product&#038;p=1520"},"modified":"2026-03-06T19:20:15","modified_gmt":"2026-03-06T18:20:15","slug":"tome-2-le-coeur","status":"publish","type":"product","link":"https:\/\/www.vyrhelle.com\/arcea\/produit\/tome-2-le-coeur\/","title":{"rendered":"Les Chroniques d\u2019Arcea \u2013 T.2"},"content":{"rendered":"<h3 style=\"text-align: justify;\">Deuxi\u00e8me tome des Chroniques d&rsquo;Arcea.<\/h3>\n<h4 style=\"text-align: justify;\">L&rsquo;aventure se poursuit !<\/h4>\n<p style=\"text-align: justify;\">Tout comme dans le premier tome, l&rsquo;intrigue se d\u00e9veloppe dans l&rsquo;univers d&rsquo;heroic-fantasy d&rsquo;Arcea, au c\u0153ur de la cit\u00e9 des Mages d&rsquo;Ausros. Le voile commence \u00e0 se lever sur certains secrets et myst\u00e8res entourant Elwen, J\u00f6llwin et leurs amis. La trame de leur l\u00e9gende se r\u00e9v\u00e8le un peu plus, tout comme les sentiments des personnages&#8230;<\/p>\n<h4 style=\"text-align: justify;\">Toujours le m\u00eame format unique.<\/h4>\n<p style=\"text-align: justify;\">R\u00e9sultant d&rsquo;un choix d\u00e9lib\u00e9r\u00e9, les Chroniques d&rsquo;Arcea sont une s\u00e9rie d&rsquo;albums au format peu conventionnel dit \u00ab\u00a0crown quarto\u00a0\u00bb ( 25 x 19 cm ). Avec un nombre de pages sup\u00e9rieur aux paginations traditionnelles, \u00e0 savoir 68 planches au lieu de 46, il est plus pratique que les grands albums de BD classiques. Il pr\u00e9sente comme eux une m\u00eame couverture rigide avec vernis s\u00e9lectif et des pages enti\u00e8rement en couleur.<\/p>\n","protected":false},"excerpt":{"rendered":"<h5>Album de bandes dessin\u00e9es couleur<br \/>\nCouverture rigide avec vernis s\u00e9lectif.<br \/>\nFormat : 17,5 x 25 cm environ.<\/h5>\n<p>Attention, les aper\u00e7us des planches ci-contre peuvent \u00eatre un peu longs \u00e0 charger.<\/p>\n","protected":false},"featured_media":1930,"template":"","meta":{"jetpack_post_was_ever_published":false},"product_brand":[],"product_cat":[17],"product_tag":[],"class_list":{"0":"post-1520","1":"product","2":"type-product","3":"status-publish","4":"has-post-thumbnail","6":"product_cat-les-albums","7":"product_shipping_class-fdp-tome-2","8":"post-preview","10":"first","11":"instock","12":"shipping-taxable","13":"purchasable","14":"product-type-simple"},"jetpack_sharing_enabled":true,"jetpack_likes_enabled":false,"_links":{"self":[{"href":"https:\/\/www.vyrhelle.com\/arcea\/wp-json\/wp\/v2\/product\/1520","targetHints":{"allow":["GET"]}}],"collection":[{"href":"https:\/\/www.vyrhelle.com\/arcea\/wp-json\/wp\/v2\/product"}],"about":[{"href":"https:\/\/www.vyrhelle.com\/arcea\/wp-json\/wp\/v2\/types\/product"}],"wp:featuredmedia":[{"embeddable":true,"href":"https:\/\/www.vyrhelle.com\/arcea\/wp-json\/wp\/v2\/media\/1930"}],"wp:attachment":[{"href":"https:\/\/www.vyrhelle.com\/arcea\/wp-json\/wp\/v2\/media?parent=1520"}],"wp:term":[{"taxonomy":"product_brand","embeddable":true,"href":"https:\/\/www.vyrhelle.com\/arcea\/wp-json\/wp\/v2\/product_brand?post=1520"},{"taxonomy":"product_cat","embeddable":true,"href":"https:\/\/www.vyrhelle.com\/arcea\/wp-json\/wp\/v2\/product_cat?post=1520"},{"taxonomy":"product_tag","embeddable":true,"href":"https:\/\/www.vyrhelle.com\/arcea\/wp-json\/wp\/v2\/product_tag?post=1520"}],"curies":[{"name":"wp","href":"https:\/\/api.w.org\/{rel}","templated":true}]}}