{"id":1524,"date":"2020-04-09T18:09:27","date_gmt":"2020-04-09T16:09:27","guid":{"rendered":"https:\/\/www.vyrhelle.com\/blog\/?post_type=product&#038;p=1524"},"modified":"2026-03-06T19:19:39","modified_gmt":"2026-03-06T18:19:39","slug":"tome-3-les-anneaux","status":"publish","type":"product","link":"https:\/\/www.vyrhelle.com\/arcea\/produit\/tome-3-les-anneaux\/","title":{"rendered":"Les Chroniques d\u2019Arcea \u2013 T.3"},"content":{"rendered":"<h3 style=\"text-align: justify;\">Troisi\u00e8me tome des Chroniques d\u2019Arcea.<\/h3>\n<h4 style=\"text-align: justify;\">L\u2019aventure se complique !<\/h4>\n<p style=\"text-align: justify;\">L\u2019intrigue se d\u00e9veloppe toujours dans l\u2019univers d\u2019heroic-fantasy d\u2019Arcea, les P\u00e8lerins ont entam\u00e9 leur voyage et tout ne se passe clairement pas comme pr\u00e9vu. Les forces que craignaient Allart semblent vouloir se manifester et compliquer la qu\u00eate de nos aventuriers.<\/p>\n<h4 style=\"text-align: justify;\">Toujours le m\u00eame format unique.<\/h4>\n<p style=\"text-align: justify;\">Toujours en couverture rigide, avec vernis s\u00e9lectif, enti\u00e8rement en couleur, ce tome trois reste dans un m\u00eame format et viendra se glisser harmonieusement \u00e0 c\u00f4t\u00e9 de ses deux pr\u00e9d\u00e9cesseurs dans vos biblioth\u00e8ques.<\/p>\n","protected":false},"excerpt":{"rendered":"<h5>Album de bandes dessin\u00e9es couleur<br \/>\nCouverture rigide avec vernis s\u00e9lectif.<br \/>\nFormat : 17,5 x 25 cm environ.<\/h5>\n<p>Attention, les aper\u00e7us des planches ci-contre peuvent \u00eatre un peu longs \u00e0 charger.<\/p>\n","protected":false},"featured_media":1931,"template":"","meta":{"jetpack_post_was_ever_published":false},"product_brand":[],"product_cat":[17],"product_tag":[],"class_list":{"0":"post-1524","1":"product","2":"type-product","3":"status-publish","4":"has-post-thumbnail","6":"product_cat-les-albums","7":"product_shipping_class-fdp-tome-3","8":"post-preview","10":"first","11":"instock","12":"shipping-taxable","13":"purchasable","14":"product-type-simple"},"jetpack_sharing_enabled":true,"jetpack_likes_enabled":false,"_links":{"self":[{"href":"https:\/\/www.vyrhelle.com\/arcea\/wp-json\/wp\/v2\/product\/1524","targetHints":{"allow":["GET"]}}],"collection":[{"href":"https:\/\/www.vyrhelle.com\/arcea\/wp-json\/wp\/v2\/product"}],"about":[{"href":"https:\/\/www.vyrhelle.com\/arcea\/wp-json\/wp\/v2\/types\/product"}],"wp:featuredmedia":[{"embeddable":true,"href":"https:\/\/www.vyrhelle.com\/arcea\/wp-json\/wp\/v2\/media\/1931"}],"wp:attachment":[{"href":"https:\/\/www.vyrhelle.com\/arcea\/wp-json\/wp\/v2\/media?parent=1524"}],"wp:term":[{"taxonomy":"product_brand","embeddable":true,"href":"https:\/\/www.vyrhelle.com\/arcea\/wp-json\/wp\/v2\/product_brand?post=1524"},{"taxonomy":"product_cat","embeddable":true,"href":"https:\/\/www.vyrhelle.com\/arcea\/wp-json\/wp\/v2\/product_cat?post=1524"},{"taxonomy":"product_tag","embeddable":true,"href":"https:\/\/www.vyrhelle.com\/arcea\/wp-json\/wp\/v2\/product_tag?post=1524"}],"curies":[{"name":"wp","href":"https:\/\/api.w.org\/{rel}","templated":true}]}}