{"id":1598,"date":"2020-04-11T13:47:18","date_gmt":"2020-04-11T12:47:18","guid":{"rendered":"https:\/\/www.vyrhelle.com\/blog\/?post_type=product&#038;p=1598"},"modified":"2026-03-06T19:19:05","modified_gmt":"2026-03-06T18:19:05","slug":"artbooks-le-pack-le-temps-dun-tango","status":"publish","type":"product","link":"https:\/\/www.vyrhelle.com\/arcea\/produit\/artbooks-le-pack-le-temps-dun-tango\/","title":{"rendered":"Artbooks, le pack &#8211; Le temps d&rsquo;un tango"},"content":{"rendered":"<h3>Pack exclusif web<\/h3>\n<p>Pack comprenant les deux artbooks <em>Le temps d&rsquo;un tango.<\/em><br \/>\nCarte exclusive A5 sous poche cellophane cristal, offerte dans chaque pack.<br \/>\nPack des deux artbooks pour \u00ab\u00a0Le temps d&rsquo;un tango\u00a0\u00bb disponibles en vente \u00e0 l&rsquo;unit\u00e9. Pour plus d&rsquo;informations, les fiches des artbooks \u00e0 l&rsquo;unit\u00e9 sont plus d\u00e9taill\u00e9es.<\/p>\n<h4>Descriptif:<\/h4>\n<p>2 x livres de 36 pages, couverture souple couleur, format 24&#215;16,5cm papier satin\u00e9 \u00e9pais.<\/p>\n","protected":false},"excerpt":{"rendered":"<p>Pack de 2 livrets d&rsquo;illustrations, 36 pages chacun.<br \/>\nCouverture couleur souple<br \/>\nFormat : 24&#215;16,5 cm, papier \u00e9pais, satin\u00e9.<br \/>\nTirage A5 exclusif offert<\/p>\n","protected":false},"featured_media":2930,"template":"","meta":{"jetpack_post_was_ever_published":false},"product_brand":[],"product_cat":[18],"product_tag":[],"class_list":{"0":"post-1598","1":"product","2":"type-product","3":"status-publish","4":"has-post-thumbnail","6":"product_cat-artbooks","7":"product_shipping_class-fdp_tango_pack","8":"post-preview","10":"first","11":"instock","12":"shipping-taxable","13":"purchasable","14":"product-type-simple"},"jetpack_sharing_enabled":true,"jetpack_likes_enabled":false,"_links":{"self":[{"href":"https:\/\/www.vyrhelle.com\/arcea\/wp-json\/wp\/v2\/product\/1598","targetHints":{"allow":["GET"]}}],"collection":[{"href":"https:\/\/www.vyrhelle.com\/arcea\/wp-json\/wp\/v2\/product"}],"about":[{"href":"https:\/\/www.vyrhelle.com\/arcea\/wp-json\/wp\/v2\/types\/product"}],"wp:featuredmedia":[{"embeddable":true,"href":"https:\/\/www.vyrhelle.com\/arcea\/wp-json\/wp\/v2\/media\/2930"}],"wp:attachment":[{"href":"https:\/\/www.vyrhelle.com\/arcea\/wp-json\/wp\/v2\/media?parent=1598"}],"wp:term":[{"taxonomy":"product_brand","embeddable":true,"href":"https:\/\/www.vyrhelle.com\/arcea\/wp-json\/wp\/v2\/product_brand?post=1598"},{"taxonomy":"product_cat","embeddable":true,"href":"https:\/\/www.vyrhelle.com\/arcea\/wp-json\/wp\/v2\/product_cat?post=1598"},{"taxonomy":"product_tag","embeddable":true,"href":"https:\/\/www.vyrhelle.com\/arcea\/wp-json\/wp\/v2\/product_tag?post=1598"}],"curies":[{"name":"wp","href":"https:\/\/api.w.org\/{rel}","templated":true}]}}