{"id":1821,"date":"2020-05-04T04:35:21","date_gmt":"2020-05-04T02:35:21","guid":{"rendered":"https:\/\/www.vyrhelle.com\/arcea\/?post_type=product&#038;p=1821"},"modified":"2026-03-06T19:11:57","modified_gmt":"2026-03-06T18:11:57","slug":"les-chroniques-darcea-le-pack-de-2-albums","status":"publish","type":"product","link":"https:\/\/www.vyrhelle.com\/arcea\/produit\/les-chroniques-darcea-le-pack-de-2-albums\/","title":{"rendered":"Les Chroniques d&rsquo;Arcea &#8211; Le pack de 2 albums au choix"},"content":{"rendered":"<h3><img data-recalc-dims=\"1\" loading=\"lazy\" decoding=\"async\" class=\"alignleft wp-image-1933\" src=\"https:\/\/i0.wp.com\/www.vyrhelle.com\/arcea\/wp-content\/uploads\/2020\/05\/presentation_pack2BD.jpg?resize=300%2C413&#038;ssl=1\" alt=\"\" width=\"300\" height=\"413\" srcset=\"https:\/\/i0.wp.com\/www.vyrhelle.com\/arcea\/wp-content\/uploads\/2020\/05\/presentation_pack2BD.jpg?w=400&amp;ssl=1 400w, https:\/\/i0.wp.com\/www.vyrhelle.com\/arcea\/wp-content\/uploads\/2020\/05\/presentation_pack2BD.jpg?resize=200%2C275&amp;ssl=1 200w, https:\/\/i0.wp.com\/www.vyrhelle.com\/arcea\/wp-content\/uploads\/2020\/05\/presentation_pack2BD.jpg?resize=145%2C200&amp;ssl=1 145w, https:\/\/i0.wp.com\/www.vyrhelle.com\/arcea\/wp-content\/uploads\/2020\/05\/presentation_pack2BD.jpg?resize=218%2C300&amp;ssl=1 218w\" sizes=\"auto, (max-width: 300px) 100vw, 300px\" \/>Et si vous pouviez choisir&#8230;<\/h3>\n<h4>Qu&rsquo;est-ce que ce pack a de sp\u00e9cial ?<\/h4>\n<p style=\"text-align: justify;\">Il est vrai que les quatre albums publi\u00e9s la s\u00e9rie sont disponibles \u00e0 l&rsquo;unit\u00e9 sur la boutique. Cependant, ce pack sp\u00e9cial a \u00e9t\u00e9 con\u00e7u pour permettre le petit plus qui r\u00e9compensera ceux qui commanderaient deux albums en m\u00eame temps. Cette option est plus int\u00e9ressante du c\u00f4t\u00e9 des frais de port, y compris pour commander deux exemplaires identiques, et en plus, ce pack va vous permettre de choisir un tirage A4 parmi quatre illustrations de la s\u00e9rie \u00ab\u00a0Entrelacs Celtiques\u00a0\u00bb. Et \u00e7a, c&rsquo;est totalement cadeau<span style=\"font-weight: 400;\">\u202f<\/span>!<\/p>\n<h4>Quid des albums ?<\/h4>\n<p style=\"text-align: justify;\">Pour en savoir plus sur les albums eux-m\u00eames, je vous invite \u00e0 consulter les fiches individuelles de chacun des trois tomes d\u00e9j\u00e0 parus. Ainsi que la section \u00ab\u00a0Les Livres\/les bandes dessin\u00e9es\u00a0\u00bb que vous trouverez ci-dessus, dans le menu principal du site.<\/p>\n<h4>Descriptif technique<\/h4>\n<p><strong>Pour les albums :<\/strong><\/p>\n<p>Album de bandes dessin\u00e9es couleur en papier satin\u00e9. Couverture rigide avec vernis s\u00e9lectif.<br \/>\nFormat : 17,5 x 25 cm environ.<\/p>\n<p><strong>Pour les tirages :<\/strong><\/p>\n<p>Impression en quadrichromie sur papier demi-mat \u00e9pais (250 gr\/m\u00b2)<\/p>\n","protected":false},"excerpt":{"rendered":"<p>Choisissez ci-dessous les <strong>deux albums<\/strong> des Chroniques d&rsquo;Arcea que vous d\u00e9sirez commander, ainsi que le<strong> tirage A4<\/strong> offert.<\/p>\n","protected":false},"featured_media":1932,"template":"","meta":{"jetpack_post_was_ever_published":false},"product_brand":[],"product_cat":[17],"product_tag":[],"class_list":{"0":"post-1821","1":"product","2":"type-product","3":"status-publish","4":"has-post-thumbnail","6":"product_cat-les-albums","7":"post-preview","9":"first","10":"instock","11":"shipping-taxable","12":"purchasable","13":"product-type-variable"},"jetpack_sharing_enabled":true,"jetpack_likes_enabled":false,"_links":{"self":[{"href":"https:\/\/www.vyrhelle.com\/arcea\/wp-json\/wp\/v2\/product\/1821","targetHints":{"allow":["GET"]}}],"collection":[{"href":"https:\/\/www.vyrhelle.com\/arcea\/wp-json\/wp\/v2\/product"}],"about":[{"href":"https:\/\/www.vyrhelle.com\/arcea\/wp-json\/wp\/v2\/types\/product"}],"wp:featuredmedia":[{"embeddable":true,"href":"https:\/\/www.vyrhelle.com\/arcea\/wp-json\/wp\/v2\/media\/1932"}],"wp:attachment":[{"href":"https:\/\/www.vyrhelle.com\/arcea\/wp-json\/wp\/v2\/media?parent=1821"}],"wp:term":[{"taxonomy":"product_brand","embeddable":true,"href":"https:\/\/www.vyrhelle.com\/arcea\/wp-json\/wp\/v2\/product_brand?post=1821"},{"taxonomy":"product_cat","embeddable":true,"href":"https:\/\/www.vyrhelle.com\/arcea\/wp-json\/wp\/v2\/product_cat?post=1821"},{"taxonomy":"product_tag","embeddable":true,"href":"https:\/\/www.vyrhelle.com\/arcea\/wp-json\/wp\/v2\/product_tag?post=1821"}],"curies":[{"name":"wp","href":"https:\/\/api.w.org\/{rel}","templated":true}]}}