{"id":1881,"date":"2020-05-04T05:21:00","date_gmt":"2020-05-04T03:21:00","guid":{"rendered":"https:\/\/www.vyrhelle.com\/arcea\/?post_type=product&#038;p=1881"},"modified":"2026-03-06T19:17:27","modified_gmt":"2026-03-06T18:17:27","slug":"le-pack-de-3-albums-au-choix","status":"publish","type":"product","link":"https:\/\/www.vyrhelle.com\/arcea\/produit\/le-pack-de-3-albums-au-choix\/","title":{"rendered":"Les Chroniques d&rsquo;Arcea &#8211; Le pack de 3 albums au choix"},"content":{"rendered":"<h4><img data-recalc-dims=\"1\" loading=\"lazy\" decoding=\"async\" class=\"alignleft wp-image-1928 size-full\" src=\"https:\/\/i0.wp.com\/www.vyrhelle.com\/arcea\/wp-content\/uploads\/2020\/05\/visuel_pack3albums.png?resize=587%2C700&#038;ssl=1\" alt=\"\" width=\"587\" height=\"700\" srcset=\"https:\/\/i0.wp.com\/www.vyrhelle.com\/arcea\/wp-content\/uploads\/2020\/05\/visuel_pack3albums.png?w=587&amp;ssl=1 587w, https:\/\/i0.wp.com\/www.vyrhelle.com\/arcea\/wp-content\/uploads\/2020\/05\/visuel_pack3albums.png?resize=200%2C239&amp;ssl=1 200w, https:\/\/i0.wp.com\/www.vyrhelle.com\/arcea\/wp-content\/uploads\/2020\/05\/visuel_pack3albums.png?resize=168%2C200&amp;ssl=1 168w, https:\/\/i0.wp.com\/www.vyrhelle.com\/arcea\/wp-content\/uploads\/2020\/05\/visuel_pack3albums.png?resize=252%2C300&amp;ssl=1 252w\" sizes=\"auto, (max-width: 587px) 100vw, 587px\" \/>Qu&rsquo;est-ce que ce pack a de sp\u00e9cial ?<\/h4>\n<p style=\"text-align: justify;\">Il est vrai, les trois albums publi\u00e9s des Chroniques d&rsquo;Arcea sont disponibles \u00e0 l&rsquo;unit\u00e9 sur la boutique. Cependant, ce pack sp\u00e9cial a \u00e9t\u00e9 con\u00e7u pour permettre le petit plus qui r\u00e9compensera ceux qui commanderaient les trois albums en m\u00eame temps. D\u00e9j\u00e0, c&rsquo;est int\u00e9ressant financi\u00e8rement parlant, car les frais de port ne sont pas tr\u00e8s diff\u00e9rents entre l&rsquo;envoi d&rsquo;un seul ou de trois albums en simultan\u00e9.\u00a0 Ensuite, ce pack inclut une petite remise sur le prix global et vous offre les quatre tirages A4\u00a0 des illustrations de la s\u00e9rie \u00ab\u00a0Entrelacs Celtiques\u00a0\u00bb et \u00e7a, c&rsquo;est totalement cadeau<span style=\"font-weight: 400;\">\u202f<\/span>!<\/p>\n<h4>Quid des albums ?<\/h4>\n<p style=\"text-align: justify;\">Pour en savoir plus sur les albums eux-m\u00eames, je vous invite \u00e0 consulter les fiches individuelles de chacun des trois tomes d\u00e9j\u00e0 parus. Ainsi que la section \u00ab\u00a0Les Livres\/les bandes dessin\u00e9es\u00a0\u00bb que vous trouverez ci-dessus, dans le menu principal du site.<\/p>\n<h4>Descriptif technique<\/h4>\n<p><strong>Pour les albums :<\/strong><\/p>\n<p>3 x albums de bandes dessin\u00e9es couleur en papier satin\u00e9. Couverture rigide avec vernis s\u00e9lectif.<br \/>\nFormat : 17,5 x 25 cm environ.<\/p>\n<p><strong>Pour les tirages A4 :<\/strong><\/p>\n<p>Impression en quadrichromie sur papier demi-mat \u00e9pais (250 gr\/m\u00b2) livr\u00e9s dans un blister en cellophane cristal.<\/p>\n","protected":false},"excerpt":{"rendered":"<p>Ce pack contient <strong>3 albums<\/strong> des Chroniques d&rsquo;Arcea, au choix.<br \/>\nInclus : <strong>4 tirages<\/strong> d&rsquo;illustrations A4 offerts.<\/p>\n","protected":false},"featured_media":1928,"template":"","meta":{"jetpack_post_was_ever_published":false},"product_brand":[],"product_cat":[17],"product_tag":[],"class_list":{"0":"post-1881","1":"product","2":"type-product","3":"status-publish","4":"has-post-thumbnail","6":"product_cat-les-albums","7":"product_shipping_class-fdp_packbd","8":"post-preview","10":"first","11":"instock","12":"shipping-taxable","13":"purchasable","14":"product-type-variable"},"jetpack_sharing_enabled":true,"jetpack_likes_enabled":false,"_links":{"self":[{"href":"https:\/\/www.vyrhelle.com\/arcea\/wp-json\/wp\/v2\/product\/1881","targetHints":{"allow":["GET"]}}],"collection":[{"href":"https:\/\/www.vyrhelle.com\/arcea\/wp-json\/wp\/v2\/product"}],"about":[{"href":"https:\/\/www.vyrhelle.com\/arcea\/wp-json\/wp\/v2\/types\/product"}],"wp:featuredmedia":[{"embeddable":true,"href":"https:\/\/www.vyrhelle.com\/arcea\/wp-json\/wp\/v2\/media\/1928"}],"wp:attachment":[{"href":"https:\/\/www.vyrhelle.com\/arcea\/wp-json\/wp\/v2\/media?parent=1881"}],"wp:term":[{"taxonomy":"product_brand","embeddable":true,"href":"https:\/\/www.vyrhelle.com\/arcea\/wp-json\/wp\/v2\/product_brand?post=1881"},{"taxonomy":"product_cat","embeddable":true,"href":"https:\/\/www.vyrhelle.com\/arcea\/wp-json\/wp\/v2\/product_cat?post=1881"},{"taxonomy":"product_tag","embeddable":true,"href":"https:\/\/www.vyrhelle.com\/arcea\/wp-json\/wp\/v2\/product_tag?post=1881"}],"curies":[{"name":"wp","href":"https:\/\/api.w.org\/{rel}","templated":true}]}}