{"id":2902,"date":"2022-10-22T03:29:34","date_gmt":"2022-10-22T01:29:34","guid":{"rendered":"https:\/\/www.vyrhelle.com\/arcea\/?post_type=product&#038;p=2902"},"modified":"2026-03-06T18:56:59","modified_gmt":"2026-03-06T17:56:59","slug":"tome-4-la-coupe","status":"publish","type":"product","link":"https:\/\/www.vyrhelle.com\/arcea\/produit\/tome-4-la-coupe\/","title":{"rendered":"Les Chroniques d\u2019Arcea \u2013 T.4"},"content":{"rendered":"<h3 style=\"text-align: justify;\">Quatri\u00e8me tome des Chroniques d\u2019Arcea.<\/h3>\n<h4 style=\"text-align: justify;\">L&rsquo;horizon s&rsquo;assombrit !<\/h4>\n<p style=\"text-align: justify;\">L&rsquo;\u00e9t\u00e9 fait place \u00e0 un automne gris et pluvieux. Loin de la paisible et lumineuse ville d&rsquo;Ausros d&rsquo;o\u00f9 ils sont partis, le vieux contient de Varen&rsquo;ka\u00a0accueille\u00a0les P\u00e8lerins dans une ambiance\u00a0bien moins agr\u00e9able. Venus retrouver une myst\u00e9rieuse Coupe dont ils ignorent m\u00eame l&rsquo;apparence, nos aventuriers savent\u00a0que leur mission est importante : la Coupe doit aider la Tour d&rsquo;Ausros \u00e0 mieux se prot\u00e9ger contre des menaces aussi r\u00e9elles que difficiles \u00e0 identifier&#8230; Pourtant, les esprits s&rsquo;agitent, le doute s&rsquo;installe et\u00a0des divergences se dessinent\u00a0alors qu&rsquo;il devient \u00e9vident que retrouver la Coupe n&rsquo;aura rien de simple.\u00a0Elwen, marqu\u00e9e par les \u00e9v\u00e8nements r\u00e9cents, montre plus qu&rsquo;aucun\u00a0autre P\u00e8lerin\u00a0des signes \u00e9vidents d&rsquo;un mal qui la ronge et d&rsquo;un esprit de moins en moins lucide. Mais personne ne peut imaginer que ce n&rsquo;est que le d\u00e9but d&rsquo;une lente descente aux enfers pour elle. Ni que\u00a0quelque chose se trame dans les brumes autour de Lieffelen\u00a0et que cela aura de lourdes cons\u00e9quences pour tout Arcea&#8230;<\/p>\n<h4 style=\"text-align: justify;\">Toujours le m\u00eame format unique.<\/h4>\n<p style=\"text-align: justify;\">Toujours en couverture rigide, avec vernis s\u00e9lectif, enti\u00e8rement en couleur, ce quatri\u00e8me tome reste dans un m\u00eame format que ces pr\u00e9d\u00e9cesseurs dans un m\u00eame esprit \u00ab\u00a0collection\u00a0\u00bb.<\/p>\n","protected":false},"excerpt":{"rendered":"<h5><strong>Album de bandes dessin\u00e9es couleur<br \/>\nCouverture rigide avec vernis s\u00e9lectif.<br \/>\nFormat : 17,5 x 25 cm environ.<\/strong><\/h5>\n<p>Attention, les aper\u00e7us des planches ci-contre peuvent \u00eatre un peu longs \u00e0 charger.<\/p>\n","protected":false},"featured_media":2903,"template":"","meta":{"jetpack_post_was_ever_published":false},"product_brand":[],"product_cat":[17],"product_tag":[],"class_list":{"0":"post-2902","1":"product","2":"type-product","3":"status-publish","4":"has-post-thumbnail","6":"product_cat-les-albums","7":"product_shipping_class-fdp_tome-4","8":"post-preview","10":"first","11":"instock","12":"shipping-taxable","13":"purchasable","14":"product-type-simple"},"jetpack_sharing_enabled":true,"jetpack_likes_enabled":false,"_links":{"self":[{"href":"https:\/\/www.vyrhelle.com\/arcea\/wp-json\/wp\/v2\/product\/2902","targetHints":{"allow":["GET"]}}],"collection":[{"href":"https:\/\/www.vyrhelle.com\/arcea\/wp-json\/wp\/v2\/product"}],"about":[{"href":"https:\/\/www.vyrhelle.com\/arcea\/wp-json\/wp\/v2\/types\/product"}],"wp:featuredmedia":[{"embeddable":true,"href":"https:\/\/www.vyrhelle.com\/arcea\/wp-json\/wp\/v2\/media\/2903"}],"wp:attachment":[{"href":"https:\/\/www.vyrhelle.com\/arcea\/wp-json\/wp\/v2\/media?parent=2902"}],"wp:term":[{"taxonomy":"product_brand","embeddable":true,"href":"https:\/\/www.vyrhelle.com\/arcea\/wp-json\/wp\/v2\/product_brand?post=2902"},{"taxonomy":"product_cat","embeddable":true,"href":"https:\/\/www.vyrhelle.com\/arcea\/wp-json\/wp\/v2\/product_cat?post=2902"},{"taxonomy":"product_tag","embeddable":true,"href":"https:\/\/www.vyrhelle.com\/arcea\/wp-json\/wp\/v2\/product_tag?post=2902"}],"curies":[{"name":"wp","href":"https:\/\/api.w.org\/{rel}","templated":true}]}}