{"id":2912,"date":"2022-10-22T04:52:29","date_gmt":"2022-10-22T02:52:29","guid":{"rendered":"https:\/\/www.vyrhelle.com\/arcea\/?post_type=product&#038;p=2912"},"modified":"2026-03-06T18:56:49","modified_gmt":"2026-03-06T17:56:49","slug":"artbook-sous-la-caresse-dun-pinceau","status":"publish","type":"product","link":"https:\/\/www.vyrhelle.com\/arcea\/produit\/artbook-sous-la-caresse-dun-pinceau\/","title":{"rendered":"Artbook &#8211; Sous la caresse d&rsquo;un pinceau"},"content":{"rendered":"<h3 style=\"text-align: justify;\">Premier artbook des Chroniques d\u2019Arcea.<\/h3>\n<h4 style=\"text-align: justify;\">Des oeuvres en techniques \u00ab\u00a0tradi\u00a0\u00bb<\/h4>\n<p style=\"text-align: justify;\">Terme de plus en plus utilis\u00e9 pour d\u00e9signer des illustrations classiques en opposition \u00e0 des r\u00e9alisations digitales, ce artbook est un recueil de pr\u00e8s de 80 illustrations enti\u00e8rement r\u00e9alis\u00e9es en techniques \u00ab\u00a0tradi\u00a0\u00bb. Aquarelles et feutres \u00e0 alcool sont les plus largement utilis\u00e9es.<br \/>\nCe livre rassemble des illustrations r\u00e9alis\u00e9es sur plusieurs ann\u00e9es autour des personnages d&rsquo;Arcea, dont plusieurs in\u00e9dites\u00a0 et publi\u00e9es pour la premi\u00e8re fois en version papier.<\/p>\n<h4 style=\"text-align: justify;\">Toujours le m\u00eame format unique.<\/h4>\n<p style=\"text-align: justify;\">Toujours dans un esprit \u00ab\u00a0collection\u00a0\u00bb, cet artbook pr\u00e9sente une couverture rigide, avec vernis s\u00e9lectif, enti\u00e8rement en couleur, au m\u00eame format que les albums BD.<\/p>\n","protected":false},"excerpt":{"rendered":"<h5><strong>Artbook couleur<br \/>\nCouverture rigide avec vernis s\u00e9lectif.<br \/>\nFormat : 17,5 x 25 cm environ<br \/>\n72 pages &#8211; 77 illustrations couleur<\/strong><\/h5>\n<p>Attention, les aper\u00e7us des images ci-contre peuvent \u00eatre un peu longs \u00e0 charger.<\/p>\n","protected":false},"featured_media":2913,"template":"","meta":{"jetpack_post_was_ever_published":false},"product_brand":[],"product_cat":[18],"product_tag":[],"class_list":{"0":"post-2912","1":"product","2":"type-product","3":"status-publish","4":"has-post-thumbnail","6":"product_cat-artbooks","7":"product_shipping_class-fdp_pinceau","8":"post-preview","10":"first","11":"instock","12":"shipping-taxable","13":"purchasable","14":"product-type-simple"},"jetpack_sharing_enabled":true,"jetpack_likes_enabled":false,"_links":{"self":[{"href":"https:\/\/www.vyrhelle.com\/arcea\/wp-json\/wp\/v2\/product\/2912","targetHints":{"allow":["GET"]}}],"collection":[{"href":"https:\/\/www.vyrhelle.com\/arcea\/wp-json\/wp\/v2\/product"}],"about":[{"href":"https:\/\/www.vyrhelle.com\/arcea\/wp-json\/wp\/v2\/types\/product"}],"wp:featuredmedia":[{"embeddable":true,"href":"https:\/\/www.vyrhelle.com\/arcea\/wp-json\/wp\/v2\/media\/2913"}],"wp:attachment":[{"href":"https:\/\/www.vyrhelle.com\/arcea\/wp-json\/wp\/v2\/media?parent=2912"}],"wp:term":[{"taxonomy":"product_brand","embeddable":true,"href":"https:\/\/www.vyrhelle.com\/arcea\/wp-json\/wp\/v2\/product_brand?post=2912"},{"taxonomy":"product_cat","embeddable":true,"href":"https:\/\/www.vyrhelle.com\/arcea\/wp-json\/wp\/v2\/product_cat?post=2912"},{"taxonomy":"product_tag","embeddable":true,"href":"https:\/\/www.vyrhelle.com\/arcea\/wp-json\/wp\/v2\/product_tag?post=2912"}],"curies":[{"name":"wp","href":"https:\/\/api.w.org\/{rel}","templated":true}]}}