{"id":3032,"date":"2023-06-07T19:12:06","date_gmt":"2023-06-07T17:12:06","guid":{"rendered":"https:\/\/www.vyrhelle.com\/arcea\/?post_type=product&#038;p=3032"},"modified":"2024-03-18T23:43:10","modified_gmt":"2024-03-18T22:43:10","slug":"le-temps-dun-tango-lintegrale-des-romans","status":"publish","type":"product","link":"https:\/\/www.vyrhelle.com\/arcea\/produit\/le-temps-dun-tango-lintegrale-des-romans\/","title":{"rendered":"Le temps d&rsquo;un tango &#8211; L&rsquo;int\u00e9grale des romans &#8211; en quantit\u00e9 limit\u00e9e !"},"content":{"rendered":"<p style=\"text-align: center;\"><iframe loading=\"lazy\" title=\"YouTube video player\" src=\"https:\/\/www.youtube.com\/embed\/kncxf_CfZBs\" width=\"560\" height=\"315\" frameborder=\"0\" allowfullscreen=\"allowfullscreen\"><\/iframe><\/p>\n<p style=\"text-align: justify;\">Apr\u00e8s une campagne Ulule financ\u00e9e avec succ\u00e8s \u00e0 450\u2009% et afin de permettre au plus grand nombre d&rsquo;avoir encore la possibilit\u00e9 de commander les livres, cette page sp\u00e9ciale a \u00e9t\u00e9 mise en place.<br \/>\nIl est donc d\u00e9sormais possible de commander l&rsquo;int\u00e9grale du roman \u00ab\u00a0Le temps d&rsquo;un tango\u00a0\u00bb et ce jusqu&rsquo;\u00e0 ce que le nombre de livres command\u00e9s chez l&rsquo;imprimeur soit d\u00e9finitivement \u00e9puis\u00e9. Parce que ensuite, les livres ne seront plus du tout disponibles !<br \/>\nD&rsquo;ici l\u00e0, chaque commande sera trait\u00e9e comme toutes les contributions Ulule avec un <strong>envoi \u00e0 partir de mars 2024<\/strong><br \/>\nCependant, cette vente <strong>propose des options plus limit\u00e9es que lors de la campagne Ulule ( ni coffret luxe, ni d\u00e9dicaces, ni signatures, ni d&rsquo;originaux )<\/strong>. Il s&rsquo;agit de l&rsquo;\u00e9quivalent du pack classique, le pack de base disponible sur Ulule.<\/p>\n<p style=\"text-align: center;\"><img data-recalc-dims=\"1\" loading=\"lazy\" decoding=\"async\" class=\"aligncenter size-thumbnail wp-image-3038\" src=\"https:\/\/i0.wp.com\/www.vyrhelle.com\/arcea\/wp-content\/uploads\/2023\/06\/logo_keranor.png?resize=150%2C57&#038;ssl=1\" alt=\"\" width=\"150\" height=\"57\" srcset=\"https:\/\/i0.wp.com\/www.vyrhelle.com\/arcea\/wp-content\/uploads\/2023\/06\/logo_keranor.png?resize=150%2C57&amp;ssl=1 150w, https:\/\/i0.wp.com\/www.vyrhelle.com\/arcea\/wp-content\/uploads\/2023\/06\/logo_keranor.png?resize=200%2C76&amp;ssl=1 200w, https:\/\/i0.wp.com\/www.vyrhelle.com\/arcea\/wp-content\/uploads\/2023\/06\/logo_keranor.png?w=225&amp;ssl=1 225w\" sizes=\"auto, (max-width: 150px) 100vw, 150px\" \/><\/p>\n<h4><strong>D\u00e9tails<\/strong><\/h4>\n<ul>\n<li><strong>TROIS<\/strong> livres au <strong>grand format<\/strong>\u00a0fixe de 16,5 x 24,5 cm<\/li>\n<li>Environ <strong>700 pages par livre<\/strong>\u00a0et plus de\u00a0<strong>180 illustrations\u00a0<\/strong>pour l&rsquo;ensemble du r\u00e9cit !<\/li>\n<li><strong>Int\u00e9rieur noir et blanc<\/strong>, suivant un choix graphique d\u00e9lib\u00e9r\u00e9<\/li>\n<li>Couverture <strong>rigide<\/strong><\/li>\n<li>un <strong>marque-page\/livret<\/strong> contenant des annexes utiles \u00e0 la lecture <strong>offert<\/strong> !<\/li>\n<\/ul>\n<p style=\"text-align: justify;\"><strong>Destin\u00e9 \u00e0 un public adulte<\/strong>, ces romans incluent des sc\u00e8nes d&rsquo;intimit\u00e9. Diverses th\u00e9matiques difficiles comme le deuil, le suicide, la d\u00e9pression et plusieurs formes de violence sont \u00e9galement abord\u00e9es tout au long du r\u00e9cit. Nous pr\u00e9f\u00e9rons avertir qu&rsquo;elles pourraient heurter la sensibilit\u00e9 de certains lecteurs.<\/p>\n<p style=\"text-align: center;\"><img data-recalc-dims=\"1\" loading=\"lazy\" decoding=\"async\" class=\"aligncenter size-thumbnail wp-image-3038\" src=\"https:\/\/i0.wp.com\/www.vyrhelle.com\/arcea\/wp-content\/uploads\/2023\/06\/logo_keranor.png?resize=150%2C57&#038;ssl=1\" alt=\"\" width=\"150\" height=\"57\" srcset=\"https:\/\/i0.wp.com\/www.vyrhelle.com\/arcea\/wp-content\/uploads\/2023\/06\/logo_keranor.png?resize=150%2C57&amp;ssl=1 150w, https:\/\/i0.wp.com\/www.vyrhelle.com\/arcea\/wp-content\/uploads\/2023\/06\/logo_keranor.png?resize=200%2C76&amp;ssl=1 200w, https:\/\/i0.wp.com\/www.vyrhelle.com\/arcea\/wp-content\/uploads\/2023\/06\/logo_keranor.png?w=225&amp;ssl=1 225w\" sizes=\"auto, (max-width: 150px) 100vw, 150px\" \/><\/p>\n<h4 style=\"text-align: justify;\">L&rsquo;Histoire :<\/h4>\n<p style=\"text-align: justify;\">Au sein du continent du Creuset, les Seigneurs et les Dames composent l&rsquo;\u00e9lite de tous les pays car ils forment le minuscule pourcentage de la population capable de ressentir et d&rsquo;utiliser la R\u00e9sonance, la vibration de l&rsquo;\u00e9nergie des Mondes.<\/p>\n<p style=\"text-align: justify;\">C\u00e9lia Avonis, jeune Dame du 4\u1d49 Cercle, se rend \u00e0 la capitale du pays de Keranor, pour acqu\u00e9rir les comp\u00e9tences n\u00e9cessaires \u00e0 son enqu\u00eate sur l&rsquo;assassinat de son p\u00e8re. Sur sa route, elle rencontre Sean Moonshade qui, comme elle, est assoiff\u00e9 d&rsquo;ind\u00e9pendance, bon danseur et un passionn\u00e9 d&rsquo;armes \u00e0 feu. Mais, il est aussi et surtout le seul h\u00e9ritier des puissants et redout\u00e9s Ducs d&rsquo;Umbras&#8230;<\/p>\n<p style=\"text-align: justify;\">Dans un monde o\u00f9 tr\u00e9bucher peut \u00eatre fatal, poursuivre ses id\u00e9aux, prot\u00e9ger les siens, lutter pour sa libert\u00e9 et sa survie, tout s&rsquo;av\u00e8re \u00eatre un long parcours sem\u00e9 d&#8217;emb\u00fbches. Un monde o\u00f9, plus les pouvoirs sont grands, plus la lutte est difficile. Alors au final, pourront-ils trouver leur juste place ? Et si la r\u00e9ponse se trouvait de l&rsquo;Autre C\u00f4t\u00e9, dans cet ailleurs dont beaucoup pr\u00e9f\u00e8rent oublier l&rsquo;existence ?<\/p>\n<p style=\"text-align: justify;\">Autant r\u00e9cit d&rsquo;aventure, d&rsquo;enqu\u00eate, d&rsquo;intrigues politiques que de romance, le Temps d&rsquo;un tango, c&rsquo;est l&rsquo;histoire d&rsquo;une rencontre qui changera plusieurs destin\u00e9es. Quelques pas de danse qui amorceront un voyage qui vous m\u00e8nera aux quatre coins du Creuset, vers des dangers insoup\u00e7onn\u00e9s, des civilisations fantastiques et anachroniques. Voire plus loin encore&#8230;<\/p>\n<h4>Extrait en lecture libre :<\/h4>\n<div style=\"text-align: center;\">\n<div style=\"margin: 8px 0px 4px;\"><a href=\"https:\/\/www.calameo.com\/books\/00728330529c2a1744515\" target=\"_blank\" rel=\"noopener\">Le temps d&rsquo;un tango &#8211; premiers chapitres<\/a><\/div>\n<p><iframe loading=\"lazy\" style=\"margin: 0 auto;\" src=\"\/\/v.calameo.com\/?bkcode=00728330529c2a1744515\" width=\"300\" height=\"194\" frameborder=\"0\" scrolling=\"no\" allowfullscreen=\"allowfullscreen\"><\/iframe><\/p>\n<\/div>\n<div>Pour plus d&rsquo;informations, je vous invite \u00e0 aller sur <strong><a href=\"https:\/\/fr.ulule.com\/letempsduntango\/\">la page de la campagne Ulule<\/a> <\/strong>o\u00f9 vous trouverez plus de visuels et plus de pr\u00e9cisions sur les livres et l&rsquo;histoire.<\/div>\n","protected":false},"excerpt":{"rendered":"<p>L&rsquo;int\u00e9grale des trois romans illustr\u00e9s<br \/>\net son marque-page\/livret en bonus !<\/p>\n","protected":false},"featured_media":3034,"template":"","meta":{"jetpack_post_was_ever_published":false},"product_brand":[],"product_cat":[19,89],"product_tag":[],"class_list":{"0":"post-3032","1":"product","2":"type-product","3":"status-publish","4":"has-post-thumbnail","6":"product_cat-preventes","7":"product_cat-romans","8":"product_shipping_class-fdp_tango_pack","9":"post-preview","11":"first","12":"instock","13":"shipping-taxable","14":"purchasable","15":"product-type-simple"},"jetpack_sharing_enabled":true,"jetpack_likes_enabled":false,"_links":{"self":[{"href":"https:\/\/www.vyrhelle.com\/arcea\/wp-json\/wp\/v2\/product\/3032","targetHints":{"allow":["GET"]}}],"collection":[{"href":"https:\/\/www.vyrhelle.com\/arcea\/wp-json\/wp\/v2\/product"}],"about":[{"href":"https:\/\/www.vyrhelle.com\/arcea\/wp-json\/wp\/v2\/types\/product"}],"wp:featuredmedia":[{"embeddable":true,"href":"https:\/\/www.vyrhelle.com\/arcea\/wp-json\/wp\/v2\/media\/3034"}],"wp:attachment":[{"href":"https:\/\/www.vyrhelle.com\/arcea\/wp-json\/wp\/v2\/media?parent=3032"}],"wp:term":[{"taxonomy":"product_brand","embeddable":true,"href":"https:\/\/www.vyrhelle.com\/arcea\/wp-json\/wp\/v2\/product_brand?post=3032"},{"taxonomy":"product_cat","embeddable":true,"href":"https:\/\/www.vyrhelle.com\/arcea\/wp-json\/wp\/v2\/product_cat?post=3032"},{"taxonomy":"product_tag","embeddable":true,"href":"https:\/\/www.vyrhelle.com\/arcea\/wp-json\/wp\/v2\/product_tag?post=3032"}],"curies":[{"name":"wp","href":"https:\/\/api.w.org\/{rel}","templated":true}]}}